{"id":2214,"date":"2024-12-16T05:55:11","date_gmt":"2024-12-16T05:55:11","guid":{"rendered":"https:\/\/researchnb.ca\/impact\/"},"modified":"2025-03-14T14:36:00","modified_gmt":"2025-03-14T14:36:00","slug":"impact","status":"publish","type":"page","link":"https:\/\/researchnb.ca\/fr\/impact\/","title":{"rendered":"Impact"},"content":{"rendered":"\n<h2>\n\t\tIMPACT\n\t<\/h2>\n<h2>\n\t\tL&rsquo;impact transformateur de la recherche au Nouveau-Brunswick\n\t<\/h2>\n<h2>\n\t\tD\u00e9couvrez nos secteurs prioritaires.\n\t<\/h2>\n\t\t\t\t<img loading=\"lazy\" decoding=\"async\" src=\"https:\/\/researchnb.ca\/wp-content\/uploads\/2024\/12\/Group-74-4.svg\" alt=\"Group 74\" itemprop=\"image\" height=\"114\" width=\"114\" title=\"Group 74\" onerror=\"this.style.display='none'\"  \/>\n<h2>\n\t\tSant\u00e9\n\t<\/h2>\n\t<p>Le secteur met l&rsquo;accent sur les soins de proximit\u00e9, les solutions innovantes en mati\u00e8re de sant\u00e9 et la recherche collaborative, en mettant l&rsquo;accent sur la pr\u00e9vention, les soins primaires et le soutien aux populations vieillissantes.<\/p>\n\t\t\t<a href=\"https:\/\/researchnb.ca\/fr\/impact\/health\/\" target=\"_self\">\n\t\t\t\t\t\t\tImpact\n\t\t\t\t\t<\/a>\n\t\t\t\t<img loading=\"lazy\" decoding=\"async\" src=\"https:\/\/researchnb.ca\/wp-content\/uploads\/2024\/12\/medical-team-working-on-digital-tablet-healthcare-2024-09-04-16-36-48-utc.png\" alt=\"medical-team-working-on-digital-tablet-healthcare-2024-09-04-16-36-48-utc\" itemprop=\"image\" height=\"462\" width=\"705\" title=\"medical-team-working-on-digital-tablet-healthcare-2024-09-04-16-36-48-utc\" onerror=\"this.style.display='none'\"  \/>\n\t\t\t\t<img loading=\"lazy\" decoding=\"async\" src=\"https:\/\/researchnb.ca\/wp-content\/uploads\/2024\/12\/engineers-working-on-wind-farms-for-renewable-ener-2023-11-27-05-00-54-utc.png\" alt=\"engineers-working-on-wind-farms-for-renewable-ener-2023-11-27-05-00-54-utc\" itemprop=\"image\" height=\"462\" width=\"705\" title=\"engineers-working-on-wind-farms-for-renewable-ener-2023-11-27-05-00-54-utc\" onerror=\"this.style.display='none'\"  \/>\n\t\t\t\t<img loading=\"lazy\" decoding=\"async\" src=\"https:\/\/researchnb.ca\/wp-content\/uploads\/2024\/12\/Group-1033.svg\" alt=\"Group 1033\" itemprop=\"image\" height=\"114\" width=\"114\" title=\"Group 1033\" onerror=\"this.style.display='none'\"  \/>\n<h2>\n\t\t\u00c9nergie\n\t<\/h2>\n\t<p>L&rsquo;\u00e9cosyst\u00e8me de recherche \u00e9nerg\u00e9tique du Nouveau-Brunswick est un r\u00e9seau collaboratif de chercheurs, d&rsquo;organismes gouvernementaux, de partenaires industriels et d&rsquo;organisations communautaires qui s&rsquo;efforcent de faire progresser l&rsquo;innovation et la durabilit\u00e9 dans le domaine de l&rsquo;\u00e9nergie.<\/p>\n\t\t\t<a href=\"https:\/\/researchnb.ca\/fr\/impact\/energy\/\" target=\"_self\">\n\t\t\t\t\t\t\tImpact\n\t\t\t\t\t<\/a>\n\t\t\t\t<img loading=\"lazy\" decoding=\"async\" src=\"https:\/\/researchnb.ca\/wp-content\/uploads\/2024\/12\/Group-1034.svg\" alt=\"Group 1034\" itemprop=\"image\" height=\"114\" width=\"114\" title=\"Group 1034\" onerror=\"this.style.display='none'\"  \/>\n<h2>\n\t\tForesterie\n\t<\/h2>\n\t<p>Le secteur forestier m\u00e8ne des recherches dans des domaines tels que l&rsquo;\u00e9cologie foresti\u00e8re, l&rsquo;adaptation au changement climatique et les pratiques d&rsquo;exploitation durable.<\/p>\n\t\t\t<a href=\"https:\/\/researchnb.ca\/fr\/impact\/forestry\/\" target=\"_self\">\n\t\t\t\t\t\t\tImpact\n\t\t\t\t\t<\/a>\n\t\t\t\t<img loading=\"lazy\" decoding=\"async\" src=\"https:\/\/researchnb.ca\/wp-content\/uploads\/2024\/12\/heavy-equipment-loading-huge-logs-in-a-trailer-2023-11-27-05-25-57-utc.png\" alt=\"heavy-equipment-loading-huge-logs-in-a-trailer-2023-11-27-05-25-57-utc\" itemprop=\"image\" height=\"462\" width=\"705\" title=\"heavy-equipment-loading-huge-logs-in-a-trailer-2023-11-27-05-25-57-utc\" onerror=\"this.style.display='none'\"  \/>\n\t\t\t\t<img loading=\"lazy\" decoding=\"async\" src=\"https:\/\/researchnb.ca\/wp-content\/uploads\/2024\/12\/aerial-view-of-a-rocky-shore-on-the-atlantic-ocean-2023-11-27-05-11-33-utc.png\" alt=\"aerial-view-of-a-rocky-shore-on-the-atlantic-ocean-2023-11-27-05-11-33-utc\" itemprop=\"image\" height=\"462\" width=\"705\" title=\"aerial-view-of-a-rocky-shore-on-the-atlantic-ocean-2023-11-27-05-11-33-utc\" onerror=\"this.style.display='none'\"  \/>\n\t\t\t\t<img loading=\"lazy\" decoding=\"async\" src=\"https:\/\/researchnb.ca\/wp-content\/uploads\/2024\/12\/Group-1035.svg\" alt=\"Group 1035\" itemprop=\"image\" height=\"114\" width=\"114\" title=\"Group 1035\" onerror=\"this.style.display='none'\"  \/>\n<h2>\n\t\tOc\u00e9ans\n\t<\/h2>\n\t<p>L&rsquo;\u00e9cosyst\u00e8me de recherche oc\u00e9anique du Nouveau-Brunswick est un r\u00e9seau collaboratif de chercheurs, d&rsquo;organismes gouvernementaux, de partenaires industriels et d&rsquo;organisations communautaires qui se consacrent \u00e0 l&rsquo;avancement des sciences marines et \u00e0 la gestion durable des oc\u00e9ans.<\/p>\n\t\t\t<a href=\"https:\/\/researchnb.ca\/fr\/impact\/oceans\/\" target=\"_self\">\n\t\t\t\t\t\t\tImpact\n\t\t\t\t\t<\/a>\n\t\t\t\t<img loading=\"lazy\" decoding=\"async\" src=\"https:\/\/researchnb.ca\/wp-content\/uploads\/2024\/12\/Group-1036.svg\" alt=\"Group 1036\" itemprop=\"image\" height=\"114\" width=\"114\" title=\"Group 1036\" onerror=\"this.style.display='none'\"  \/>\n<h2>\n\t\tAgriculture\n\t<\/h2>\n\t<p>Le secteur de l&rsquo;agriculture met l&rsquo;accent sur les avanc\u00e9es technologiques, telles que l&rsquo;agriculture num\u00e9rique, afin d&rsquo;optimiser la gestion et la productivit\u00e9 des exploitations agricoles.<\/p>\n\t\t\t<a href=\"https:\/\/researchnb.ca\/fr\/impact\/agriculture\/\" target=\"_self\">\n\t\t\t\t\t\t\tImpact\n\t\t\t\t\t<\/a>\n\t\t\t\t<img loading=\"lazy\" decoding=\"async\" src=\"https:\/\/researchnb.ca\/wp-content\/uploads\/2024\/12\/i-give-to-the-farm-and-the-farm-gives-back-2024-09-25-18-58-18-utc.png\" alt=\"i-give-to-the-farm-and-the-farm-gives-back-2024-09-25-18-58-18-utc\" itemprop=\"image\" height=\"462\" width=\"705\" title=\"i-give-to-the-farm-and-the-farm-gives-back-2024-09-25-18-58-18-utc\" onerror=\"this.style.display='none'\"  \/>\n\n","protected":false},"excerpt":{"rendered":"<p>IMPACT L&rsquo;impact transformateur de la recherche au Nouveau-Brunswick D\u00e9couvrez nos secteurs prioritaires. Sant\u00e9 Le secteur met l&rsquo;accent sur les soins de proximit\u00e9, les solutions innovantes en mati\u00e8re de sant\u00e9 et&hellip;<\/p>\n","protected":false},"author":1,"featured_media":2079,"parent":0,"menu_order":58,"comment_status":"closed","ping_status":"closed","template":"","meta":{"_acf_changed":false,"footnotes":""},"class_list":["post-2214","page","type-page","status-publish","has-post-thumbnail","hentry"],"acf":[],"yoast_head":"<!-- This site is optimized with the Yoast SEO plugin v27.3 - https:\/\/yoast.com\/product\/yoast-seo-wordpress\/ -->\n<title>Impact - ResearchNB<\/title>\n<meta name=\"robots\" content=\"index, follow, max-snippet:-1, max-image-preview:large, max-video-preview:-1\" \/>\n<link rel=\"canonical\" href=\"https:\/\/researchnb.ca\/fr\/impact\/\" \/>\n<meta property=\"og:locale\" content=\"fr_FR\" \/>\n<meta property=\"og:type\" content=\"article\" \/>\n<meta property=\"og:title\" content=\"Impact - ResearchNB\" \/>\n<meta property=\"og:description\" content=\"IMPACT L&rsquo;impact transformateur de la recherche au Nouveau-Brunswick D\u00e9couvrez nos secteurs prioritaires. Sant\u00e9 Le secteur met l&rsquo;accent sur les soins de proximit\u00e9, les solutions innovantes en mati\u00e8re de sant\u00e9 et&hellip;\" \/>\n<meta property=\"og:url\" content=\"https:\/\/researchnb.ca\/fr\/impact\/\" \/>\n<meta property=\"og:site_name\" content=\"ResearchNB\" \/>\n<meta property=\"article:publisher\" content=\"https:\/\/www.facebook.com\/ResearchNB\" \/>\n<meta property=\"article:modified_time\" content=\"2025-03-14T14:36:00+00:00\" \/>\n<meta property=\"og:image\" content=\"https:\/\/researchnb.ca\/wp-content\/uploads\/2025\/02\/Group-305.png\" \/>\n\t<meta property=\"og:image:width\" content=\"1062\" \/>\n\t<meta property=\"og:image:height\" content=\"1348\" \/>\n\t<meta property=\"og:image:type\" content=\"image\/png\" \/>\n<meta name=\"twitter:card\" content=\"summary_large_image\" \/>\n<meta name=\"twitter:label1\" content=\"Dur\u00e9e de lecture estim\u00e9e\" \/>\n\t<meta name=\"twitter:data1\" content=\"1 minute\" \/>\n<script type=\"application\/ld+json\" class=\"yoast-schema-graph\">{\"@context\":\"https:\\\/\\\/schema.org\",\"@graph\":[{\"@type\":\"WebPage\",\"@id\":\"https:\\\/\\\/researchnb.ca\\\/fr\\\/impact\\\/\",\"url\":\"https:\\\/\\\/researchnb.ca\\\/fr\\\/impact\\\/\",\"name\":\"Impact - ResearchNB\",\"isPartOf\":{\"@id\":\"https:\\\/\\\/researchnb.ca\\\/#website\"},\"primaryImageOfPage\":{\"@id\":\"https:\\\/\\\/researchnb.ca\\\/fr\\\/impact\\\/#primaryimage\"},\"image\":{\"@id\":\"https:\\\/\\\/researchnb.ca\\\/fr\\\/impact\\\/#primaryimage\"},\"thumbnailUrl\":\"https:\\\/\\\/researchnb.ca\\\/wp-content\\\/uploads\\\/2025\\\/02\\\/Group-305.png\",\"datePublished\":\"2024-12-16T05:55:11+00:00\",\"dateModified\":\"2025-03-14T14:36:00+00:00\",\"breadcrumb\":{\"@id\":\"https:\\\/\\\/researchnb.ca\\\/fr\\\/impact\\\/#breadcrumb\"},\"inLanguage\":\"fr-FR\",\"potentialAction\":[{\"@type\":\"ReadAction\",\"target\":[\"https:\\\/\\\/researchnb.ca\\\/fr\\\/impact\\\/\"]}]},{\"@type\":\"ImageObject\",\"inLanguage\":\"fr-FR\",\"@id\":\"https:\\\/\\\/researchnb.ca\\\/fr\\\/impact\\\/#primaryimage\",\"url\":\"https:\\\/\\\/researchnb.ca\\\/wp-content\\\/uploads\\\/2025\\\/02\\\/Group-305.png\",\"contentUrl\":\"https:\\\/\\\/researchnb.ca\\\/wp-content\\\/uploads\\\/2025\\\/02\\\/Group-305.png\",\"width\":1062,\"height\":1348},{\"@type\":\"BreadcrumbList\",\"@id\":\"https:\\\/\\\/researchnb.ca\\\/fr\\\/impact\\\/#breadcrumb\",\"itemListElement\":[{\"@type\":\"ListItem\",\"position\":1,\"name\":\"Home\",\"item\":\"https:\\\/\\\/researchnb.ca\\\/fr\\\/\"},{\"@type\":\"ListItem\",\"position\":2,\"name\":\"Impact\"}]},{\"@type\":\"WebSite\",\"@id\":\"https:\\\/\\\/researchnb.ca\\\/#website\",\"url\":\"https:\\\/\\\/researchnb.ca\\\/\",\"name\":\"Research NB\",\"description\":\"Research and innovation for a thriving New Brunswick.\",\"publisher\":{\"@id\":\"https:\\\/\\\/researchnb.ca\\\/#organization\"},\"potentialAction\":[{\"@type\":\"SearchAction\",\"target\":{\"@type\":\"EntryPoint\",\"urlTemplate\":\"https:\\\/\\\/researchnb.ca\\\/?s={search_term_string}\"},\"query-input\":{\"@type\":\"PropertyValueSpecification\",\"valueRequired\":true,\"valueName\":\"search_term_string\"}}],\"inLanguage\":\"fr-FR\"},{\"@type\":\"Organization\",\"@id\":\"https:\\\/\\\/researchnb.ca\\\/#organization\",\"name\":\"Research NB\",\"url\":\"https:\\\/\\\/researchnb.ca\\\/\",\"logo\":{\"@type\":\"ImageObject\",\"inLanguage\":\"fr-FR\",\"@id\":\"https:\\\/\\\/researchnb.ca\\\/#\\\/schema\\\/logo\\\/image\\\/\",\"url\":\"https:\\\/\\\/researchnb.ca\\\/wp-content\\\/uploads\\\/2024\\\/11\\\/Group-2.svg\",\"contentUrl\":\"https:\\\/\\\/researchnb.ca\\\/wp-content\\\/uploads\\\/2024\\\/11\\\/Group-2.svg\",\"width\":127,\"height\":89,\"caption\":\"Research NB\"},\"image\":{\"@id\":\"https:\\\/\\\/researchnb.ca\\\/#\\\/schema\\\/logo\\\/image\\\/\"},\"sameAs\":[\"https:\\\/\\\/www.facebook.com\\\/ResearchNB\"]}]}<\/script>\n<!-- \/ Yoast SEO plugin. -->","yoast_head_json":{"title":"Impact - ResearchNB","robots":{"index":"index","follow":"follow","max-snippet":"max-snippet:-1","max-image-preview":"max-image-preview:large","max-video-preview":"max-video-preview:-1"},"canonical":"https:\/\/researchnb.ca\/fr\/impact\/","og_locale":"fr_FR","og_type":"article","og_title":"Impact - ResearchNB","og_description":"IMPACT L&rsquo;impact transformateur de la recherche au Nouveau-Brunswick D\u00e9couvrez nos secteurs prioritaires. Sant\u00e9 Le secteur met l&rsquo;accent sur les soins de proximit\u00e9, les solutions innovantes en mati\u00e8re de sant\u00e9 et&hellip;","og_url":"https:\/\/researchnb.ca\/fr\/impact\/","og_site_name":"ResearchNB","article_publisher":"https:\/\/www.facebook.com\/ResearchNB","article_modified_time":"2025-03-14T14:36:00+00:00","og_image":[{"width":1062,"height":1348,"url":"https:\/\/researchnb.ca\/wp-content\/uploads\/2025\/02\/Group-305.png","type":"image\/png"}],"twitter_card":"summary_large_image","twitter_misc":{"Dur\u00e9e de lecture estim\u00e9e":"1 minute"},"schema":{"@context":"https:\/\/schema.org","@graph":[{"@type":"WebPage","@id":"https:\/\/researchnb.ca\/fr\/impact\/","url":"https:\/\/researchnb.ca\/fr\/impact\/","name":"Impact - ResearchNB","isPartOf":{"@id":"https:\/\/researchnb.ca\/#website"},"primaryImageOfPage":{"@id":"https:\/\/researchnb.ca\/fr\/impact\/#primaryimage"},"image":{"@id":"https:\/\/researchnb.ca\/fr\/impact\/#primaryimage"},"thumbnailUrl":"https:\/\/researchnb.ca\/wp-content\/uploads\/2025\/02\/Group-305.png","datePublished":"2024-12-16T05:55:11+00:00","dateModified":"2025-03-14T14:36:00+00:00","breadcrumb":{"@id":"https:\/\/researchnb.ca\/fr\/impact\/#breadcrumb"},"inLanguage":"fr-FR","potentialAction":[{"@type":"ReadAction","target":["https:\/\/researchnb.ca\/fr\/impact\/"]}]},{"@type":"ImageObject","inLanguage":"fr-FR","@id":"https:\/\/researchnb.ca\/fr\/impact\/#primaryimage","url":"https:\/\/researchnb.ca\/wp-content\/uploads\/2025\/02\/Group-305.png","contentUrl":"https:\/\/researchnb.ca\/wp-content\/uploads\/2025\/02\/Group-305.png","width":1062,"height":1348},{"@type":"BreadcrumbList","@id":"https:\/\/researchnb.ca\/fr\/impact\/#breadcrumb","itemListElement":[{"@type":"ListItem","position":1,"name":"Home","item":"https:\/\/researchnb.ca\/fr\/"},{"@type":"ListItem","position":2,"name":"Impact"}]},{"@type":"WebSite","@id":"https:\/\/researchnb.ca\/#website","url":"https:\/\/researchnb.ca\/","name":"Research NB","description":"Research and innovation for a thriving New Brunswick.","publisher":{"@id":"https:\/\/researchnb.ca\/#organization"},"potentialAction":[{"@type":"SearchAction","target":{"@type":"EntryPoint","urlTemplate":"https:\/\/researchnb.ca\/?s={search_term_string}"},"query-input":{"@type":"PropertyValueSpecification","valueRequired":true,"valueName":"search_term_string"}}],"inLanguage":"fr-FR"},{"@type":"Organization","@id":"https:\/\/researchnb.ca\/#organization","name":"Research NB","url":"https:\/\/researchnb.ca\/","logo":{"@type":"ImageObject","inLanguage":"fr-FR","@id":"https:\/\/researchnb.ca\/#\/schema\/logo\/image\/","url":"https:\/\/researchnb.ca\/wp-content\/uploads\/2024\/11\/Group-2.svg","contentUrl":"https:\/\/researchnb.ca\/wp-content\/uploads\/2024\/11\/Group-2.svg","width":127,"height":89,"caption":"Research NB"},"image":{"@id":"https:\/\/researchnb.ca\/#\/schema\/logo\/image\/"},"sameAs":["https:\/\/www.facebook.com\/ResearchNB"]}]}},"_links":{"self":[{"href":"https:\/\/researchnb.ca\/fr\/wp-json\/wp\/v2\/pages\/2214","targetHints":{"allow":["GET"]}}],"collection":[{"href":"https:\/\/researchnb.ca\/fr\/wp-json\/wp\/v2\/pages"}],"about":[{"href":"https:\/\/researchnb.ca\/fr\/wp-json\/wp\/v2\/types\/page"}],"author":[{"embeddable":true,"href":"https:\/\/researchnb.ca\/fr\/wp-json\/wp\/v2\/users\/1"}],"replies":[{"embeddable":true,"href":"https:\/\/researchnb.ca\/fr\/wp-json\/wp\/v2\/comments?post=2214"}],"version-history":[{"count":3,"href":"https:\/\/researchnb.ca\/fr\/wp-json\/wp\/v2\/pages\/2214\/revisions"}],"predecessor-version":[{"id":3121,"href":"https:\/\/researchnb.ca\/fr\/wp-json\/wp\/v2\/pages\/2214\/revisions\/3121"}],"wp:featuredmedia":[{"embeddable":true,"href":"https:\/\/researchnb.ca\/fr\/wp-json\/wp\/v2\/media\/2079"}],"wp:attachment":[{"href":"https:\/\/researchnb.ca\/fr\/wp-json\/wp\/v2\/media?parent=2214"}],"curies":[{"name":"wp","href":"https:\/\/api.w.org\/{rel}","templated":true}]}}