{"id":2215,"date":"2024-12-16T10:16:32","date_gmt":"2024-12-16T10:16:32","guid":{"rendered":"https:\/\/researchnb.ca\/impact\/agriculture\/"},"modified":"2026-02-10T01:25:44","modified_gmt":"2026-02-10T01:25:44","slug":"agriculture","status":"publish","type":"page","link":"https:\/\/researchnb.ca\/fr\/impact\/agriculture\/","title":{"rendered":"Agriculture"},"content":{"rendered":"\n\n\t <div class=\"breadcrumb-container theme1\">\n           <ol>\n                            <\/ol>\n\n                    <\/div>    <script type=\"application\/ld+json\">\n        {\n            \"@context\": \"http:\/\/schema.org\",\n            \"@type\": \"BreadcrumbList\",\n            \"itemListElement\": [\n                            ]\n        }\n    <\/script>\n   \n    <script>\n            <\/script>\n<nav aria-label=\"breadcrumbs\">\n            <div class=\"breadcrumb-container theme1\">\n                <ol>\n                                    <\/ol>\n            <\/div>\n        <\/nav>    <script type=\"application\/ld+json\">\n        {\n            \"@context\": \"http:\/\/schema.org\",\n            \"@type\": \"BreadcrumbList\",\n            \"itemListElement\": [\n                            ]\n        }\n    <\/script>\n   \n    <script>\n            <\/script>\n\n<figure itemscope itemtype=\"https:\/\/schema.org\/ImageObject\">\n\t\t\t\t<img decoding=\"async\" src=\"https:\/\/researchnb.ca\/wp-content\/uploads\/2024\/12\/Group-1036.svg\" alt=\"Group 1036\" height=\"114\" width=\"114\" title=\"Group 1036\" onerror=\"this.style.display='none'\" loading=\"lazy\" \/>\n\t<\/figure>\n<h2>\n\t\t\tNous soutenons l&rsquo;avenir de l&rsquo;agriculture au N.-B.\t<\/h2>\n<h2>\n\t\t\tCultiver l&rsquo;innovation, R\u00e9colter un avenir durable pour le Nouveau-Brunswick\t<\/h2>\n\t<p>Le d\u00e9veloppement agricole pr\u00e9sente d&rsquo;importantes possibilit\u00e9s \u00e9conomiques et sociales pour le Nouveau-Brunswick. Avec 90% de ses aliments qui sont actuellement import\u00e9s, le renforcement du secteur agroalimentaire peut renforcer les march\u00e9s locaux et d&rsquo;exportation tout en am\u00e9liorant la s\u00e9curit\u00e9 alimentaire et l&rsquo;autosuffisance.<\/p>\n<p>La recherche est ax\u00e9e sur l&rsquo;am\u00e9lioration des syst\u00e8mes de culture, la sant\u00e9 des sols et les pratiques agricoles durables dans l&rsquo;ensemble des \u00e9tablissements postsecondaires, publics et priv\u00e9s. L&rsquo;adoption de nouvelles technologies, y compris l&rsquo;agriculture num\u00e9rique, est la cl\u00e9 pour l&rsquo;optimisation de la productivit\u00e9, la rentabilit\u00e9 et l&rsquo;expansion des march\u00e9s.<\/p>\n<p>La collaboration entre les milieux universitaires, le gouvernement et l&rsquo;industrie propulsent la recherche appliqu\u00e9e pour soutenir la production alimentaire durable et la croissance \u00e9conomique. Le financement provenant de subventions, de programmes gouvernementaux, et des investissements de l&rsquo;industrie permettent la promotion de la durabilit\u00e9, la diversification et le d\u00e9veloppement de march\u00e9s dans le secteur agricole.<\/p>\n<h2>\n\t\t\tCHIFFRES D&rsquo;IMPACT\t<\/h2>\n<h2>\n\t\t\tSucc\u00e8s dans le secteur\t<\/h2>\n\t\t5\n\t\t\t\t\tprojets financ\u00e9s au cours des 12 derniers mois\n\t\t$691,754\n\t\t\t\t\tattribu\u00e9s au cours des 12 derniers mois\n\t\t$1,404,341\n\t\t\t\t\tattribu\u00e9es depuis 2022\n<h2>\n\t\t\tHISTOIRES D&rsquo;IMPACT\t<\/h2>\n<h2>\n\t\t\tD\u00e9couvrez l&rsquo;impact que nous avons dans le domaine de l&rsquo;agriculture\t<\/h2>\n<h2>\n\t\t\tPROGRAMMES\t<\/h2>\n<h2>\n\t\t\tPr\u00e9sentez une demande de financement pour votre projet.\t<\/h2>\n\n","protected":false},"excerpt":{"rendered":"<p>Nous soutenons l&rsquo;avenir de l&rsquo;agriculture au N.-B. Cultiver l&rsquo;innovation, R\u00e9colter un avenir durable pour le Nouveau-Brunswick Le d\u00e9veloppement agricole pr\u00e9sente d&rsquo;importantes possibilit\u00e9s \u00e9conomiques et sociales pour le Nouveau-Brunswick. Avec 90%&hellip;<\/p>\n","protected":false},"author":1,"featured_media":2079,"parent":2214,"menu_order":69,"comment_status":"closed","ping_status":"closed","template":"","meta":{"_acf_changed":false,"footnotes":""},"class_list":["post-2215","page","type-page","status-publish","has-post-thumbnail","hentry"],"acf":[],"yoast_head":"<!-- This site is optimized with the Yoast SEO plugin v27.4 - https:\/\/yoast.com\/product\/yoast-seo-wordpress\/ -->\n<title>Agriculture - ResearchNB<\/title>\n<meta name=\"robots\" content=\"index, follow, max-snippet:-1, max-image-preview:large, max-video-preview:-1\" \/>\n<link rel=\"canonical\" href=\"https:\/\/researchnb.ca\/fr\/impact\/agriculture\/\" \/>\n<meta property=\"og:locale\" content=\"fr_FR\" \/>\n<meta property=\"og:type\" content=\"article\" \/>\n<meta property=\"og:title\" content=\"Agriculture - ResearchNB\" \/>\n<meta property=\"og:description\" content=\"Nous soutenons l&rsquo;avenir de l&rsquo;agriculture au N.-B. Cultiver l&rsquo;innovation, R\u00e9colter un avenir durable pour le Nouveau-Brunswick Le d\u00e9veloppement agricole pr\u00e9sente d&rsquo;importantes possibilit\u00e9s \u00e9conomiques et sociales pour le Nouveau-Brunswick. Avec 90%&hellip;\" \/>\n<meta property=\"og:url\" content=\"https:\/\/researchnb.ca\/fr\/impact\/agriculture\/\" \/>\n<meta property=\"og:site_name\" content=\"ResearchNB\" \/>\n<meta property=\"article:publisher\" content=\"https:\/\/www.facebook.com\/ResearchNB\" \/>\n<meta property=\"article:modified_time\" content=\"2026-02-10T01:25:44+00:00\" \/>\n<meta property=\"og:image\" content=\"https:\/\/researchnb.ca\/wp-content\/uploads\/2025\/02\/Group-305.png\" \/>\n\t<meta property=\"og:image:width\" content=\"1062\" \/>\n\t<meta property=\"og:image:height\" content=\"1348\" \/>\n\t<meta property=\"og:image:type\" content=\"image\/png\" \/>\n<meta name=\"twitter:card\" content=\"summary_large_image\" \/>\n<meta name=\"twitter:label1\" content=\"Dur\u00e9e de lecture estim\u00e9e\" \/>\n\t<meta name=\"twitter:data1\" content=\"1 minute\" \/>\n<script type=\"application\/ld+json\" class=\"yoast-schema-graph\">{\"@context\":\"https:\\\/\\\/schema.org\",\"@graph\":[{\"@type\":\"WebPage\",\"@id\":\"https:\\\/\\\/researchnb.ca\\\/fr\\\/impact\\\/agriculture\\\/\",\"url\":\"https:\\\/\\\/researchnb.ca\\\/fr\\\/impact\\\/agriculture\\\/\",\"name\":\"Agriculture - ResearchNB\",\"isPartOf\":{\"@id\":\"https:\\\/\\\/researchnb.ca\\\/#website\"},\"primaryImageOfPage\":{\"@id\":\"https:\\\/\\\/researchnb.ca\\\/fr\\\/impact\\\/agriculture\\\/#primaryimage\"},\"image\":{\"@id\":\"https:\\\/\\\/researchnb.ca\\\/fr\\\/impact\\\/agriculture\\\/#primaryimage\"},\"thumbnailUrl\":\"https:\\\/\\\/researchnb.ca\\\/wp-content\\\/uploads\\\/2025\\\/02\\\/Group-305.png\",\"datePublished\":\"2024-12-16T10:16:32+00:00\",\"dateModified\":\"2026-02-10T01:25:44+00:00\",\"breadcrumb\":{\"@id\":\"https:\\\/\\\/researchnb.ca\\\/fr\\\/impact\\\/agriculture\\\/#breadcrumb\"},\"inLanguage\":\"fr-FR\",\"potentialAction\":[{\"@type\":\"ReadAction\",\"target\":[\"https:\\\/\\\/researchnb.ca\\\/fr\\\/impact\\\/agriculture\\\/\"]}]},{\"@type\":\"ImageObject\",\"inLanguage\":\"fr-FR\",\"@id\":\"https:\\\/\\\/researchnb.ca\\\/fr\\\/impact\\\/agriculture\\\/#primaryimage\",\"url\":\"https:\\\/\\\/researchnb.ca\\\/wp-content\\\/uploads\\\/2025\\\/02\\\/Group-305.png\",\"contentUrl\":\"https:\\\/\\\/researchnb.ca\\\/wp-content\\\/uploads\\\/2025\\\/02\\\/Group-305.png\",\"width\":1062,\"height\":1348},{\"@type\":\"BreadcrumbList\",\"@id\":\"https:\\\/\\\/researchnb.ca\\\/fr\\\/impact\\\/agriculture\\\/#breadcrumb\",\"itemListElement\":[{\"@type\":\"ListItem\",\"position\":1,\"name\":\"Home\",\"item\":\"https:\\\/\\\/researchnb.ca\\\/fr\\\/\"},{\"@type\":\"ListItem\",\"position\":2,\"name\":\"Impact\",\"item\":\"https:\\\/\\\/researchnb.ca\\\/fr\\\/impact\\\/\"},{\"@type\":\"ListItem\",\"position\":3,\"name\":\"Agriculture\"}]},{\"@type\":\"WebSite\",\"@id\":\"https:\\\/\\\/researchnb.ca\\\/#website\",\"url\":\"https:\\\/\\\/researchnb.ca\\\/\",\"name\":\"Research NB\",\"description\":\"Research and innovation for a thriving New Brunswick.\",\"publisher\":{\"@id\":\"https:\\\/\\\/researchnb.ca\\\/#organization\"},\"potentialAction\":[{\"@type\":\"SearchAction\",\"target\":{\"@type\":\"EntryPoint\",\"urlTemplate\":\"https:\\\/\\\/researchnb.ca\\\/?s={search_term_string}\"},\"query-input\":{\"@type\":\"PropertyValueSpecification\",\"valueRequired\":true,\"valueName\":\"search_term_string\"}}],\"inLanguage\":\"fr-FR\"},{\"@type\":\"Organization\",\"@id\":\"https:\\\/\\\/researchnb.ca\\\/#organization\",\"name\":\"Research NB\",\"url\":\"https:\\\/\\\/researchnb.ca\\\/\",\"logo\":{\"@type\":\"ImageObject\",\"inLanguage\":\"fr-FR\",\"@id\":\"https:\\\/\\\/researchnb.ca\\\/#\\\/schema\\\/logo\\\/image\\\/\",\"url\":\"https:\\\/\\\/researchnb.ca\\\/wp-content\\\/uploads\\\/2024\\\/11\\\/Group-2.svg\",\"contentUrl\":\"https:\\\/\\\/researchnb.ca\\\/wp-content\\\/uploads\\\/2024\\\/11\\\/Group-2.svg\",\"width\":127,\"height\":89,\"caption\":\"Research NB\"},\"image\":{\"@id\":\"https:\\\/\\\/researchnb.ca\\\/#\\\/schema\\\/logo\\\/image\\\/\"},\"sameAs\":[\"https:\\\/\\\/www.facebook.com\\\/ResearchNB\"]}]}<\/script>\n<!-- \/ Yoast SEO plugin. -->","yoast_head_json":{"title":"Agriculture - ResearchNB","robots":{"index":"index","follow":"follow","max-snippet":"max-snippet:-1","max-image-preview":"max-image-preview:large","max-video-preview":"max-video-preview:-1"},"canonical":"https:\/\/researchnb.ca\/fr\/impact\/agriculture\/","og_locale":"fr_FR","og_type":"article","og_title":"Agriculture - ResearchNB","og_description":"Nous soutenons l&rsquo;avenir de l&rsquo;agriculture au N.-B. Cultiver l&rsquo;innovation, R\u00e9colter un avenir durable pour le Nouveau-Brunswick Le d\u00e9veloppement agricole pr\u00e9sente d&rsquo;importantes possibilit\u00e9s \u00e9conomiques et sociales pour le Nouveau-Brunswick. Avec 90%&hellip;","og_url":"https:\/\/researchnb.ca\/fr\/impact\/agriculture\/","og_site_name":"ResearchNB","article_publisher":"https:\/\/www.facebook.com\/ResearchNB","article_modified_time":"2026-02-10T01:25:44+00:00","og_image":[{"width":1062,"height":1348,"url":"https:\/\/researchnb.ca\/wp-content\/uploads\/2025\/02\/Group-305.png","type":"image\/png"}],"twitter_card":"summary_large_image","twitter_misc":{"Dur\u00e9e de lecture estim\u00e9e":"1 minute"},"schema":{"@context":"https:\/\/schema.org","@graph":[{"@type":"WebPage","@id":"https:\/\/researchnb.ca\/fr\/impact\/agriculture\/","url":"https:\/\/researchnb.ca\/fr\/impact\/agriculture\/","name":"Agriculture - ResearchNB","isPartOf":{"@id":"https:\/\/researchnb.ca\/#website"},"primaryImageOfPage":{"@id":"https:\/\/researchnb.ca\/fr\/impact\/agriculture\/#primaryimage"},"image":{"@id":"https:\/\/researchnb.ca\/fr\/impact\/agriculture\/#primaryimage"},"thumbnailUrl":"https:\/\/researchnb.ca\/wp-content\/uploads\/2025\/02\/Group-305.png","datePublished":"2024-12-16T10:16:32+00:00","dateModified":"2026-02-10T01:25:44+00:00","breadcrumb":{"@id":"https:\/\/researchnb.ca\/fr\/impact\/agriculture\/#breadcrumb"},"inLanguage":"fr-FR","potentialAction":[{"@type":"ReadAction","target":["https:\/\/researchnb.ca\/fr\/impact\/agriculture\/"]}]},{"@type":"ImageObject","inLanguage":"fr-FR","@id":"https:\/\/researchnb.ca\/fr\/impact\/agriculture\/#primaryimage","url":"https:\/\/researchnb.ca\/wp-content\/uploads\/2025\/02\/Group-305.png","contentUrl":"https:\/\/researchnb.ca\/wp-content\/uploads\/2025\/02\/Group-305.png","width":1062,"height":1348},{"@type":"BreadcrumbList","@id":"https:\/\/researchnb.ca\/fr\/impact\/agriculture\/#breadcrumb","itemListElement":[{"@type":"ListItem","position":1,"name":"Home","item":"https:\/\/researchnb.ca\/fr\/"},{"@type":"ListItem","position":2,"name":"Impact","item":"https:\/\/researchnb.ca\/fr\/impact\/"},{"@type":"ListItem","position":3,"name":"Agriculture"}]},{"@type":"WebSite","@id":"https:\/\/researchnb.ca\/#website","url":"https:\/\/researchnb.ca\/","name":"Research NB","description":"Research and innovation for a thriving New Brunswick.","publisher":{"@id":"https:\/\/researchnb.ca\/#organization"},"potentialAction":[{"@type":"SearchAction","target":{"@type":"EntryPoint","urlTemplate":"https:\/\/researchnb.ca\/?s={search_term_string}"},"query-input":{"@type":"PropertyValueSpecification","valueRequired":true,"valueName":"search_term_string"}}],"inLanguage":"fr-FR"},{"@type":"Organization","@id":"https:\/\/researchnb.ca\/#organization","name":"Research NB","url":"https:\/\/researchnb.ca\/","logo":{"@type":"ImageObject","inLanguage":"fr-FR","@id":"https:\/\/researchnb.ca\/#\/schema\/logo\/image\/","url":"https:\/\/researchnb.ca\/wp-content\/uploads\/2024\/11\/Group-2.svg","contentUrl":"https:\/\/researchnb.ca\/wp-content\/uploads\/2024\/11\/Group-2.svg","width":127,"height":89,"caption":"Research NB"},"image":{"@id":"https:\/\/researchnb.ca\/#\/schema\/logo\/image\/"},"sameAs":["https:\/\/www.facebook.com\/ResearchNB"]}]}},"_links":{"self":[{"href":"https:\/\/researchnb.ca\/fr\/wp-json\/wp\/v2\/pages\/2215","targetHints":{"allow":["GET"]}}],"collection":[{"href":"https:\/\/researchnb.ca\/fr\/wp-json\/wp\/v2\/pages"}],"about":[{"href":"https:\/\/researchnb.ca\/fr\/wp-json\/wp\/v2\/types\/page"}],"author":[{"embeddable":true,"href":"https:\/\/researchnb.ca\/fr\/wp-json\/wp\/v2\/users\/1"}],"replies":[{"embeddable":true,"href":"https:\/\/researchnb.ca\/fr\/wp-json\/wp\/v2\/comments?post=2215"}],"version-history":[{"count":9,"href":"https:\/\/researchnb.ca\/fr\/wp-json\/wp\/v2\/pages\/2215\/revisions"}],"predecessor-version":[{"id":4892,"href":"https:\/\/researchnb.ca\/fr\/wp-json\/wp\/v2\/pages\/2215\/revisions\/4892"}],"up":[{"embeddable":true,"href":"https:\/\/researchnb.ca\/fr\/wp-json\/wp\/v2\/pages\/2214"}],"wp:featuredmedia":[{"embeddable":true,"href":"https:\/\/researchnb.ca\/fr\/wp-json\/wp\/v2\/media\/2079"}],"wp:attachment":[{"href":"https:\/\/researchnb.ca\/fr\/wp-json\/wp\/v2\/media?parent=2215"}],"curies":[{"name":"wp","href":"https:\/\/api.w.org\/{rel}","templated":true}]}}