{"id":2216,"date":"2024-12-16T10:01:44","date_gmt":"2024-12-16T10:01:44","guid":{"rendered":"https:\/\/researchnb.ca\/impact\/energy\/"},"modified":"2026-02-04T07:02:50","modified_gmt":"2026-02-04T07:02:50","slug":"energy","status":"publish","type":"page","link":"https:\/\/researchnb.ca\/fr\/impact\/energy\/","title":{"rendered":"\u00c9nergie"},"content":{"rendered":"\n\n\t <div class=\"breadcrumb-container theme1\">\n           <ol>\n                            <\/ol>\n\n                    <\/div>    <script type=\"application\/ld+json\">\n        {\n            \"@context\": \"http:\/\/schema.org\",\n            \"@type\": \"BreadcrumbList\",\n            \"itemListElement\": [\n                            ]\n        }\n    <\/script>\n   \n    <script>\n            <\/script>\n<nav aria-label=\"breadcrumbs\">\n            <div class=\"breadcrumb-container theme1\">\n                <ol>\n                                    <\/ol>\n            <\/div>\n        <\/nav>    <script type=\"application\/ld+json\">\n        {\n            \"@context\": \"http:\/\/schema.org\",\n            \"@type\": \"BreadcrumbList\",\n            \"itemListElement\": [\n                            ]\n        }\n    <\/script>\n   \n    <script>\n            <\/script>\n\n<figure itemscope itemtype=\"https:\/\/schema.org\/ImageObject\">\n\t\t\t\t<img decoding=\"async\" src=\"https:\/\/researchnb.ca\/wp-content\/uploads\/2024\/12\/Group-1033.svg\" alt=\"Group 1033\" height=\"114\" width=\"114\" title=\"Group 1033\" onerror=\"this.style.display='none'\" loading=\"lazy\" \/>\n\t<\/figure>\n<h2>\n\t\t\tNous soutenons l&rsquo;avenir de l&rsquo;\u00e9nergie au N.-B.\t<\/h2>\n<h2>\n\t\t\tPropulser l&rsquo;innovation, Concevoir un avenir \u00e9nerg\u00e9tique durable pour le Nouveau-Brunswick\t<\/h2>\n\t<p>Le secteur de l&rsquo;\u00e9nergie du Nouveau-Brunswick est caract\u00e9ris\u00e9 par un ensemble diversifi\u00e9 de sources \u00e9nerg\u00e9tiques, y compris le nucl\u00e9aire, les combustibles fossiles, l&rsquo;hydro\u00e9lectricit\u00e9, l&rsquo;\u00e9nergie \u00e9olienne, et la biomasse. Le secteur est ax\u00e9 sur le d\u00e9veloppement de technologies \u00e9nerg\u00e9tiques fiables, rentables, et propres, le soutien envers l&rsquo;adaptation aux changements climatiques, et l&rsquo;am\u00e9lioration de l&rsquo;efficience et de la r\u00e9silience des syst\u00e8mes \u00e9nerg\u00e9tiques.<\/p>\n<p>Les efforts de recherche sont propuls\u00e9s par des partenariats entre les \u00e9tablissements universitaires, l&rsquo;industrie priv\u00e9e et les organismes publics, avec un accent particulier sur la r\u00e9duction des \u00e9missions de gaz \u00e0 effet de serre et la promotion de solution d&rsquo;\u00e9nergie renouvelable. Le financement pour la recherche sur l&rsquo;\u00e9nergie est fourni par l&rsquo;entremise de divers programmes de subvention et d&rsquo;investissement visant \u00e0 stimuler les avanc\u00e9es technologiques et \u00e0 soutenir la transition vers un avenir \u00e9nerg\u00e9tique durable.<\/p>\n<h2>\n\t\t\tCHIFFRES D&rsquo;IMPACT\t<\/h2>\n<h2>\n\t\t\tSucc\u00e8s dans le secteur\t<\/h2>\n\t\t9\n\t\t\t\t\tprojets financ\u00e9s au cours des 12 derniers mois\n\t\t$531,106\n\t\t\t\t\tattribu\u00e9s au cours  des 12 derniers mois\n\t\t$2,374,015\n\t\t\t\t\tattribu\u00e9es depuis 2022\n<h2>\n\t\t\tHISTOIRES D&rsquo;IMPACT\t<\/h2>\n<h2>\n\t\t\tD\u00e9couvrez l&rsquo;impact que nous avons dans le domaine de l&rsquo;\u00e9nergie.\t<\/h2>\n<h2>\n\t\t\tPROGRAMMES\t<\/h2>\n<h2>\n\t\t\tPr\u00e9sentez une demande de financement pour votre projet.\t<\/h2>\n\n","protected":false},"excerpt":{"rendered":"<p>Nous soutenons l&rsquo;avenir de l&rsquo;\u00e9nergie au N.-B. Propulser l&rsquo;innovation, Concevoir un avenir \u00e9nerg\u00e9tique durable pour le Nouveau-Brunswick Le secteur de l&rsquo;\u00e9nergie du Nouveau-Brunswick est caract\u00e9ris\u00e9 par un ensemble diversifi\u00e9 de&hellip;<\/p>\n","protected":false},"author":1,"featured_media":2079,"parent":2214,"menu_order":73,"comment_status":"closed","ping_status":"closed","template":"","meta":{"_acf_changed":false,"footnotes":""},"class_list":["post-2216","page","type-page","status-publish","has-post-thumbnail","hentry"],"acf":[],"yoast_head":"<!-- This site is optimized with the Yoast SEO plugin v27.5 - https:\/\/yoast.com\/product\/yoast-seo-wordpress\/ -->\n<title>\u00c9nergie - ResearchNB<\/title>\n<meta name=\"robots\" content=\"index, follow, max-snippet:-1, max-image-preview:large, max-video-preview:-1\" \/>\n<link rel=\"canonical\" href=\"https:\/\/researchnb.ca\/fr\/impact\/energy\/\" \/>\n<meta property=\"og:locale\" content=\"fr_FR\" \/>\n<meta property=\"og:type\" content=\"article\" \/>\n<meta property=\"og:title\" content=\"\u00c9nergie - ResearchNB\" \/>\n<meta property=\"og:description\" content=\"Nous soutenons l&rsquo;avenir de l&rsquo;\u00e9nergie au N.-B. Propulser l&rsquo;innovation, Concevoir un avenir \u00e9nerg\u00e9tique durable pour le Nouveau-Brunswick Le secteur de l&rsquo;\u00e9nergie du Nouveau-Brunswick est caract\u00e9ris\u00e9 par un ensemble diversifi\u00e9 de&hellip;\" \/>\n<meta property=\"og:url\" content=\"https:\/\/researchnb.ca\/fr\/impact\/energy\/\" \/>\n<meta property=\"og:site_name\" content=\"ResearchNB\" \/>\n<meta property=\"article:publisher\" content=\"https:\/\/www.facebook.com\/ResearchNB\" \/>\n<meta property=\"article:modified_time\" content=\"2026-02-04T07:02:50+00:00\" \/>\n<meta property=\"og:image\" content=\"https:\/\/researchnb.ca\/wp-content\/uploads\/2025\/02\/Group-305.png\" \/>\n\t<meta property=\"og:image:width\" content=\"1062\" \/>\n\t<meta property=\"og:image:height\" content=\"1348\" \/>\n\t<meta property=\"og:image:type\" content=\"image\/png\" \/>\n<meta name=\"twitter:card\" content=\"summary_large_image\" \/>\n<meta name=\"twitter:label1\" content=\"Dur\u00e9e de lecture estim\u00e9e\" \/>\n\t<meta name=\"twitter:data1\" content=\"1 minute\" \/>\n<script type=\"application\/ld+json\" class=\"yoast-schema-graph\">{\"@context\":\"https:\\\/\\\/schema.org\",\"@graph\":[{\"@type\":\"WebPage\",\"@id\":\"https:\\\/\\\/researchnb.ca\\\/fr\\\/impact\\\/energy\\\/\",\"url\":\"https:\\\/\\\/researchnb.ca\\\/fr\\\/impact\\\/energy\\\/\",\"name\":\"\u00c9nergie - ResearchNB\",\"isPartOf\":{\"@id\":\"https:\\\/\\\/researchnb.ca\\\/#website\"},\"primaryImageOfPage\":{\"@id\":\"https:\\\/\\\/researchnb.ca\\\/fr\\\/impact\\\/energy\\\/#primaryimage\"},\"image\":{\"@id\":\"https:\\\/\\\/researchnb.ca\\\/fr\\\/impact\\\/energy\\\/#primaryimage\"},\"thumbnailUrl\":\"https:\\\/\\\/researchnb.ca\\\/wp-content\\\/uploads\\\/2025\\\/02\\\/Group-305.png\",\"datePublished\":\"2024-12-16T10:01:44+00:00\",\"dateModified\":\"2026-02-04T07:02:50+00:00\",\"breadcrumb\":{\"@id\":\"https:\\\/\\\/researchnb.ca\\\/fr\\\/impact\\\/energy\\\/#breadcrumb\"},\"inLanguage\":\"fr-FR\",\"potentialAction\":[{\"@type\":\"ReadAction\",\"target\":[\"https:\\\/\\\/researchnb.ca\\\/fr\\\/impact\\\/energy\\\/\"]}]},{\"@type\":\"ImageObject\",\"inLanguage\":\"fr-FR\",\"@id\":\"https:\\\/\\\/researchnb.ca\\\/fr\\\/impact\\\/energy\\\/#primaryimage\",\"url\":\"https:\\\/\\\/researchnb.ca\\\/wp-content\\\/uploads\\\/2025\\\/02\\\/Group-305.png\",\"contentUrl\":\"https:\\\/\\\/researchnb.ca\\\/wp-content\\\/uploads\\\/2025\\\/02\\\/Group-305.png\",\"width\":1062,\"height\":1348},{\"@type\":\"BreadcrumbList\",\"@id\":\"https:\\\/\\\/researchnb.ca\\\/fr\\\/impact\\\/energy\\\/#breadcrumb\",\"itemListElement\":[{\"@type\":\"ListItem\",\"position\":1,\"name\":\"Home\",\"item\":\"https:\\\/\\\/researchnb.ca\\\/fr\\\/\"},{\"@type\":\"ListItem\",\"position\":2,\"name\":\"Impact\",\"item\":\"https:\\\/\\\/researchnb.ca\\\/fr\\\/impact\\\/\"},{\"@type\":\"ListItem\",\"position\":3,\"name\":\"\u00c9nergie\"}]},{\"@type\":\"WebSite\",\"@id\":\"https:\\\/\\\/researchnb.ca\\\/#website\",\"url\":\"https:\\\/\\\/researchnb.ca\\\/\",\"name\":\"Research NB\",\"description\":\"Research and innovation for a thriving New Brunswick.\",\"publisher\":{\"@id\":\"https:\\\/\\\/researchnb.ca\\\/#organization\"},\"potentialAction\":[{\"@type\":\"SearchAction\",\"target\":{\"@type\":\"EntryPoint\",\"urlTemplate\":\"https:\\\/\\\/researchnb.ca\\\/?s={search_term_string}\"},\"query-input\":{\"@type\":\"PropertyValueSpecification\",\"valueRequired\":true,\"valueName\":\"search_term_string\"}}],\"inLanguage\":\"fr-FR\"},{\"@type\":\"Organization\",\"@id\":\"https:\\\/\\\/researchnb.ca\\\/#organization\",\"name\":\"Research NB\",\"url\":\"https:\\\/\\\/researchnb.ca\\\/\",\"logo\":{\"@type\":\"ImageObject\",\"inLanguage\":\"fr-FR\",\"@id\":\"https:\\\/\\\/researchnb.ca\\\/#\\\/schema\\\/logo\\\/image\\\/\",\"url\":\"https:\\\/\\\/researchnb.ca\\\/wp-content\\\/uploads\\\/2024\\\/11\\\/Group-2.svg\",\"contentUrl\":\"https:\\\/\\\/researchnb.ca\\\/wp-content\\\/uploads\\\/2024\\\/11\\\/Group-2.svg\",\"width\":127,\"height\":89,\"caption\":\"Research NB\"},\"image\":{\"@id\":\"https:\\\/\\\/researchnb.ca\\\/#\\\/schema\\\/logo\\\/image\\\/\"},\"sameAs\":[\"https:\\\/\\\/www.facebook.com\\\/ResearchNB\"]}]}<\/script>\n<!-- \/ Yoast SEO plugin. -->","yoast_head_json":{"title":"\u00c9nergie - ResearchNB","robots":{"index":"index","follow":"follow","max-snippet":"max-snippet:-1","max-image-preview":"max-image-preview:large","max-video-preview":"max-video-preview:-1"},"canonical":"https:\/\/researchnb.ca\/fr\/impact\/energy\/","og_locale":"fr_FR","og_type":"article","og_title":"\u00c9nergie - ResearchNB","og_description":"Nous soutenons l&rsquo;avenir de l&rsquo;\u00e9nergie au N.-B. Propulser l&rsquo;innovation, Concevoir un avenir \u00e9nerg\u00e9tique durable pour le Nouveau-Brunswick Le secteur de l&rsquo;\u00e9nergie du Nouveau-Brunswick est caract\u00e9ris\u00e9 par un ensemble diversifi\u00e9 de&hellip;","og_url":"https:\/\/researchnb.ca\/fr\/impact\/energy\/","og_site_name":"ResearchNB","article_publisher":"https:\/\/www.facebook.com\/ResearchNB","article_modified_time":"2026-02-04T07:02:50+00:00","og_image":[{"width":1062,"height":1348,"url":"https:\/\/researchnb.ca\/wp-content\/uploads\/2025\/02\/Group-305.png","type":"image\/png"}],"twitter_card":"summary_large_image","twitter_misc":{"Dur\u00e9e de lecture estim\u00e9e":"1 minute"},"schema":{"@context":"https:\/\/schema.org","@graph":[{"@type":"WebPage","@id":"https:\/\/researchnb.ca\/fr\/impact\/energy\/","url":"https:\/\/researchnb.ca\/fr\/impact\/energy\/","name":"\u00c9nergie - ResearchNB","isPartOf":{"@id":"https:\/\/researchnb.ca\/#website"},"primaryImageOfPage":{"@id":"https:\/\/researchnb.ca\/fr\/impact\/energy\/#primaryimage"},"image":{"@id":"https:\/\/researchnb.ca\/fr\/impact\/energy\/#primaryimage"},"thumbnailUrl":"https:\/\/researchnb.ca\/wp-content\/uploads\/2025\/02\/Group-305.png","datePublished":"2024-12-16T10:01:44+00:00","dateModified":"2026-02-04T07:02:50+00:00","breadcrumb":{"@id":"https:\/\/researchnb.ca\/fr\/impact\/energy\/#breadcrumb"},"inLanguage":"fr-FR","potentialAction":[{"@type":"ReadAction","target":["https:\/\/researchnb.ca\/fr\/impact\/energy\/"]}]},{"@type":"ImageObject","inLanguage":"fr-FR","@id":"https:\/\/researchnb.ca\/fr\/impact\/energy\/#primaryimage","url":"https:\/\/researchnb.ca\/wp-content\/uploads\/2025\/02\/Group-305.png","contentUrl":"https:\/\/researchnb.ca\/wp-content\/uploads\/2025\/02\/Group-305.png","width":1062,"height":1348},{"@type":"BreadcrumbList","@id":"https:\/\/researchnb.ca\/fr\/impact\/energy\/#breadcrumb","itemListElement":[{"@type":"ListItem","position":1,"name":"Home","item":"https:\/\/researchnb.ca\/fr\/"},{"@type":"ListItem","position":2,"name":"Impact","item":"https:\/\/researchnb.ca\/fr\/impact\/"},{"@type":"ListItem","position":3,"name":"\u00c9nergie"}]},{"@type":"WebSite","@id":"https:\/\/researchnb.ca\/#website","url":"https:\/\/researchnb.ca\/","name":"Research NB","description":"Research and innovation for a thriving New Brunswick.","publisher":{"@id":"https:\/\/researchnb.ca\/#organization"},"potentialAction":[{"@type":"SearchAction","target":{"@type":"EntryPoint","urlTemplate":"https:\/\/researchnb.ca\/?s={search_term_string}"},"query-input":{"@type":"PropertyValueSpecification","valueRequired":true,"valueName":"search_term_string"}}],"inLanguage":"fr-FR"},{"@type":"Organization","@id":"https:\/\/researchnb.ca\/#organization","name":"Research NB","url":"https:\/\/researchnb.ca\/","logo":{"@type":"ImageObject","inLanguage":"fr-FR","@id":"https:\/\/researchnb.ca\/#\/schema\/logo\/image\/","url":"https:\/\/researchnb.ca\/wp-content\/uploads\/2024\/11\/Group-2.svg","contentUrl":"https:\/\/researchnb.ca\/wp-content\/uploads\/2024\/11\/Group-2.svg","width":127,"height":89,"caption":"Research NB"},"image":{"@id":"https:\/\/researchnb.ca\/#\/schema\/logo\/image\/"},"sameAs":["https:\/\/www.facebook.com\/ResearchNB"]}]}},"_links":{"self":[{"href":"https:\/\/researchnb.ca\/fr\/wp-json\/wp\/v2\/pages\/2216","targetHints":{"allow":["GET"]}}],"collection":[{"href":"https:\/\/researchnb.ca\/fr\/wp-json\/wp\/v2\/pages"}],"about":[{"href":"https:\/\/researchnb.ca\/fr\/wp-json\/wp\/v2\/types\/page"}],"author":[{"embeddable":true,"href":"https:\/\/researchnb.ca\/fr\/wp-json\/wp\/v2\/users\/1"}],"replies":[{"embeddable":true,"href":"https:\/\/researchnb.ca\/fr\/wp-json\/wp\/v2\/comments?post=2216"}],"version-history":[{"count":10,"href":"https:\/\/researchnb.ca\/fr\/wp-json\/wp\/v2\/pages\/2216\/revisions"}],"predecessor-version":[{"id":4828,"href":"https:\/\/researchnb.ca\/fr\/wp-json\/wp\/v2\/pages\/2216\/revisions\/4828"}],"up":[{"embeddable":true,"href":"https:\/\/researchnb.ca\/fr\/wp-json\/wp\/v2\/pages\/2214"}],"wp:featuredmedia":[{"embeddable":true,"href":"https:\/\/researchnb.ca\/fr\/wp-json\/wp\/v2\/media\/2079"}],"wp:attachment":[{"href":"https:\/\/researchnb.ca\/fr\/wp-json\/wp\/v2\/media?parent=2216"}],"curies":[{"name":"wp","href":"https:\/\/api.w.org\/{rel}","templated":true}]}}