{"id":2217,"date":"2024-12-16T10:06:39","date_gmt":"2024-12-16T10:06:39","guid":{"rendered":"https:\/\/researchnb.ca\/impact\/forestry\/"},"modified":"2026-02-04T07:03:37","modified_gmt":"2026-02-04T07:03:37","slug":"forestry","status":"publish","type":"page","link":"https:\/\/researchnb.ca\/fr\/impact\/forestry\/","title":{"rendered":"Foresterie"},"content":{"rendered":"\n\n\t <div class=\"breadcrumb-container theme1\">\n           <ol>\n                            <\/ol>\n\n                    <\/div>    <script type=\"application\/ld+json\">\n        {\n            \"@context\": \"http:\/\/schema.org\",\n            \"@type\": \"BreadcrumbList\",\n            \"itemListElement\": [\n                            ]\n        }\n    <\/script>\n   \n    <script>\n            <\/script>\n<nav aria-label=\"breadcrumbs\">\n            <div class=\"breadcrumb-container theme1\">\n                <ol>\n                                    <\/ol>\n            <\/div>\n        <\/nav>    <script type=\"application\/ld+json\">\n        {\n            \"@context\": \"http:\/\/schema.org\",\n            \"@type\": \"BreadcrumbList\",\n            \"itemListElement\": [\n                            ]\n        }\n    <\/script>\n   \n    <script>\n            <\/script>\n\n<figure itemscope itemtype=\"https:\/\/schema.org\/ImageObject\">\n\t\t\t\t<img decoding=\"async\" src=\"https:\/\/researchnb.ca\/wp-content\/uploads\/2024\/12\/Group-1034.svg\" alt=\"Group 1034\" height=\"114\" width=\"114\" title=\"Group 1034\" onerror=\"this.style.display='none'\" loading=\"lazy\" \/>\n\t<\/figure>\n<h2>\n\t\t\tNous soutenons l&rsquo;avenir de la foresterie au N.-B.\t<\/h2>\n<h2>\n\t\t\tEnracin\u00e9 sur la durabilit\u00e9, Assurer la croissance d&rsquo;un avenir plus vert pour les for\u00eats du Nouveau-Brunswick\t<\/h2>\n\t<p>Le Nouveau-Brunswick est la province canadienne dont l&rsquo;\u00e9conomie d\u00e9pend le plus de la for\u00eat, avec 85% de ses terres couvertes de for\u00eats productives. Contrairement \u00e0 d&rsquo;autres provinces, 30% de ses terres foresti\u00e8res sont de propri\u00e9t\u00e9 priv\u00e9e, cr\u00e9ant une gestion dynamique particuli\u00e8re qui n\u00e9cessite des solutions adapt\u00e9es. Le secteur forestier est profond\u00e9ment engag\u00e9 dans la recherche, se concentrant sur l&rsquo;am\u00e9lioration de la productivit\u00e9, l&rsquo;\u00e9cologie foresti\u00e8re, l&rsquo;adaptation aux changements climatiques, et les pratiques de r\u00e9colte durables. De plus en plus, les technologies de pr\u00e9cision en foresterie permettent d&rsquo;am\u00e9liorer la gestion foresti\u00e8re, permettant une meilleure efficacit\u00e9 et durabilit\u00e9.<\/p>\n<p>La collaboration est au c\u0153ur de la recherche en foresterie, avec le milieu acad\u00e9mique, les gouvernements et l&rsquo;industrie qui soutiennent la recherche appliqu\u00e9e pour am\u00e9liorer la productivit\u00e9 et la durabilit\u00e9. Le financement provenant de subventions, des gouvernements, et de l&rsquo;industrie permettent l&rsquo;innovation, la durabilit\u00e9 et la croissance \u00e9conomique.<\/p>\n<h2>\n\t\t\tCHIFFRES D&rsquo;IMPACT\t<\/h2>\n<h2>\n\t\t\tSucc\u00e8s dans le secteur\t<\/h2>\n\t\t3\n\t\t\t\t\tprojets financ\u00e9s au cours des 12 derniers mois\n\t\t$330,000\n\t\t\t\t\tattribu\u00e9s au cours des 12 derniers mois\n\t\t$1,299,955\n\t\t\t\t\tattribu\u00e9es depuis 2022\n<h2>\n\t\t\tHISTOIRES D&rsquo;IMPACT\t<\/h2>\n<h2>\n\t\t\tD\u00e9couvrez l&rsquo;impact que nous avons dans le domaine de la foresterie.\t<\/h2>\n<h2>\n\t\t\tPROGRAMMES\t<\/h2>\n<h2>\n\t\t\tPr\u00e9sentez une demande de financement pour votre projet.\t<\/h2>\n\n","protected":false},"excerpt":{"rendered":"<p>Nous soutenons l&rsquo;avenir de la foresterie au N.-B. Enracin\u00e9 sur la durabilit\u00e9, Assurer la croissance d&rsquo;un avenir plus vert pour les for\u00eats du Nouveau-Brunswick Le Nouveau-Brunswick est la province canadienne&hellip;<\/p>\n","protected":false},"author":1,"featured_media":2079,"parent":2214,"menu_order":73,"comment_status":"closed","ping_status":"closed","template":"","meta":{"_acf_changed":false,"footnotes":""},"class_list":["post-2217","page","type-page","status-publish","has-post-thumbnail","hentry"],"acf":[],"yoast_head":"<!-- This site is optimized with the Yoast SEO plugin v27.4 - https:\/\/yoast.com\/product\/yoast-seo-wordpress\/ -->\n<title>Foresterie - ResearchNB<\/title>\n<meta name=\"robots\" content=\"index, follow, max-snippet:-1, max-image-preview:large, max-video-preview:-1\" \/>\n<link rel=\"canonical\" href=\"https:\/\/researchnb.ca\/fr\/impact\/forestry\/\" \/>\n<meta property=\"og:locale\" content=\"fr_FR\" \/>\n<meta property=\"og:type\" content=\"article\" \/>\n<meta property=\"og:title\" content=\"Foresterie - ResearchNB\" \/>\n<meta property=\"og:description\" content=\"Nous soutenons l&rsquo;avenir de la foresterie au N.-B. Enracin\u00e9 sur la durabilit\u00e9, Assurer la croissance d&rsquo;un avenir plus vert pour les for\u00eats du Nouveau-Brunswick Le Nouveau-Brunswick est la province canadienne&hellip;\" \/>\n<meta property=\"og:url\" content=\"https:\/\/researchnb.ca\/fr\/impact\/forestry\/\" \/>\n<meta property=\"og:site_name\" content=\"ResearchNB\" \/>\n<meta property=\"article:publisher\" content=\"https:\/\/www.facebook.com\/ResearchNB\" \/>\n<meta property=\"article:modified_time\" content=\"2026-02-04T07:03:37+00:00\" \/>\n<meta property=\"og:image\" content=\"https:\/\/researchnb.ca\/wp-content\/uploads\/2025\/02\/Group-305.png\" \/>\n\t<meta property=\"og:image:width\" content=\"1062\" \/>\n\t<meta property=\"og:image:height\" content=\"1348\" \/>\n\t<meta property=\"og:image:type\" content=\"image\/png\" \/>\n<meta name=\"twitter:card\" content=\"summary_large_image\" \/>\n<meta name=\"twitter:label1\" content=\"Dur\u00e9e de lecture estim\u00e9e\" \/>\n\t<meta name=\"twitter:data1\" content=\"1 minute\" \/>\n<script type=\"application\/ld+json\" class=\"yoast-schema-graph\">{\"@context\":\"https:\\\/\\\/schema.org\",\"@graph\":[{\"@type\":\"WebPage\",\"@id\":\"https:\\\/\\\/researchnb.ca\\\/fr\\\/impact\\\/forestry\\\/\",\"url\":\"https:\\\/\\\/researchnb.ca\\\/fr\\\/impact\\\/forestry\\\/\",\"name\":\"Foresterie - ResearchNB\",\"isPartOf\":{\"@id\":\"https:\\\/\\\/researchnb.ca\\\/#website\"},\"primaryImageOfPage\":{\"@id\":\"https:\\\/\\\/researchnb.ca\\\/fr\\\/impact\\\/forestry\\\/#primaryimage\"},\"image\":{\"@id\":\"https:\\\/\\\/researchnb.ca\\\/fr\\\/impact\\\/forestry\\\/#primaryimage\"},\"thumbnailUrl\":\"https:\\\/\\\/researchnb.ca\\\/wp-content\\\/uploads\\\/2025\\\/02\\\/Group-305.png\",\"datePublished\":\"2024-12-16T10:06:39+00:00\",\"dateModified\":\"2026-02-04T07:03:37+00:00\",\"breadcrumb\":{\"@id\":\"https:\\\/\\\/researchnb.ca\\\/fr\\\/impact\\\/forestry\\\/#breadcrumb\"},\"inLanguage\":\"fr-FR\",\"potentialAction\":[{\"@type\":\"ReadAction\",\"target\":[\"https:\\\/\\\/researchnb.ca\\\/fr\\\/impact\\\/forestry\\\/\"]}]},{\"@type\":\"ImageObject\",\"inLanguage\":\"fr-FR\",\"@id\":\"https:\\\/\\\/researchnb.ca\\\/fr\\\/impact\\\/forestry\\\/#primaryimage\",\"url\":\"https:\\\/\\\/researchnb.ca\\\/wp-content\\\/uploads\\\/2025\\\/02\\\/Group-305.png\",\"contentUrl\":\"https:\\\/\\\/researchnb.ca\\\/wp-content\\\/uploads\\\/2025\\\/02\\\/Group-305.png\",\"width\":1062,\"height\":1348},{\"@type\":\"BreadcrumbList\",\"@id\":\"https:\\\/\\\/researchnb.ca\\\/fr\\\/impact\\\/forestry\\\/#breadcrumb\",\"itemListElement\":[{\"@type\":\"ListItem\",\"position\":1,\"name\":\"Home\",\"item\":\"https:\\\/\\\/researchnb.ca\\\/fr\\\/\"},{\"@type\":\"ListItem\",\"position\":2,\"name\":\"Impact\",\"item\":\"https:\\\/\\\/researchnb.ca\\\/fr\\\/impact\\\/\"},{\"@type\":\"ListItem\",\"position\":3,\"name\":\"Foresterie\"}]},{\"@type\":\"WebSite\",\"@id\":\"https:\\\/\\\/researchnb.ca\\\/#website\",\"url\":\"https:\\\/\\\/researchnb.ca\\\/\",\"name\":\"Research NB\",\"description\":\"Research and innovation for a thriving New Brunswick.\",\"publisher\":{\"@id\":\"https:\\\/\\\/researchnb.ca\\\/#organization\"},\"potentialAction\":[{\"@type\":\"SearchAction\",\"target\":{\"@type\":\"EntryPoint\",\"urlTemplate\":\"https:\\\/\\\/researchnb.ca\\\/?s={search_term_string}\"},\"query-input\":{\"@type\":\"PropertyValueSpecification\",\"valueRequired\":true,\"valueName\":\"search_term_string\"}}],\"inLanguage\":\"fr-FR\"},{\"@type\":\"Organization\",\"@id\":\"https:\\\/\\\/researchnb.ca\\\/#organization\",\"name\":\"Research NB\",\"url\":\"https:\\\/\\\/researchnb.ca\\\/\",\"logo\":{\"@type\":\"ImageObject\",\"inLanguage\":\"fr-FR\",\"@id\":\"https:\\\/\\\/researchnb.ca\\\/#\\\/schema\\\/logo\\\/image\\\/\",\"url\":\"https:\\\/\\\/researchnb.ca\\\/wp-content\\\/uploads\\\/2024\\\/11\\\/Group-2.svg\",\"contentUrl\":\"https:\\\/\\\/researchnb.ca\\\/wp-content\\\/uploads\\\/2024\\\/11\\\/Group-2.svg\",\"width\":127,\"height\":89,\"caption\":\"Research NB\"},\"image\":{\"@id\":\"https:\\\/\\\/researchnb.ca\\\/#\\\/schema\\\/logo\\\/image\\\/\"},\"sameAs\":[\"https:\\\/\\\/www.facebook.com\\\/ResearchNB\"]}]}<\/script>\n<!-- \/ Yoast SEO plugin. -->","yoast_head_json":{"title":"Foresterie - ResearchNB","robots":{"index":"index","follow":"follow","max-snippet":"max-snippet:-1","max-image-preview":"max-image-preview:large","max-video-preview":"max-video-preview:-1"},"canonical":"https:\/\/researchnb.ca\/fr\/impact\/forestry\/","og_locale":"fr_FR","og_type":"article","og_title":"Foresterie - ResearchNB","og_description":"Nous soutenons l&rsquo;avenir de la foresterie au N.-B. Enracin\u00e9 sur la durabilit\u00e9, Assurer la croissance d&rsquo;un avenir plus vert pour les for\u00eats du Nouveau-Brunswick Le Nouveau-Brunswick est la province canadienne&hellip;","og_url":"https:\/\/researchnb.ca\/fr\/impact\/forestry\/","og_site_name":"ResearchNB","article_publisher":"https:\/\/www.facebook.com\/ResearchNB","article_modified_time":"2026-02-04T07:03:37+00:00","og_image":[{"width":1062,"height":1348,"url":"https:\/\/researchnb.ca\/wp-content\/uploads\/2025\/02\/Group-305.png","type":"image\/png"}],"twitter_card":"summary_large_image","twitter_misc":{"Dur\u00e9e de lecture estim\u00e9e":"1 minute"},"schema":{"@context":"https:\/\/schema.org","@graph":[{"@type":"WebPage","@id":"https:\/\/researchnb.ca\/fr\/impact\/forestry\/","url":"https:\/\/researchnb.ca\/fr\/impact\/forestry\/","name":"Foresterie - ResearchNB","isPartOf":{"@id":"https:\/\/researchnb.ca\/#website"},"primaryImageOfPage":{"@id":"https:\/\/researchnb.ca\/fr\/impact\/forestry\/#primaryimage"},"image":{"@id":"https:\/\/researchnb.ca\/fr\/impact\/forestry\/#primaryimage"},"thumbnailUrl":"https:\/\/researchnb.ca\/wp-content\/uploads\/2025\/02\/Group-305.png","datePublished":"2024-12-16T10:06:39+00:00","dateModified":"2026-02-04T07:03:37+00:00","breadcrumb":{"@id":"https:\/\/researchnb.ca\/fr\/impact\/forestry\/#breadcrumb"},"inLanguage":"fr-FR","potentialAction":[{"@type":"ReadAction","target":["https:\/\/researchnb.ca\/fr\/impact\/forestry\/"]}]},{"@type":"ImageObject","inLanguage":"fr-FR","@id":"https:\/\/researchnb.ca\/fr\/impact\/forestry\/#primaryimage","url":"https:\/\/researchnb.ca\/wp-content\/uploads\/2025\/02\/Group-305.png","contentUrl":"https:\/\/researchnb.ca\/wp-content\/uploads\/2025\/02\/Group-305.png","width":1062,"height":1348},{"@type":"BreadcrumbList","@id":"https:\/\/researchnb.ca\/fr\/impact\/forestry\/#breadcrumb","itemListElement":[{"@type":"ListItem","position":1,"name":"Home","item":"https:\/\/researchnb.ca\/fr\/"},{"@type":"ListItem","position":2,"name":"Impact","item":"https:\/\/researchnb.ca\/fr\/impact\/"},{"@type":"ListItem","position":3,"name":"Foresterie"}]},{"@type":"WebSite","@id":"https:\/\/researchnb.ca\/#website","url":"https:\/\/researchnb.ca\/","name":"Research NB","description":"Research and innovation for a thriving New Brunswick.","publisher":{"@id":"https:\/\/researchnb.ca\/#organization"},"potentialAction":[{"@type":"SearchAction","target":{"@type":"EntryPoint","urlTemplate":"https:\/\/researchnb.ca\/?s={search_term_string}"},"query-input":{"@type":"PropertyValueSpecification","valueRequired":true,"valueName":"search_term_string"}}],"inLanguage":"fr-FR"},{"@type":"Organization","@id":"https:\/\/researchnb.ca\/#organization","name":"Research NB","url":"https:\/\/researchnb.ca\/","logo":{"@type":"ImageObject","inLanguage":"fr-FR","@id":"https:\/\/researchnb.ca\/#\/schema\/logo\/image\/","url":"https:\/\/researchnb.ca\/wp-content\/uploads\/2024\/11\/Group-2.svg","contentUrl":"https:\/\/researchnb.ca\/wp-content\/uploads\/2024\/11\/Group-2.svg","width":127,"height":89,"caption":"Research NB"},"image":{"@id":"https:\/\/researchnb.ca\/#\/schema\/logo\/image\/"},"sameAs":["https:\/\/www.facebook.com\/ResearchNB"]}]}},"_links":{"self":[{"href":"https:\/\/researchnb.ca\/fr\/wp-json\/wp\/v2\/pages\/2217","targetHints":{"allow":["GET"]}}],"collection":[{"href":"https:\/\/researchnb.ca\/fr\/wp-json\/wp\/v2\/pages"}],"about":[{"href":"https:\/\/researchnb.ca\/fr\/wp-json\/wp\/v2\/types\/page"}],"author":[{"embeddable":true,"href":"https:\/\/researchnb.ca\/fr\/wp-json\/wp\/v2\/users\/1"}],"replies":[{"embeddable":true,"href":"https:\/\/researchnb.ca\/fr\/wp-json\/wp\/v2\/comments?post=2217"}],"version-history":[{"count":11,"href":"https:\/\/researchnb.ca\/fr\/wp-json\/wp\/v2\/pages\/2217\/revisions"}],"predecessor-version":[{"id":4829,"href":"https:\/\/researchnb.ca\/fr\/wp-json\/wp\/v2\/pages\/2217\/revisions\/4829"}],"up":[{"embeddable":true,"href":"https:\/\/researchnb.ca\/fr\/wp-json\/wp\/v2\/pages\/2214"}],"wp:featuredmedia":[{"embeddable":true,"href":"https:\/\/researchnb.ca\/fr\/wp-json\/wp\/v2\/media\/2079"}],"wp:attachment":[{"href":"https:\/\/researchnb.ca\/fr\/wp-json\/wp\/v2\/media?parent=2217"}],"curies":[{"name":"wp","href":"https:\/\/api.w.org\/{rel}","templated":true}]}}