{"id":2218,"date":"2024-12-16T06:57:57","date_gmt":"2024-12-16T06:57:57","guid":{"rendered":"https:\/\/researchnb.ca\/impact\/health\/"},"modified":"2026-02-04T07:05:01","modified_gmt":"2026-02-04T07:05:01","slug":"health","status":"publish","type":"page","link":"https:\/\/researchnb.ca\/fr\/impact\/health\/","title":{"rendered":"Sant\u00e9"},"content":{"rendered":"\n\n\t <div class=\"breadcrumb-container theme1\">\n           <ol>\n                            <\/ol>\n\n                    <\/div>    <script type=\"application\/ld+json\">\n        {\n            \"@context\": \"http:\/\/schema.org\",\n            \"@type\": \"BreadcrumbList\",\n            \"itemListElement\": [\n                            ]\n        }\n    <\/script>\n   \n    <script>\n            <\/script>\n<nav aria-label=\"breadcrumbs\">\n            <div class=\"breadcrumb-container theme1\">\n                <ol>\n                                    <\/ol>\n            <\/div>\n        <\/nav>    <script type=\"application\/ld+json\">\n        {\n            \"@context\": \"http:\/\/schema.org\",\n            \"@type\": \"BreadcrumbList\",\n            \"itemListElement\": [\n                            ]\n        }\n    <\/script>\n   \n    <script>\n            <\/script>\n\n<figure itemscope itemtype=\"https:\/\/schema.org\/ImageObject\">\n\t\t\t\t<img decoding=\"async\" src=\"https:\/\/researchnb.ca\/wp-content\/uploads\/2024\/12\/Group-74-4.svg\" alt=\"Group 74\" height=\"114\" width=\"114\" title=\"Group 74\" onerror=\"this.style.display='none'\" loading=\"lazy\" \/>\n\t<\/figure>\n<h2>\n\t\t\tNous soutenons l&rsquo;avenir de la sant\u00e9 au N.-B.\t<\/h2>\n<h2>\n\t\t\tFaire progresser la sant\u00e9, Stimuler les communaut\u00e9s, Transformer l&rsquo;avenir du Nouveau-Brunswick.\t<\/h2>\n\t<p>Le milieu de la recherche en sant\u00e9 du Nouveau-Brunswick est un r\u00e9seau collaboratif d&rsquo;\u00e9tablissements, de r\u00e9gies de la sant\u00e9, et d&rsquo;initiatives de recherche visant \u00e0 faire avancer les soins de sant\u00e9, stimuler les gens et les communaut\u00e9s, et transformer le syst\u00e8me de sant\u00e9 de la province.<\/p>\n<p>Le secteur comprend la recherche biom\u00e9dicale et clinique, la recherche sur les syst\u00e8mes de sant\u00e9 et la recherche sur la sant\u00e9 des populations, avec un accent sur la pr\u00e9vention, les soins primaires, les solutions novatrices, et le soutien pour la population du Nouveau-Brunswick pendant toute la vie. Les investissements r\u00e9cents en recherche en sant\u00e9 ont augment\u00e9, refl\u00e9tant un engagement envers l&rsquo;am\u00e9lioration des r\u00e9sultats sur la sant\u00e9 et menant \u00e0 des changements syst\u00e9miques.<\/p>\n<h2>\n\t\t\tCHIFFRES D&rsquo;IMPACT\t<\/h2>\n<h2>\n\t\t\tSucc\u00e8s dans le secteur\t<\/h2>\n\t\t87\n\t\t\t\t\tprojets financ\u00e9s au cours  des 12 derniers mois \n\t\t$4,988,563\n\t\t\t\t\tattribu\u00e9s au cours  des 12 derniers mois\n\t\t$19,073,862\n\t\t\t\t\tattribu\u00e9es depuis 2022\n<h2>\n\t\t\tHISTOIRES D&rsquo;IMPACT\t<\/h2>\n<h2>\n\t\t\tD\u00e9couvrez l&rsquo;impact que nous avons dans le domaine de la sant\u00e9.\t<\/h2>\n<h2>\n\t\t\tPROGRAMMES\t<\/h2>\n<h2>\n\t\t\tPr\u00e9sentez une demande de financement pour votre projet.\t<\/h2>\n\n","protected":false},"excerpt":{"rendered":"<p>Nous soutenons l&rsquo;avenir de la sant\u00e9 au N.-B. Faire progresser la sant\u00e9, Stimuler les communaut\u00e9s, Transformer l&rsquo;avenir du Nouveau-Brunswick. Le milieu de la recherche en sant\u00e9 du Nouveau-Brunswick est un&hellip;<\/p>\n","protected":false},"author":1,"featured_media":2079,"parent":2214,"menu_order":69,"comment_status":"closed","ping_status":"closed","template":"","meta":{"_acf_changed":false,"footnotes":""},"class_list":["post-2218","page","type-page","status-publish","has-post-thumbnail","hentry"],"acf":[],"yoast_head":"<!-- This site is optimized with the Yoast SEO plugin v27.3 - https:\/\/yoast.com\/product\/yoast-seo-wordpress\/ -->\n<title>Sant\u00e9 - ResearchNB<\/title>\n<meta name=\"robots\" content=\"index, follow, max-snippet:-1, max-image-preview:large, max-video-preview:-1\" \/>\n<link rel=\"canonical\" href=\"https:\/\/researchnb.ca\/fr\/impact\/health\/\" \/>\n<meta property=\"og:locale\" content=\"fr_FR\" \/>\n<meta property=\"og:type\" content=\"article\" \/>\n<meta property=\"og:title\" content=\"Sant\u00e9 - ResearchNB\" \/>\n<meta property=\"og:description\" content=\"Nous soutenons l&rsquo;avenir de la sant\u00e9 au N.-B. Faire progresser la sant\u00e9, Stimuler les communaut\u00e9s, Transformer l&rsquo;avenir du Nouveau-Brunswick. Le milieu de la recherche en sant\u00e9 du Nouveau-Brunswick est un&hellip;\" \/>\n<meta property=\"og:url\" content=\"https:\/\/researchnb.ca\/fr\/impact\/health\/\" \/>\n<meta property=\"og:site_name\" content=\"ResearchNB\" \/>\n<meta property=\"article:publisher\" content=\"https:\/\/www.facebook.com\/ResearchNB\" \/>\n<meta property=\"article:modified_time\" content=\"2026-02-04T07:05:01+00:00\" \/>\n<meta property=\"og:image\" content=\"https:\/\/researchnb.ca\/wp-content\/uploads\/2025\/02\/Group-305.png\" \/>\n\t<meta property=\"og:image:width\" content=\"1062\" \/>\n\t<meta property=\"og:image:height\" content=\"1348\" \/>\n\t<meta property=\"og:image:type\" content=\"image\/png\" \/>\n<meta name=\"twitter:card\" content=\"summary_large_image\" \/>\n<meta name=\"twitter:label1\" content=\"Dur\u00e9e de lecture estim\u00e9e\" \/>\n\t<meta name=\"twitter:data1\" content=\"1 minute\" \/>\n<script type=\"application\/ld+json\" class=\"yoast-schema-graph\">{\"@context\":\"https:\\\/\\\/schema.org\",\"@graph\":[{\"@type\":\"WebPage\",\"@id\":\"https:\\\/\\\/researchnb.ca\\\/fr\\\/impact\\\/health\\\/\",\"url\":\"https:\\\/\\\/researchnb.ca\\\/fr\\\/impact\\\/health\\\/\",\"name\":\"Sant\u00e9 - ResearchNB\",\"isPartOf\":{\"@id\":\"https:\\\/\\\/researchnb.ca\\\/#website\"},\"primaryImageOfPage\":{\"@id\":\"https:\\\/\\\/researchnb.ca\\\/fr\\\/impact\\\/health\\\/#primaryimage\"},\"image\":{\"@id\":\"https:\\\/\\\/researchnb.ca\\\/fr\\\/impact\\\/health\\\/#primaryimage\"},\"thumbnailUrl\":\"https:\\\/\\\/researchnb.ca\\\/wp-content\\\/uploads\\\/2025\\\/02\\\/Group-305.png\",\"datePublished\":\"2024-12-16T06:57:57+00:00\",\"dateModified\":\"2026-02-04T07:05:01+00:00\",\"breadcrumb\":{\"@id\":\"https:\\\/\\\/researchnb.ca\\\/fr\\\/impact\\\/health\\\/#breadcrumb\"},\"inLanguage\":\"fr-FR\",\"potentialAction\":[{\"@type\":\"ReadAction\",\"target\":[\"https:\\\/\\\/researchnb.ca\\\/fr\\\/impact\\\/health\\\/\"]}]},{\"@type\":\"ImageObject\",\"inLanguage\":\"fr-FR\",\"@id\":\"https:\\\/\\\/researchnb.ca\\\/fr\\\/impact\\\/health\\\/#primaryimage\",\"url\":\"https:\\\/\\\/researchnb.ca\\\/wp-content\\\/uploads\\\/2025\\\/02\\\/Group-305.png\",\"contentUrl\":\"https:\\\/\\\/researchnb.ca\\\/wp-content\\\/uploads\\\/2025\\\/02\\\/Group-305.png\",\"width\":1062,\"height\":1348},{\"@type\":\"BreadcrumbList\",\"@id\":\"https:\\\/\\\/researchnb.ca\\\/fr\\\/impact\\\/health\\\/#breadcrumb\",\"itemListElement\":[{\"@type\":\"ListItem\",\"position\":1,\"name\":\"Home\",\"item\":\"https:\\\/\\\/researchnb.ca\\\/fr\\\/\"},{\"@type\":\"ListItem\",\"position\":2,\"name\":\"Impact\",\"item\":\"https:\\\/\\\/researchnb.ca\\\/fr\\\/impact\\\/\"},{\"@type\":\"ListItem\",\"position\":3,\"name\":\"Sant\u00e9\"}]},{\"@type\":\"WebSite\",\"@id\":\"https:\\\/\\\/researchnb.ca\\\/#website\",\"url\":\"https:\\\/\\\/researchnb.ca\\\/\",\"name\":\"Research NB\",\"description\":\"Research and innovation for a thriving New Brunswick.\",\"publisher\":{\"@id\":\"https:\\\/\\\/researchnb.ca\\\/#organization\"},\"potentialAction\":[{\"@type\":\"SearchAction\",\"target\":{\"@type\":\"EntryPoint\",\"urlTemplate\":\"https:\\\/\\\/researchnb.ca\\\/?s={search_term_string}\"},\"query-input\":{\"@type\":\"PropertyValueSpecification\",\"valueRequired\":true,\"valueName\":\"search_term_string\"}}],\"inLanguage\":\"fr-FR\"},{\"@type\":\"Organization\",\"@id\":\"https:\\\/\\\/researchnb.ca\\\/#organization\",\"name\":\"Research NB\",\"url\":\"https:\\\/\\\/researchnb.ca\\\/\",\"logo\":{\"@type\":\"ImageObject\",\"inLanguage\":\"fr-FR\",\"@id\":\"https:\\\/\\\/researchnb.ca\\\/#\\\/schema\\\/logo\\\/image\\\/\",\"url\":\"https:\\\/\\\/researchnb.ca\\\/wp-content\\\/uploads\\\/2024\\\/11\\\/Group-2.svg\",\"contentUrl\":\"https:\\\/\\\/researchnb.ca\\\/wp-content\\\/uploads\\\/2024\\\/11\\\/Group-2.svg\",\"width\":127,\"height\":89,\"caption\":\"Research NB\"},\"image\":{\"@id\":\"https:\\\/\\\/researchnb.ca\\\/#\\\/schema\\\/logo\\\/image\\\/\"},\"sameAs\":[\"https:\\\/\\\/www.facebook.com\\\/ResearchNB\"]}]}<\/script>\n<!-- \/ Yoast SEO plugin. -->","yoast_head_json":{"title":"Sant\u00e9 - ResearchNB","robots":{"index":"index","follow":"follow","max-snippet":"max-snippet:-1","max-image-preview":"max-image-preview:large","max-video-preview":"max-video-preview:-1"},"canonical":"https:\/\/researchnb.ca\/fr\/impact\/health\/","og_locale":"fr_FR","og_type":"article","og_title":"Sant\u00e9 - ResearchNB","og_description":"Nous soutenons l&rsquo;avenir de la sant\u00e9 au N.-B. Faire progresser la sant\u00e9, Stimuler les communaut\u00e9s, Transformer l&rsquo;avenir du Nouveau-Brunswick. Le milieu de la recherche en sant\u00e9 du Nouveau-Brunswick est un&hellip;","og_url":"https:\/\/researchnb.ca\/fr\/impact\/health\/","og_site_name":"ResearchNB","article_publisher":"https:\/\/www.facebook.com\/ResearchNB","article_modified_time":"2026-02-04T07:05:01+00:00","og_image":[{"width":1062,"height":1348,"url":"https:\/\/researchnb.ca\/wp-content\/uploads\/2025\/02\/Group-305.png","type":"image\/png"}],"twitter_card":"summary_large_image","twitter_misc":{"Dur\u00e9e de lecture estim\u00e9e":"1 minute"},"schema":{"@context":"https:\/\/schema.org","@graph":[{"@type":"WebPage","@id":"https:\/\/researchnb.ca\/fr\/impact\/health\/","url":"https:\/\/researchnb.ca\/fr\/impact\/health\/","name":"Sant\u00e9 - ResearchNB","isPartOf":{"@id":"https:\/\/researchnb.ca\/#website"},"primaryImageOfPage":{"@id":"https:\/\/researchnb.ca\/fr\/impact\/health\/#primaryimage"},"image":{"@id":"https:\/\/researchnb.ca\/fr\/impact\/health\/#primaryimage"},"thumbnailUrl":"https:\/\/researchnb.ca\/wp-content\/uploads\/2025\/02\/Group-305.png","datePublished":"2024-12-16T06:57:57+00:00","dateModified":"2026-02-04T07:05:01+00:00","breadcrumb":{"@id":"https:\/\/researchnb.ca\/fr\/impact\/health\/#breadcrumb"},"inLanguage":"fr-FR","potentialAction":[{"@type":"ReadAction","target":["https:\/\/researchnb.ca\/fr\/impact\/health\/"]}]},{"@type":"ImageObject","inLanguage":"fr-FR","@id":"https:\/\/researchnb.ca\/fr\/impact\/health\/#primaryimage","url":"https:\/\/researchnb.ca\/wp-content\/uploads\/2025\/02\/Group-305.png","contentUrl":"https:\/\/researchnb.ca\/wp-content\/uploads\/2025\/02\/Group-305.png","width":1062,"height":1348},{"@type":"BreadcrumbList","@id":"https:\/\/researchnb.ca\/fr\/impact\/health\/#breadcrumb","itemListElement":[{"@type":"ListItem","position":1,"name":"Home","item":"https:\/\/researchnb.ca\/fr\/"},{"@type":"ListItem","position":2,"name":"Impact","item":"https:\/\/researchnb.ca\/fr\/impact\/"},{"@type":"ListItem","position":3,"name":"Sant\u00e9"}]},{"@type":"WebSite","@id":"https:\/\/researchnb.ca\/#website","url":"https:\/\/researchnb.ca\/","name":"Research NB","description":"Research and innovation for a thriving New Brunswick.","publisher":{"@id":"https:\/\/researchnb.ca\/#organization"},"potentialAction":[{"@type":"SearchAction","target":{"@type":"EntryPoint","urlTemplate":"https:\/\/researchnb.ca\/?s={search_term_string}"},"query-input":{"@type":"PropertyValueSpecification","valueRequired":true,"valueName":"search_term_string"}}],"inLanguage":"fr-FR"},{"@type":"Organization","@id":"https:\/\/researchnb.ca\/#organization","name":"Research NB","url":"https:\/\/researchnb.ca\/","logo":{"@type":"ImageObject","inLanguage":"fr-FR","@id":"https:\/\/researchnb.ca\/#\/schema\/logo\/image\/","url":"https:\/\/researchnb.ca\/wp-content\/uploads\/2024\/11\/Group-2.svg","contentUrl":"https:\/\/researchnb.ca\/wp-content\/uploads\/2024\/11\/Group-2.svg","width":127,"height":89,"caption":"Research NB"},"image":{"@id":"https:\/\/researchnb.ca\/#\/schema\/logo\/image\/"},"sameAs":["https:\/\/www.facebook.com\/ResearchNB"]}]}},"_links":{"self":[{"href":"https:\/\/researchnb.ca\/fr\/wp-json\/wp\/v2\/pages\/2218","targetHints":{"allow":["GET"]}}],"collection":[{"href":"https:\/\/researchnb.ca\/fr\/wp-json\/wp\/v2\/pages"}],"about":[{"href":"https:\/\/researchnb.ca\/fr\/wp-json\/wp\/v2\/types\/page"}],"author":[{"embeddable":true,"href":"https:\/\/researchnb.ca\/fr\/wp-json\/wp\/v2\/users\/1"}],"replies":[{"embeddable":true,"href":"https:\/\/researchnb.ca\/fr\/wp-json\/wp\/v2\/comments?post=2218"}],"version-history":[{"count":11,"href":"https:\/\/researchnb.ca\/fr\/wp-json\/wp\/v2\/pages\/2218\/revisions"}],"predecessor-version":[{"id":4831,"href":"https:\/\/researchnb.ca\/fr\/wp-json\/wp\/v2\/pages\/2218\/revisions\/4831"}],"up":[{"embeddable":true,"href":"https:\/\/researchnb.ca\/fr\/wp-json\/wp\/v2\/pages\/2214"}],"wp:featuredmedia":[{"embeddable":true,"href":"https:\/\/researchnb.ca\/fr\/wp-json\/wp\/v2\/media\/2079"}],"wp:attachment":[{"href":"https:\/\/researchnb.ca\/fr\/wp-json\/wp\/v2\/media?parent=2218"}],"curies":[{"name":"wp","href":"https:\/\/api.w.org\/{rel}","templated":true}]}}