{"id":2220,"date":"2024-12-16T10:11:46","date_gmt":"2024-12-16T10:11:46","guid":{"rendered":"https:\/\/researchnb.ca\/impact\/oceans\/"},"modified":"2026-02-04T07:04:29","modified_gmt":"2026-02-04T07:04:29","slug":"oceans","status":"publish","type":"page","link":"https:\/\/researchnb.ca\/fr\/impact\/oceans\/","title":{"rendered":"Oc\u00e9ans"},"content":{"rendered":"\n\n\t <div class=\"breadcrumb-container theme1\">\n           <ol>\n                            <\/ol>\n\n                    <\/div>    <script type=\"application\/ld+json\">\n        {\n            \"@context\": \"http:\/\/schema.org\",\n            \"@type\": \"BreadcrumbList\",\n            \"itemListElement\": [\n                            ]\n        }\n    <\/script>\n   \n    <script>\n            <\/script>\n<nav aria-label=\"breadcrumbs\">\n            <div class=\"breadcrumb-container theme1\">\n                <ol>\n                                    <\/ol>\n            <\/div>\n        <\/nav>    <script type=\"application\/ld+json\">\n        {\n            \"@context\": \"http:\/\/schema.org\",\n            \"@type\": \"BreadcrumbList\",\n            \"itemListElement\": [\n                            ]\n        }\n    <\/script>\n   \n    <script>\n            <\/script>\n\n<figure itemscope itemtype=\"https:\/\/schema.org\/ImageObject\">\n\t\t\t\t<img decoding=\"async\" src=\"https:\/\/researchnb.ca\/wp-content\/uploads\/2024\/12\/Group-1035.svg\" alt=\"Group 1035\" height=\"114\" width=\"114\" title=\"Group 1035\" onerror=\"this.style.display='none'\" loading=\"lazy\" \/>\n\t<\/figure>\n<h2>\n\t\t\tNous soutenons l&rsquo;avenir des oc\u00e9ans au N.-B.\t<\/h2>\n<h2>\n\t\t\tExplorer les profondeurs, Propulser l&rsquo;innovation, Soutenir notre avenir bleu\t<\/h2>\n\t<p>Le Nouveau-Brunswick a une excellente fondation et un potentiel de croissance dans l&rsquo;\u00e9conomie des oc\u00e9ans. La province accueille des coll\u00e8ges, des universit\u00e9s et des organismes de recherche publics et priv\u00e9s d\u00e9vou\u00e9s \u00e0 l&rsquo;avancement des sciences marines et \u00e0 la gestion durable des oc\u00e9ans. Les priorit\u00e9s de recherche sont ax\u00e9es sur l&rsquo;aquaculture, l&rsquo;oc\u00e9anographie et les p\u00eaches durables, avec un accent particulier sur les \u00e9cosyst\u00e8mes c\u00f4tiers et marins. Les outils d&rsquo;intelligence artificielle sont de plus en plus utilis\u00e9s pour g\u00e9rer des ensembles de donn\u00e9es complexes, alors que les techniques de fabrication de pointe permettent la croissance du secteur des oc\u00e9ans. Les ports jouent un r\u00f4le important dans le d\u00e9ploiement des nouvelles technologies tout en permettant au Nouveau-Brunswick d&rsquo;acc\u00e9der aux march\u00e9s mondiaux.<\/p>\n<p>La collaboration entre les \u00e9tablissements acad\u00e9miques, les agences publiques et l&rsquo;industrie soutient la recherche appliqu\u00e9e qui fait la promotion de la conservation maritime et de l&rsquo;utilisation durable des ressources oc\u00e9aniques. Le financement provenant de subventions, des gouvernements, et de l&rsquo;industrie permettent de renforcer les \u00e9conomies c\u00f4ti\u00e8res, d&rsquo;am\u00e9liorer la durabilit\u00e9 et de prot\u00e9ger la biodiversit\u00e9 marine.<\/p>\n<h2>\n\t\t\tCHIFFRES D&rsquo;IMPACT\t<\/h2>\n<h2>\n\t\t\tSucc\u00e8s dans le secteur\t<\/h2>\n\t\t3\n\t\t\t\t\tprojets financ\u00e9s au cours des 12 derniers mois\n\t\t$185,000\n\t\t\t\t\tattribu\u00e9s au cours des 12 derniers mois\n\t\t$1,666,322\n\t\t\t\t\tattribu\u00e9es depuis 2022\n<h2>\n\t\t\tHISTOIRES D&rsquo;IMPACT\t<\/h2>\n<h2>\n\t\t\tD\u00e9couvrez l&rsquo;impact que nous avons dans le domaine des oc\u00e9ans.\t<\/h2>\n<h2>\n\t\t\tPROGRAMMES\t<\/h2>\n<h2>\n\t\t\tPr\u00e9sentez une demande de financement pour votre projet.\t<\/h2>\n\n","protected":false},"excerpt":{"rendered":"<p>Nous soutenons l&rsquo;avenir des oc\u00e9ans au N.-B. Explorer les profondeurs, Propulser l&rsquo;innovation, Soutenir notre avenir bleu Le Nouveau-Brunswick a une excellente fondation et un potentiel de croissance dans l&rsquo;\u00e9conomie des&hellip;<\/p>\n","protected":false},"author":1,"featured_media":2079,"parent":2214,"menu_order":73,"comment_status":"closed","ping_status":"closed","template":"","meta":{"_acf_changed":false,"footnotes":""},"class_list":["post-2220","page","type-page","status-publish","has-post-thumbnail","hentry"],"acf":[],"yoast_head":"<!-- This site is optimized with the Yoast SEO plugin v27.3 - https:\/\/yoast.com\/product\/yoast-seo-wordpress\/ -->\n<title>Oc\u00e9ans - ResearchNB<\/title>\n<meta name=\"robots\" content=\"index, follow, max-snippet:-1, max-image-preview:large, max-video-preview:-1\" \/>\n<link rel=\"canonical\" href=\"https:\/\/researchnb.ca\/fr\/impact\/oceans\/\" \/>\n<meta property=\"og:locale\" content=\"fr_FR\" \/>\n<meta property=\"og:type\" content=\"article\" \/>\n<meta property=\"og:title\" content=\"Oc\u00e9ans - ResearchNB\" \/>\n<meta property=\"og:description\" content=\"Nous soutenons l&rsquo;avenir des oc\u00e9ans au N.-B. Explorer les profondeurs, Propulser l&rsquo;innovation, Soutenir notre avenir bleu Le Nouveau-Brunswick a une excellente fondation et un potentiel de croissance dans l&rsquo;\u00e9conomie des&hellip;\" \/>\n<meta property=\"og:url\" content=\"https:\/\/researchnb.ca\/fr\/impact\/oceans\/\" \/>\n<meta property=\"og:site_name\" content=\"ResearchNB\" \/>\n<meta property=\"article:publisher\" content=\"https:\/\/www.facebook.com\/ResearchNB\" \/>\n<meta property=\"article:modified_time\" content=\"2026-02-04T07:04:29+00:00\" \/>\n<meta property=\"og:image\" content=\"https:\/\/researchnb.ca\/wp-content\/uploads\/2025\/02\/Group-305.png\" \/>\n\t<meta property=\"og:image:width\" content=\"1062\" \/>\n\t<meta property=\"og:image:height\" content=\"1348\" \/>\n\t<meta property=\"og:image:type\" content=\"image\/png\" \/>\n<meta name=\"twitter:card\" content=\"summary_large_image\" \/>\n<meta name=\"twitter:label1\" content=\"Dur\u00e9e de lecture estim\u00e9e\" \/>\n\t<meta name=\"twitter:data1\" content=\"1 minute\" \/>\n<script type=\"application\/ld+json\" class=\"yoast-schema-graph\">{\"@context\":\"https:\\\/\\\/schema.org\",\"@graph\":[{\"@type\":\"WebPage\",\"@id\":\"https:\\\/\\\/researchnb.ca\\\/fr\\\/impact\\\/oceans\\\/\",\"url\":\"https:\\\/\\\/researchnb.ca\\\/fr\\\/impact\\\/oceans\\\/\",\"name\":\"Oc\u00e9ans - ResearchNB\",\"isPartOf\":{\"@id\":\"https:\\\/\\\/researchnb.ca\\\/#website\"},\"primaryImageOfPage\":{\"@id\":\"https:\\\/\\\/researchnb.ca\\\/fr\\\/impact\\\/oceans\\\/#primaryimage\"},\"image\":{\"@id\":\"https:\\\/\\\/researchnb.ca\\\/fr\\\/impact\\\/oceans\\\/#primaryimage\"},\"thumbnailUrl\":\"https:\\\/\\\/researchnb.ca\\\/wp-content\\\/uploads\\\/2025\\\/02\\\/Group-305.png\",\"datePublished\":\"2024-12-16T10:11:46+00:00\",\"dateModified\":\"2026-02-04T07:04:29+00:00\",\"breadcrumb\":{\"@id\":\"https:\\\/\\\/researchnb.ca\\\/fr\\\/impact\\\/oceans\\\/#breadcrumb\"},\"inLanguage\":\"fr-FR\",\"potentialAction\":[{\"@type\":\"ReadAction\",\"target\":[\"https:\\\/\\\/researchnb.ca\\\/fr\\\/impact\\\/oceans\\\/\"]}]},{\"@type\":\"ImageObject\",\"inLanguage\":\"fr-FR\",\"@id\":\"https:\\\/\\\/researchnb.ca\\\/fr\\\/impact\\\/oceans\\\/#primaryimage\",\"url\":\"https:\\\/\\\/researchnb.ca\\\/wp-content\\\/uploads\\\/2025\\\/02\\\/Group-305.png\",\"contentUrl\":\"https:\\\/\\\/researchnb.ca\\\/wp-content\\\/uploads\\\/2025\\\/02\\\/Group-305.png\",\"width\":1062,\"height\":1348},{\"@type\":\"BreadcrumbList\",\"@id\":\"https:\\\/\\\/researchnb.ca\\\/fr\\\/impact\\\/oceans\\\/#breadcrumb\",\"itemListElement\":[{\"@type\":\"ListItem\",\"position\":1,\"name\":\"Home\",\"item\":\"https:\\\/\\\/researchnb.ca\\\/fr\\\/\"},{\"@type\":\"ListItem\",\"position\":2,\"name\":\"Impact\",\"item\":\"https:\\\/\\\/researchnb.ca\\\/fr\\\/impact\\\/\"},{\"@type\":\"ListItem\",\"position\":3,\"name\":\"Oc\u00e9ans\"}]},{\"@type\":\"WebSite\",\"@id\":\"https:\\\/\\\/researchnb.ca\\\/#website\",\"url\":\"https:\\\/\\\/researchnb.ca\\\/\",\"name\":\"Research NB\",\"description\":\"Research and innovation for a thriving New Brunswick.\",\"publisher\":{\"@id\":\"https:\\\/\\\/researchnb.ca\\\/#organization\"},\"potentialAction\":[{\"@type\":\"SearchAction\",\"target\":{\"@type\":\"EntryPoint\",\"urlTemplate\":\"https:\\\/\\\/researchnb.ca\\\/?s={search_term_string}\"},\"query-input\":{\"@type\":\"PropertyValueSpecification\",\"valueRequired\":true,\"valueName\":\"search_term_string\"}}],\"inLanguage\":\"fr-FR\"},{\"@type\":\"Organization\",\"@id\":\"https:\\\/\\\/researchnb.ca\\\/#organization\",\"name\":\"Research NB\",\"url\":\"https:\\\/\\\/researchnb.ca\\\/\",\"logo\":{\"@type\":\"ImageObject\",\"inLanguage\":\"fr-FR\",\"@id\":\"https:\\\/\\\/researchnb.ca\\\/#\\\/schema\\\/logo\\\/image\\\/\",\"url\":\"https:\\\/\\\/researchnb.ca\\\/wp-content\\\/uploads\\\/2024\\\/11\\\/Group-2.svg\",\"contentUrl\":\"https:\\\/\\\/researchnb.ca\\\/wp-content\\\/uploads\\\/2024\\\/11\\\/Group-2.svg\",\"width\":127,\"height\":89,\"caption\":\"Research NB\"},\"image\":{\"@id\":\"https:\\\/\\\/researchnb.ca\\\/#\\\/schema\\\/logo\\\/image\\\/\"},\"sameAs\":[\"https:\\\/\\\/www.facebook.com\\\/ResearchNB\"]}]}<\/script>\n<!-- \/ Yoast SEO plugin. -->","yoast_head_json":{"title":"Oc\u00e9ans - ResearchNB","robots":{"index":"index","follow":"follow","max-snippet":"max-snippet:-1","max-image-preview":"max-image-preview:large","max-video-preview":"max-video-preview:-1"},"canonical":"https:\/\/researchnb.ca\/fr\/impact\/oceans\/","og_locale":"fr_FR","og_type":"article","og_title":"Oc\u00e9ans - ResearchNB","og_description":"Nous soutenons l&rsquo;avenir des oc\u00e9ans au N.-B. Explorer les profondeurs, Propulser l&rsquo;innovation, Soutenir notre avenir bleu Le Nouveau-Brunswick a une excellente fondation et un potentiel de croissance dans l&rsquo;\u00e9conomie des&hellip;","og_url":"https:\/\/researchnb.ca\/fr\/impact\/oceans\/","og_site_name":"ResearchNB","article_publisher":"https:\/\/www.facebook.com\/ResearchNB","article_modified_time":"2026-02-04T07:04:29+00:00","og_image":[{"width":1062,"height":1348,"url":"https:\/\/researchnb.ca\/wp-content\/uploads\/2025\/02\/Group-305.png","type":"image\/png"}],"twitter_card":"summary_large_image","twitter_misc":{"Dur\u00e9e de lecture estim\u00e9e":"1 minute"},"schema":{"@context":"https:\/\/schema.org","@graph":[{"@type":"WebPage","@id":"https:\/\/researchnb.ca\/fr\/impact\/oceans\/","url":"https:\/\/researchnb.ca\/fr\/impact\/oceans\/","name":"Oc\u00e9ans - ResearchNB","isPartOf":{"@id":"https:\/\/researchnb.ca\/#website"},"primaryImageOfPage":{"@id":"https:\/\/researchnb.ca\/fr\/impact\/oceans\/#primaryimage"},"image":{"@id":"https:\/\/researchnb.ca\/fr\/impact\/oceans\/#primaryimage"},"thumbnailUrl":"https:\/\/researchnb.ca\/wp-content\/uploads\/2025\/02\/Group-305.png","datePublished":"2024-12-16T10:11:46+00:00","dateModified":"2026-02-04T07:04:29+00:00","breadcrumb":{"@id":"https:\/\/researchnb.ca\/fr\/impact\/oceans\/#breadcrumb"},"inLanguage":"fr-FR","potentialAction":[{"@type":"ReadAction","target":["https:\/\/researchnb.ca\/fr\/impact\/oceans\/"]}]},{"@type":"ImageObject","inLanguage":"fr-FR","@id":"https:\/\/researchnb.ca\/fr\/impact\/oceans\/#primaryimage","url":"https:\/\/researchnb.ca\/wp-content\/uploads\/2025\/02\/Group-305.png","contentUrl":"https:\/\/researchnb.ca\/wp-content\/uploads\/2025\/02\/Group-305.png","width":1062,"height":1348},{"@type":"BreadcrumbList","@id":"https:\/\/researchnb.ca\/fr\/impact\/oceans\/#breadcrumb","itemListElement":[{"@type":"ListItem","position":1,"name":"Home","item":"https:\/\/researchnb.ca\/fr\/"},{"@type":"ListItem","position":2,"name":"Impact","item":"https:\/\/researchnb.ca\/fr\/impact\/"},{"@type":"ListItem","position":3,"name":"Oc\u00e9ans"}]},{"@type":"WebSite","@id":"https:\/\/researchnb.ca\/#website","url":"https:\/\/researchnb.ca\/","name":"Research NB","description":"Research and innovation for a thriving New Brunswick.","publisher":{"@id":"https:\/\/researchnb.ca\/#organization"},"potentialAction":[{"@type":"SearchAction","target":{"@type":"EntryPoint","urlTemplate":"https:\/\/researchnb.ca\/?s={search_term_string}"},"query-input":{"@type":"PropertyValueSpecification","valueRequired":true,"valueName":"search_term_string"}}],"inLanguage":"fr-FR"},{"@type":"Organization","@id":"https:\/\/researchnb.ca\/#organization","name":"Research NB","url":"https:\/\/researchnb.ca\/","logo":{"@type":"ImageObject","inLanguage":"fr-FR","@id":"https:\/\/researchnb.ca\/#\/schema\/logo\/image\/","url":"https:\/\/researchnb.ca\/wp-content\/uploads\/2024\/11\/Group-2.svg","contentUrl":"https:\/\/researchnb.ca\/wp-content\/uploads\/2024\/11\/Group-2.svg","width":127,"height":89,"caption":"Research NB"},"image":{"@id":"https:\/\/researchnb.ca\/#\/schema\/logo\/image\/"},"sameAs":["https:\/\/www.facebook.com\/ResearchNB"]}]}},"_links":{"self":[{"href":"https:\/\/researchnb.ca\/fr\/wp-json\/wp\/v2\/pages\/2220","targetHints":{"allow":["GET"]}}],"collection":[{"href":"https:\/\/researchnb.ca\/fr\/wp-json\/wp\/v2\/pages"}],"about":[{"href":"https:\/\/researchnb.ca\/fr\/wp-json\/wp\/v2\/types\/page"}],"author":[{"embeddable":true,"href":"https:\/\/researchnb.ca\/fr\/wp-json\/wp\/v2\/users\/1"}],"replies":[{"embeddable":true,"href":"https:\/\/researchnb.ca\/fr\/wp-json\/wp\/v2\/comments?post=2220"}],"version-history":[{"count":11,"href":"https:\/\/researchnb.ca\/fr\/wp-json\/wp\/v2\/pages\/2220\/revisions"}],"predecessor-version":[{"id":4830,"href":"https:\/\/researchnb.ca\/fr\/wp-json\/wp\/v2\/pages\/2220\/revisions\/4830"}],"up":[{"embeddable":true,"href":"https:\/\/researchnb.ca\/fr\/wp-json\/wp\/v2\/pages\/2214"}],"wp:featuredmedia":[{"embeddable":true,"href":"https:\/\/researchnb.ca\/fr\/wp-json\/wp\/v2\/media\/2079"}],"wp:attachment":[{"href":"https:\/\/researchnb.ca\/fr\/wp-json\/wp\/v2\/media?parent=2220"}],"curies":[{"name":"wp","href":"https:\/\/api.w.org\/{rel}","templated":true}]}}