{"id":2227,"date":"2024-12-17T16:40:49","date_gmt":"2024-12-17T16:40:49","guid":{"rendered":"https:\/\/researchnb.ca\/about\/"},"modified":"2025-04-02T13:11:03","modified_gmt":"2025-04-02T13:11:03","slug":"a-propos","status":"publish","type":"page","link":"https:\/\/researchnb.ca\/fr\/a-propos\/","title":{"rendered":"\u00c0 propos"},"content":{"rendered":"\n<h2>\n\t\t\u00c0 PROPOS\n\t<\/h2>\n<h2>\n\t\tLa promotion de la recherche dans toute la province.\n\t<\/h2>\n<h2>\n\t\tMISSION\n\t<\/h2>\n<h2>\n\t\tPropulser la d\u00e9couverte ensemble.\n\t<\/h2>\n<h4>\n\t\tQui sommes-nous?\n\t<\/h4>\n\t<p>RechercheNB soutient la recherche au Nouveau-Brunswick. Ayant pour mission de propulser la d\u00e9couverte ensemble, RechercheNB finance la recherche de pointe, fait la promotion de l&rsquo;excellence en recherche, et fait le lien dans les secteurs de l&rsquo;agriculture, de la foresterie, des oc\u00e9ans, de la sant\u00e9 et de l&rsquo;\u00e9nergie pour b\u00e2tir un milieu de recherche bien financ\u00e9 et ayant de l&rsquo;impact.<\/p>\n<h2>\n\t\tVISION\n\t<\/h2>\n<h2>\n\t\tRechercheNB m\u00e8ne le d\u00e9veloppement d&rsquo;une communaut\u00e9 de recherche et d&rsquo;innovation bien financ\u00e9e, ayant de l&rsquo;impact, et collaborative pour le bien-\u00eatre du Nouveau-Brunswick.\n\t<\/h2>\n<h2>\n\t\tVALEURS\n\t<\/h2>\n<h2>\n\t\tCe qui est important pour nous.\n\t<\/h2>\n\t\t\t\t<img loading=\"lazy\" decoding=\"async\" src=\"https:\/\/researchnb.ca\/wp-content\/uploads\/2024\/12\/noun-opportunities-7298996.svg\" alt=\"noun-opportunities-7298996\" itemprop=\"image\" height=\"66\" width=\"75\" title=\"noun-opportunities-7298996\" onerror=\"this.style.display='none'\"  \/>\n\t\t<h3>Int\u00e9grit\u00e9<\/h3><p>Nous m\u00e9ritons la confiance mutuelle en agissant avec int\u00e9grit\u00e9 et dans le meilleur int\u00e9r\u00eat de l&rsquo;\u00e9quipe.<\/p>\n\t\t\t\t<img loading=\"lazy\" decoding=\"async\" src=\"https:\/\/researchnb.ca\/wp-content\/uploads\/2024\/12\/Group-232.svg\" alt=\"Group 232\" itemprop=\"image\" height=\"75\" width=\"75\" title=\"Group 232\" onerror=\"this.style.display='none'\"  \/>\n\t\t<h3>Passion<\/h3><p>Nous poursuivons sans rel\u00e2che notre vision commune.<\/p>\n\t\t\t\t<img loading=\"lazy\" decoding=\"async\" src=\"https:\/\/researchnb.ca\/wp-content\/uploads\/2024\/12\/noun-promote-4732054.svg\" alt=\"noun-promote-4732054\" itemprop=\"image\" height=\"60\" width=\"75\" title=\"noun-promote-4732054\" onerror=\"this.style.display='none'\"  \/>\n\t\t<h3>Reddition des comptes<\/h3><p>Nous sommes transparents dans nos d\u00e9cisions et nous respectons nos engagements.<\/p>\n<h2>\n\t\tPILIERS STRAT\u00c9GIQUES\n\t<\/h2>\n<h2>\n\t\tNous nous concentrons sur quatre strat\u00e9gies principales :\n\t<\/h2>\n\t\t\t\t<img loading=\"lazy\" decoding=\"async\" src=\"https:\/\/researchnb.ca\/wp-content\/uploads\/2024\/12\/Group-1096.svg\" alt=\"Group 1096\" itemprop=\"image\" height=\"52\" width=\"81\" title=\"Group 1096\" onerror=\"this.style.display='none'\"  \/>\n<h3>Financer la recherche <p> et de l&rsquo;innovation.<\/p><\/h3>Offrir des programmes de financement qui propulsent la croissance dans le milieu de la recherche et de l&rsquo;innovation au Nouveau-Brunswick.\n\t\t\t\t<img loading=\"lazy\" decoding=\"async\" src=\"https:\/\/researchnb.ca\/wp-content\/uploads\/2024\/12\/Group-1098.svg\" alt=\"Group 1098\" itemprop=\"image\" height=\"57\" width=\"75\" title=\"Group 1098\" onerror=\"this.style.display='none'\"  \/>\n<h3>B\u00e2tir une fondation <p> pour le succ\u00e8s.<\/p><\/h3>Aligner les gens, les politiques et les pratiques pour former une organisation efficiente et engag\u00e9e qui travaille pour soutenir notre mission de propulser la d\u00e9couverte ensemble.\n\t\t\t\t<img loading=\"lazy\" decoding=\"async\" src=\"https:\/\/researchnb.ca\/wp-content\/uploads\/2024\/12\/Component-40---1.svg\" alt=\"Component 40 - 1\" itemprop=\"image\" height=\"60\" width=\"61\" title=\"Component 40 - 1\" onerror=\"this.style.display='none'\"  \/>\n<h3>Faire des liens.<\/h3><p>Aligner le gouvernement, le milieu acad\u00e9mique et l&rsquo;industrie vers des objectifs communs pour la croissance du financement sectoriel au Nouveau-Brunswick.<\/p>\n\t\t\t\t<img loading=\"lazy\" decoding=\"async\" src=\"https:\/\/researchnb.ca\/wp-content\/uploads\/2024\/12\/Group-1099.svg\" alt=\"Group 1099\" itemprop=\"image\" height=\"64\" width=\"64\" title=\"Group 1099\" onerror=\"this.style.display='none'\"  \/>\n<h3>Avancer l&rsquo;impact.<\/h3><p>Positionner le milieu de la recherche et de l&rsquo;innovation du Nouveau-Brunswick comme le champ d&rsquo;essai en mati\u00e8re d&rsquo;innovation au Canada.<\/p>\n<h2>\n\t\tCe que nous faisons\n\t<\/h2>\n\t\t\t\t<img loading=\"lazy\" decoding=\"async\" src=\"https:\/\/researchnb.ca\/wp-content\/uploads\/2024\/12\/Group-1096.svg\" alt=\"Group 1096\" itemprop=\"image\" height=\"52\" width=\"81\" title=\"Group 1096\" onerror=\"this.style.display='none'\"  \/>\n<h3>Nous finan\u00e7ons la recherche.<\/h3><p>Nos programmes de financement octroient des millions de dollars en financement de la recherche annuellement dans les domaines d&rsquo;investissement ax\u00e9s sur le talent, l&rsquo;infrastructure, les id\u00e9es et la recherche strat\u00e9gique. Nous nous concentrons sur le renforcement du milieu de la recherche, encourageant les projets de nos secteurs prioritaires et tirant parti des possibilit\u00e9s de financement suppl\u00e9mentaire pour les chercheurs du Nouveau-Brunswick.<\/p>\n\t\t\t\t<img loading=\"lazy\" decoding=\"async\" src=\"https:\/\/researchnb.ca\/wp-content\/uploads\/2024\/12\/Component-40---1.svg\" alt=\"Component 40 - 1\" itemprop=\"image\" height=\"60\" width=\"61\" title=\"Component 40 - 1\" onerror=\"this.style.display='none'\"  \/>\n<h3>Nous tissons des liens.<\/h3><p>Nous collaborons avec les partenaires gouvernementaux, communautaires et industriels pour faire progresser la recherche et l&rsquo;innovation dans notre province. En identifier les atouts, les manques et les diff\u00e9rences qui informent les opportunit\u00e9s importantes d&rsquo;investissement dans les secteurs prioritaires de recherche au Nouveau-Brunswick, nous produisons les programmes de recherche sectoriels qui peuvent guider la croissance et la prosp\u00e9rit\u00e9 futures de notre province.<\/p>\n\t\t\t\t<img loading=\"lazy\" decoding=\"async\" src=\"https:\/\/researchnb.ca\/wp-content\/uploads\/2024\/12\/noun-promote-4732054.svg\" alt=\"noun-promote-4732054\" itemprop=\"image\" height=\"60\" width=\"75\" title=\"noun-promote-4732054\" onerror=\"this.style.display='none'\"  \/>\n<h3>Nous faisons la promotion de l&rsquo;excellence en recherche.<\/h3><p>La recherche est un moteur \u00e9conomique et une source de changement positif pour la population du Nouveau-Brunswick. Par notre travail, nous sommes en mesure de pr\u00e9senter l&rsquo;innovation pour une s\u00e9rie compl\u00e8te de recherche fondamentale et appliqu\u00e9e qui se d\u00e9roule au Nouveau-Brunswick gr\u00e2ce \u00e0 notre milieu de recherche robuste.<\/p>\n<h3>\n\t\tT\u00c9MOIGNAGES\n\t<\/h3>\n<h2>\n\t\tCe que pense la population du Nouveau-Brunswick\n\t<\/h2>\n                    <blockquote>\n                        <p>\u00a0\u00bb Je suis tr\u00e8s heureux de vous informer que ma subvention de projet des IRSC a \u00e9t\u00e9 financ\u00e9e dans le cadre de ce concours pour une p\u00e9riode de cinq ans. Je vous remercie de votre soutien continu, de votre collaboration et de votre mentorat. J&rsquo;aimerais remercier nos partenaires financiers (Recherche NB, Dal Advancement, River Phillip Foundation, HSF-NB) pour leur soutien continu qui m&rsquo;a aid\u00e9 \u00e0 renforcer la subvention avec du financement de transition et de durabilit\u00e9. De plus, cela n&rsquo;aurait pas \u00e9t\u00e9 possible sans le soutien ind\u00e9fectible de notre \u00e9quipe de recherche, de nos collaborateurs, de la direction du d\u00e9partement, de la facult\u00e9 et de l&rsquo;\u00e9tablissement, ainsi que du bureau du MRDO, qui ont appuy\u00e9 la demande et l&rsquo;ont men\u00e9e \u00e0 bien au cours des trois derniers cycles de subventions des IRSC. \u00a0\u00bb\u00a0\u00a0<\/p>                        <footer>\n                            <cite>-Thomas Pulinilkunnil, Ph.D.<\/cite>\n                            <cite>Professeur, Universit\u00e9 de Dalhousie<\/cite>\n                        <\/footer>\n                    <\/blockquote>\n<style>\n .icon {\n    position: absolute;\n    top: 0;\n    left: -25px;\n}\nblockquote {\n    border: none;\n    padding-left: 70px;\n    color: #fff;\n    line-height: 22px;\n}\ncite.client-name, cite.company-name {\n    color: #fff;\n    font-size: 22px;\n    line-height: 23px;\n    font-weight: bold;\n    font-style: normal;\n    display: block;\n    text-align: right;\n    font-family: Poppins, sans-serif;\n}\ncite.company-name{\n    font-weight: normal;\n}\n.carousel-item {\n    position: relative;\n}\n.icon svg {\n    width: 100px;\n    height: 72px;\n}\n<\/style><h2>\n\t\tNotre \u00e9quipe\n\t<\/h2>\n\t\t\t<a href=\"https:\/\/researchnb.ca\/fr\/about\/team\/\" target=\"_self\">\n\t\t\t\t\t\t\tRencontrez-les\n\t\t\t\t\t<\/a>\n<h2>\n\t\tNotre conseil d&rsquo;administration\n\t<\/h2>\n\t\t\t<a href=\"https:\/\/researchnb.ca\/fr\/about\/board-of-directors\/\" target=\"_self\">\n\t\t\t\t\t\t\tRencontrez-les\n\t\t\t\t\t<\/a>\n\n","protected":false},"excerpt":{"rendered":"<p>\u00c0 PROPOS La promotion de la recherche dans toute la province. MISSION Propulser la d\u00e9couverte ensemble. Qui sommes-nous? RechercheNB soutient la recherche au Nouveau-Brunswick. Ayant pour mission de propulser la&hellip;<\/p>\n","protected":false},"author":1,"featured_media":2079,"parent":0,"menu_order":8,"comment_status":"closed","ping_status":"closed","template":"","meta":{"_acf_changed":false,"footnotes":""},"class_list":["post-2227","page","type-page","status-publish","has-post-thumbnail","hentry"],"acf":[],"yoast_head":"<!-- This site is optimized with the Yoast SEO plugin v27.3 - https:\/\/yoast.com\/product\/yoast-seo-wordpress\/ -->\n<title>\u00c0 propos - ResearchNB<\/title>\n<meta name=\"robots\" content=\"index, follow, max-snippet:-1, max-image-preview:large, max-video-preview:-1\" \/>\n<link rel=\"canonical\" href=\"https:\/\/researchnb.ca\/fr\/a-propos\/\" \/>\n<meta property=\"og:locale\" content=\"fr_FR\" \/>\n<meta property=\"og:type\" content=\"article\" \/>\n<meta property=\"og:title\" content=\"\u00c0 propos - ResearchNB\" \/>\n<meta property=\"og:description\" content=\"\u00c0 PROPOS La promotion de la recherche dans toute la province. MISSION Propulser la d\u00e9couverte ensemble. Qui sommes-nous? RechercheNB soutient la recherche au Nouveau-Brunswick. Ayant pour mission de propulser la&hellip;\" \/>\n<meta property=\"og:url\" content=\"https:\/\/researchnb.ca\/fr\/a-propos\/\" \/>\n<meta property=\"og:site_name\" content=\"ResearchNB\" \/>\n<meta property=\"article:publisher\" content=\"https:\/\/www.facebook.com\/ResearchNB\" \/>\n<meta property=\"article:modified_time\" content=\"2025-04-02T13:11:03+00:00\" \/>\n<meta property=\"og:image\" content=\"https:\/\/researchnb.ca\/wp-content\/uploads\/2025\/02\/Group-305.png\" \/>\n\t<meta property=\"og:image:width\" content=\"1062\" \/>\n\t<meta property=\"og:image:height\" content=\"1348\" \/>\n\t<meta property=\"og:image:type\" content=\"image\/png\" \/>\n<meta name=\"twitter:card\" content=\"summary_large_image\" \/>\n<meta name=\"twitter:label1\" content=\"Dur\u00e9e de lecture estim\u00e9e\" \/>\n\t<meta name=\"twitter:data1\" content=\"3 minutes\" \/>\n<script type=\"application\/ld+json\" class=\"yoast-schema-graph\">{\"@context\":\"https:\\\/\\\/schema.org\",\"@graph\":[{\"@type\":\"WebPage\",\"@id\":\"https:\\\/\\\/researchnb.ca\\\/fr\\\/a-propos\\\/\",\"url\":\"https:\\\/\\\/researchnb.ca\\\/fr\\\/a-propos\\\/\",\"name\":\"\u00c0 propos - ResearchNB\",\"isPartOf\":{\"@id\":\"https:\\\/\\\/researchnb.ca\\\/#website\"},\"primaryImageOfPage\":{\"@id\":\"https:\\\/\\\/researchnb.ca\\\/fr\\\/a-propos\\\/#primaryimage\"},\"image\":{\"@id\":\"https:\\\/\\\/researchnb.ca\\\/fr\\\/a-propos\\\/#primaryimage\"},\"thumbnailUrl\":\"https:\\\/\\\/researchnb.ca\\\/wp-content\\\/uploads\\\/2025\\\/02\\\/Group-305.png\",\"datePublished\":\"2024-12-17T16:40:49+00:00\",\"dateModified\":\"2025-04-02T13:11:03+00:00\",\"breadcrumb\":{\"@id\":\"https:\\\/\\\/researchnb.ca\\\/fr\\\/a-propos\\\/#breadcrumb\"},\"inLanguage\":\"fr-FR\",\"potentialAction\":[{\"@type\":\"ReadAction\",\"target\":[\"https:\\\/\\\/researchnb.ca\\\/fr\\\/a-propos\\\/\"]}]},{\"@type\":\"ImageObject\",\"inLanguage\":\"fr-FR\",\"@id\":\"https:\\\/\\\/researchnb.ca\\\/fr\\\/a-propos\\\/#primaryimage\",\"url\":\"https:\\\/\\\/researchnb.ca\\\/wp-content\\\/uploads\\\/2025\\\/02\\\/Group-305.png\",\"contentUrl\":\"https:\\\/\\\/researchnb.ca\\\/wp-content\\\/uploads\\\/2025\\\/02\\\/Group-305.png\",\"width\":1062,\"height\":1348},{\"@type\":\"BreadcrumbList\",\"@id\":\"https:\\\/\\\/researchnb.ca\\\/fr\\\/a-propos\\\/#breadcrumb\",\"itemListElement\":[{\"@type\":\"ListItem\",\"position\":1,\"name\":\"Home\",\"item\":\"https:\\\/\\\/researchnb.ca\\\/fr\\\/\"},{\"@type\":\"ListItem\",\"position\":2,\"name\":\"\u00c0 propos\"}]},{\"@type\":\"WebSite\",\"@id\":\"https:\\\/\\\/researchnb.ca\\\/#website\",\"url\":\"https:\\\/\\\/researchnb.ca\\\/\",\"name\":\"Research NB\",\"description\":\"Research and innovation for a thriving New Brunswick.\",\"publisher\":{\"@id\":\"https:\\\/\\\/researchnb.ca\\\/#organization\"},\"potentialAction\":[{\"@type\":\"SearchAction\",\"target\":{\"@type\":\"EntryPoint\",\"urlTemplate\":\"https:\\\/\\\/researchnb.ca\\\/?s={search_term_string}\"},\"query-input\":{\"@type\":\"PropertyValueSpecification\",\"valueRequired\":true,\"valueName\":\"search_term_string\"}}],\"inLanguage\":\"fr-FR\"},{\"@type\":\"Organization\",\"@id\":\"https:\\\/\\\/researchnb.ca\\\/#organization\",\"name\":\"Research NB\",\"url\":\"https:\\\/\\\/researchnb.ca\\\/\",\"logo\":{\"@type\":\"ImageObject\",\"inLanguage\":\"fr-FR\",\"@id\":\"https:\\\/\\\/researchnb.ca\\\/#\\\/schema\\\/logo\\\/image\\\/\",\"url\":\"https:\\\/\\\/researchnb.ca\\\/wp-content\\\/uploads\\\/2024\\\/11\\\/Group-2.svg\",\"contentUrl\":\"https:\\\/\\\/researchnb.ca\\\/wp-content\\\/uploads\\\/2024\\\/11\\\/Group-2.svg\",\"width\":127,\"height\":89,\"caption\":\"Research NB\"},\"image\":{\"@id\":\"https:\\\/\\\/researchnb.ca\\\/#\\\/schema\\\/logo\\\/image\\\/\"},\"sameAs\":[\"https:\\\/\\\/www.facebook.com\\\/ResearchNB\"]}]}<\/script>\n<!-- \/ Yoast SEO plugin. -->","yoast_head_json":{"title":"\u00c0 propos - ResearchNB","robots":{"index":"index","follow":"follow","max-snippet":"max-snippet:-1","max-image-preview":"max-image-preview:large","max-video-preview":"max-video-preview:-1"},"canonical":"https:\/\/researchnb.ca\/fr\/a-propos\/","og_locale":"fr_FR","og_type":"article","og_title":"\u00c0 propos - ResearchNB","og_description":"\u00c0 PROPOS La promotion de la recherche dans toute la province. MISSION Propulser la d\u00e9couverte ensemble. Qui sommes-nous? RechercheNB soutient la recherche au Nouveau-Brunswick. Ayant pour mission de propulser la&hellip;","og_url":"https:\/\/researchnb.ca\/fr\/a-propos\/","og_site_name":"ResearchNB","article_publisher":"https:\/\/www.facebook.com\/ResearchNB","article_modified_time":"2025-04-02T13:11:03+00:00","og_image":[{"width":1062,"height":1348,"url":"https:\/\/researchnb.ca\/wp-content\/uploads\/2025\/02\/Group-305.png","type":"image\/png"}],"twitter_card":"summary_large_image","twitter_misc":{"Dur\u00e9e de lecture estim\u00e9e":"3 minutes"},"schema":{"@context":"https:\/\/schema.org","@graph":[{"@type":"WebPage","@id":"https:\/\/researchnb.ca\/fr\/a-propos\/","url":"https:\/\/researchnb.ca\/fr\/a-propos\/","name":"\u00c0 propos - ResearchNB","isPartOf":{"@id":"https:\/\/researchnb.ca\/#website"},"primaryImageOfPage":{"@id":"https:\/\/researchnb.ca\/fr\/a-propos\/#primaryimage"},"image":{"@id":"https:\/\/researchnb.ca\/fr\/a-propos\/#primaryimage"},"thumbnailUrl":"https:\/\/researchnb.ca\/wp-content\/uploads\/2025\/02\/Group-305.png","datePublished":"2024-12-17T16:40:49+00:00","dateModified":"2025-04-02T13:11:03+00:00","breadcrumb":{"@id":"https:\/\/researchnb.ca\/fr\/a-propos\/#breadcrumb"},"inLanguage":"fr-FR","potentialAction":[{"@type":"ReadAction","target":["https:\/\/researchnb.ca\/fr\/a-propos\/"]}]},{"@type":"ImageObject","inLanguage":"fr-FR","@id":"https:\/\/researchnb.ca\/fr\/a-propos\/#primaryimage","url":"https:\/\/researchnb.ca\/wp-content\/uploads\/2025\/02\/Group-305.png","contentUrl":"https:\/\/researchnb.ca\/wp-content\/uploads\/2025\/02\/Group-305.png","width":1062,"height":1348},{"@type":"BreadcrumbList","@id":"https:\/\/researchnb.ca\/fr\/a-propos\/#breadcrumb","itemListElement":[{"@type":"ListItem","position":1,"name":"Home","item":"https:\/\/researchnb.ca\/fr\/"},{"@type":"ListItem","position":2,"name":"\u00c0 propos"}]},{"@type":"WebSite","@id":"https:\/\/researchnb.ca\/#website","url":"https:\/\/researchnb.ca\/","name":"Research NB","description":"Research and innovation for a thriving New Brunswick.","publisher":{"@id":"https:\/\/researchnb.ca\/#organization"},"potentialAction":[{"@type":"SearchAction","target":{"@type":"EntryPoint","urlTemplate":"https:\/\/researchnb.ca\/?s={search_term_string}"},"query-input":{"@type":"PropertyValueSpecification","valueRequired":true,"valueName":"search_term_string"}}],"inLanguage":"fr-FR"},{"@type":"Organization","@id":"https:\/\/researchnb.ca\/#organization","name":"Research NB","url":"https:\/\/researchnb.ca\/","logo":{"@type":"ImageObject","inLanguage":"fr-FR","@id":"https:\/\/researchnb.ca\/#\/schema\/logo\/image\/","url":"https:\/\/researchnb.ca\/wp-content\/uploads\/2024\/11\/Group-2.svg","contentUrl":"https:\/\/researchnb.ca\/wp-content\/uploads\/2024\/11\/Group-2.svg","width":127,"height":89,"caption":"Research NB"},"image":{"@id":"https:\/\/researchnb.ca\/#\/schema\/logo\/image\/"},"sameAs":["https:\/\/www.facebook.com\/ResearchNB"]}]}},"_links":{"self":[{"href":"https:\/\/researchnb.ca\/fr\/wp-json\/wp\/v2\/pages\/2227","targetHints":{"allow":["GET"]}}],"collection":[{"href":"https:\/\/researchnb.ca\/fr\/wp-json\/wp\/v2\/pages"}],"about":[{"href":"https:\/\/researchnb.ca\/fr\/wp-json\/wp\/v2\/types\/page"}],"author":[{"embeddable":true,"href":"https:\/\/researchnb.ca\/fr\/wp-json\/wp\/v2\/users\/1"}],"replies":[{"embeddable":true,"href":"https:\/\/researchnb.ca\/fr\/wp-json\/wp\/v2\/comments?post=2227"}],"version-history":[{"count":9,"href":"https:\/\/researchnb.ca\/fr\/wp-json\/wp\/v2\/pages\/2227\/revisions"}],"predecessor-version":[{"id":3035,"href":"https:\/\/researchnb.ca\/fr\/wp-json\/wp\/v2\/pages\/2227\/revisions\/3035"}],"wp:featuredmedia":[{"embeddable":true,"href":"https:\/\/researchnb.ca\/fr\/wp-json\/wp\/v2\/media\/2079"}],"wp:attachment":[{"href":"https:\/\/researchnb.ca\/fr\/wp-json\/wp\/v2\/media?parent=2227"}],"curies":[{"name":"wp","href":"https:\/\/api.w.org\/{rel}","templated":true}]}}