{"id":2231,"date":"2024-12-20T07:00:31","date_gmt":"2024-12-20T07:00:31","guid":{"rendered":"https:\/\/researchnb.ca\/about\/work-with-us\/"},"modified":"2025-03-06T01:21:24","modified_gmt":"2025-03-06T01:21:24","slug":"work-with-us","status":"publish","type":"page","link":"https:\/\/researchnb.ca\/fr\/a-propos\/work-with-us\/","title":{"rendered":"Travailler avec nous"},"content":{"rendered":"\n\n\t <div class=\"breadcrumb-container theme1\">\n           <ol>\n                            <\/ol>\n\n                    <\/div>    <script type=\"application\/ld+json\">\n        {\n            \"@context\": \"http:\/\/schema.org\",\n            \"@type\": \"BreadcrumbList\",\n            \"itemListElement\": [\n                            ]\n        }\n    <\/script>\n   \n    <script>\n            <\/script>\n<nav aria-label=\"breadcrumbs\">\n            <div class=\"breadcrumb-container theme1\">\n                <ol>\n                                    <\/ol>\n            <\/div>\n        <\/nav>    <script type=\"application\/ld+json\">\n        {\n            \"@context\": \"http:\/\/schema.org\",\n            \"@type\": \"BreadcrumbList\",\n            \"itemListElement\": [\n                            ]\n        }\n    <\/script>\n   \n    <script>\n            <\/script>\n\n<h2>\n\t\tTravailler avec nous\n\t<\/h2>\n\n<h2>\n\t\tCARRI\u00c8RES\n\t<\/h2>\n<h2>\n\t\tPostes disponibles\n\t<\/h2>\n<h2>\n\t\tR\u00c9SUM\u00c9S\n\t<\/h2>\n<h2>\n\t\tVous ne trouvez pas votre position ?                                                                 Envoyez-nous votre CV !\n\t<\/h2>\n\n","protected":false},"excerpt":{"rendered":"<p>Travailler avec nous CARRI\u00c8RES Postes disponibles R\u00c9SUM\u00c9S Vous ne trouvez pas votre position ? Envoyez-nous votre CV !<\/p>\n","protected":false},"author":1,"featured_media":2079,"parent":2227,"menu_order":20,"comment_status":"closed","ping_status":"closed","template":"","meta":{"_acf_changed":false,"footnotes":""},"class_list":["post-2231","page","type-page","status-publish","has-post-thumbnail","hentry"],"acf":[],"yoast_head":"<!-- This site is optimized with the Yoast SEO plugin v27.3 - https:\/\/yoast.com\/product\/yoast-seo-wordpress\/ -->\n<title>Travailler avec nous - ResearchNB<\/title>\n<meta name=\"robots\" content=\"index, follow, max-snippet:-1, max-image-preview:large, max-video-preview:-1\" \/>\n<link rel=\"canonical\" href=\"https:\/\/researchnb.ca\/fr\/a-propos\/work-with-us\/\" \/>\n<meta property=\"og:locale\" content=\"fr_FR\" \/>\n<meta property=\"og:type\" content=\"article\" \/>\n<meta property=\"og:title\" content=\"Travailler avec nous - ResearchNB\" \/>\n<meta property=\"og:description\" content=\"Travailler avec nous CARRI\u00c8RES Postes disponibles R\u00c9SUM\u00c9S Vous ne trouvez pas votre position ? Envoyez-nous votre CV !\" \/>\n<meta property=\"og:url\" content=\"https:\/\/researchnb.ca\/fr\/a-propos\/work-with-us\/\" \/>\n<meta property=\"og:site_name\" content=\"ResearchNB\" \/>\n<meta property=\"article:publisher\" content=\"https:\/\/www.facebook.com\/ResearchNB\" \/>\n<meta property=\"article:modified_time\" content=\"2025-03-06T01:21:24+00:00\" \/>\n<meta property=\"og:image\" content=\"https:\/\/researchnb.ca\/wp-content\/uploads\/2025\/02\/Group-305.png\" \/>\n\t<meta property=\"og:image:width\" content=\"1062\" \/>\n\t<meta property=\"og:image:height\" content=\"1348\" \/>\n\t<meta property=\"og:image:type\" content=\"image\/png\" \/>\n<meta name=\"twitter:card\" content=\"summary_large_image\" \/>\n<script type=\"application\/ld+json\" class=\"yoast-schema-graph\">{\"@context\":\"https:\\\/\\\/schema.org\",\"@graph\":[{\"@type\":\"WebPage\",\"@id\":\"https:\\\/\\\/researchnb.ca\\\/fr\\\/a-propos\\\/work-with-us\\\/\",\"url\":\"https:\\\/\\\/researchnb.ca\\\/fr\\\/a-propos\\\/work-with-us\\\/\",\"name\":\"Travailler avec nous - ResearchNB\",\"isPartOf\":{\"@id\":\"https:\\\/\\\/researchnb.ca\\\/#website\"},\"primaryImageOfPage\":{\"@id\":\"https:\\\/\\\/researchnb.ca\\\/fr\\\/a-propos\\\/work-with-us\\\/#primaryimage\"},\"image\":{\"@id\":\"https:\\\/\\\/researchnb.ca\\\/fr\\\/a-propos\\\/work-with-us\\\/#primaryimage\"},\"thumbnailUrl\":\"https:\\\/\\\/researchnb.ca\\\/wp-content\\\/uploads\\\/2025\\\/02\\\/Group-305.png\",\"datePublished\":\"2024-12-20T07:00:31+00:00\",\"dateModified\":\"2025-03-06T01:21:24+00:00\",\"breadcrumb\":{\"@id\":\"https:\\\/\\\/researchnb.ca\\\/fr\\\/a-propos\\\/work-with-us\\\/#breadcrumb\"},\"inLanguage\":\"fr-FR\",\"potentialAction\":[{\"@type\":\"ReadAction\",\"target\":[\"https:\\\/\\\/researchnb.ca\\\/fr\\\/a-propos\\\/work-with-us\\\/\"]}]},{\"@type\":\"ImageObject\",\"inLanguage\":\"fr-FR\",\"@id\":\"https:\\\/\\\/researchnb.ca\\\/fr\\\/a-propos\\\/work-with-us\\\/#primaryimage\",\"url\":\"https:\\\/\\\/researchnb.ca\\\/wp-content\\\/uploads\\\/2025\\\/02\\\/Group-305.png\",\"contentUrl\":\"https:\\\/\\\/researchnb.ca\\\/wp-content\\\/uploads\\\/2025\\\/02\\\/Group-305.png\",\"width\":1062,\"height\":1348},{\"@type\":\"BreadcrumbList\",\"@id\":\"https:\\\/\\\/researchnb.ca\\\/fr\\\/a-propos\\\/work-with-us\\\/#breadcrumb\",\"itemListElement\":[{\"@type\":\"ListItem\",\"position\":1,\"name\":\"Home\",\"item\":\"https:\\\/\\\/researchnb.ca\\\/fr\\\/\"},{\"@type\":\"ListItem\",\"position\":2,\"name\":\"\u00c0 propos\",\"item\":\"https:\\\/\\\/researchnb.ca\\\/fr\\\/a-propos\\\/\"},{\"@type\":\"ListItem\",\"position\":3,\"name\":\"Travailler avec nous\"}]},{\"@type\":\"WebSite\",\"@id\":\"https:\\\/\\\/researchnb.ca\\\/#website\",\"url\":\"https:\\\/\\\/researchnb.ca\\\/\",\"name\":\"Research NB\",\"description\":\"Research and innovation for a thriving New Brunswick.\",\"publisher\":{\"@id\":\"https:\\\/\\\/researchnb.ca\\\/#organization\"},\"potentialAction\":[{\"@type\":\"SearchAction\",\"target\":{\"@type\":\"EntryPoint\",\"urlTemplate\":\"https:\\\/\\\/researchnb.ca\\\/?s={search_term_string}\"},\"query-input\":{\"@type\":\"PropertyValueSpecification\",\"valueRequired\":true,\"valueName\":\"search_term_string\"}}],\"inLanguage\":\"fr-FR\"},{\"@type\":\"Organization\",\"@id\":\"https:\\\/\\\/researchnb.ca\\\/#organization\",\"name\":\"Research NB\",\"url\":\"https:\\\/\\\/researchnb.ca\\\/\",\"logo\":{\"@type\":\"ImageObject\",\"inLanguage\":\"fr-FR\",\"@id\":\"https:\\\/\\\/researchnb.ca\\\/#\\\/schema\\\/logo\\\/image\\\/\",\"url\":\"https:\\\/\\\/researchnb.ca\\\/wp-content\\\/uploads\\\/2024\\\/11\\\/Group-2.svg\",\"contentUrl\":\"https:\\\/\\\/researchnb.ca\\\/wp-content\\\/uploads\\\/2024\\\/11\\\/Group-2.svg\",\"width\":127,\"height\":89,\"caption\":\"Research NB\"},\"image\":{\"@id\":\"https:\\\/\\\/researchnb.ca\\\/#\\\/schema\\\/logo\\\/image\\\/\"},\"sameAs\":[\"https:\\\/\\\/www.facebook.com\\\/ResearchNB\"]}]}<\/script>\n<!-- \/ Yoast SEO plugin. -->","yoast_head_json":{"title":"Travailler avec nous - ResearchNB","robots":{"index":"index","follow":"follow","max-snippet":"max-snippet:-1","max-image-preview":"max-image-preview:large","max-video-preview":"max-video-preview:-1"},"canonical":"https:\/\/researchnb.ca\/fr\/a-propos\/work-with-us\/","og_locale":"fr_FR","og_type":"article","og_title":"Travailler avec nous - ResearchNB","og_description":"Travailler avec nous CARRI\u00c8RES Postes disponibles R\u00c9SUM\u00c9S Vous ne trouvez pas votre position ? Envoyez-nous votre CV !","og_url":"https:\/\/researchnb.ca\/fr\/a-propos\/work-with-us\/","og_site_name":"ResearchNB","article_publisher":"https:\/\/www.facebook.com\/ResearchNB","article_modified_time":"2025-03-06T01:21:24+00:00","og_image":[{"width":1062,"height":1348,"url":"https:\/\/researchnb.ca\/wp-content\/uploads\/2025\/02\/Group-305.png","type":"image\/png"}],"twitter_card":"summary_large_image","schema":{"@context":"https:\/\/schema.org","@graph":[{"@type":"WebPage","@id":"https:\/\/researchnb.ca\/fr\/a-propos\/work-with-us\/","url":"https:\/\/researchnb.ca\/fr\/a-propos\/work-with-us\/","name":"Travailler avec nous - ResearchNB","isPartOf":{"@id":"https:\/\/researchnb.ca\/#website"},"primaryImageOfPage":{"@id":"https:\/\/researchnb.ca\/fr\/a-propos\/work-with-us\/#primaryimage"},"image":{"@id":"https:\/\/researchnb.ca\/fr\/a-propos\/work-with-us\/#primaryimage"},"thumbnailUrl":"https:\/\/researchnb.ca\/wp-content\/uploads\/2025\/02\/Group-305.png","datePublished":"2024-12-20T07:00:31+00:00","dateModified":"2025-03-06T01:21:24+00:00","breadcrumb":{"@id":"https:\/\/researchnb.ca\/fr\/a-propos\/work-with-us\/#breadcrumb"},"inLanguage":"fr-FR","potentialAction":[{"@type":"ReadAction","target":["https:\/\/researchnb.ca\/fr\/a-propos\/work-with-us\/"]}]},{"@type":"ImageObject","inLanguage":"fr-FR","@id":"https:\/\/researchnb.ca\/fr\/a-propos\/work-with-us\/#primaryimage","url":"https:\/\/researchnb.ca\/wp-content\/uploads\/2025\/02\/Group-305.png","contentUrl":"https:\/\/researchnb.ca\/wp-content\/uploads\/2025\/02\/Group-305.png","width":1062,"height":1348},{"@type":"BreadcrumbList","@id":"https:\/\/researchnb.ca\/fr\/a-propos\/work-with-us\/#breadcrumb","itemListElement":[{"@type":"ListItem","position":1,"name":"Home","item":"https:\/\/researchnb.ca\/fr\/"},{"@type":"ListItem","position":2,"name":"\u00c0 propos","item":"https:\/\/researchnb.ca\/fr\/a-propos\/"},{"@type":"ListItem","position":3,"name":"Travailler avec nous"}]},{"@type":"WebSite","@id":"https:\/\/researchnb.ca\/#website","url":"https:\/\/researchnb.ca\/","name":"Research NB","description":"Research and innovation for a thriving New Brunswick.","publisher":{"@id":"https:\/\/researchnb.ca\/#organization"},"potentialAction":[{"@type":"SearchAction","target":{"@type":"EntryPoint","urlTemplate":"https:\/\/researchnb.ca\/?s={search_term_string}"},"query-input":{"@type":"PropertyValueSpecification","valueRequired":true,"valueName":"search_term_string"}}],"inLanguage":"fr-FR"},{"@type":"Organization","@id":"https:\/\/researchnb.ca\/#organization","name":"Research NB","url":"https:\/\/researchnb.ca\/","logo":{"@type":"ImageObject","inLanguage":"fr-FR","@id":"https:\/\/researchnb.ca\/#\/schema\/logo\/image\/","url":"https:\/\/researchnb.ca\/wp-content\/uploads\/2024\/11\/Group-2.svg","contentUrl":"https:\/\/researchnb.ca\/wp-content\/uploads\/2024\/11\/Group-2.svg","width":127,"height":89,"caption":"Research NB"},"image":{"@id":"https:\/\/researchnb.ca\/#\/schema\/logo\/image\/"},"sameAs":["https:\/\/www.facebook.com\/ResearchNB"]}]}},"_links":{"self":[{"href":"https:\/\/researchnb.ca\/fr\/wp-json\/wp\/v2\/pages\/2231","targetHints":{"allow":["GET"]}}],"collection":[{"href":"https:\/\/researchnb.ca\/fr\/wp-json\/wp\/v2\/pages"}],"about":[{"href":"https:\/\/researchnb.ca\/fr\/wp-json\/wp\/v2\/types\/page"}],"author":[{"embeddable":true,"href":"https:\/\/researchnb.ca\/fr\/wp-json\/wp\/v2\/users\/1"}],"replies":[{"embeddable":true,"href":"https:\/\/researchnb.ca\/fr\/wp-json\/wp\/v2\/comments?post=2231"}],"version-history":[{"count":7,"href":"https:\/\/researchnb.ca\/fr\/wp-json\/wp\/v2\/pages\/2231\/revisions"}],"predecessor-version":[{"id":2963,"href":"https:\/\/researchnb.ca\/fr\/wp-json\/wp\/v2\/pages\/2231\/revisions\/2963"}],"up":[{"embeddable":true,"href":"https:\/\/researchnb.ca\/fr\/wp-json\/wp\/v2\/pages\/2227"}],"wp:featuredmedia":[{"embeddable":true,"href":"https:\/\/researchnb.ca\/fr\/wp-json\/wp\/v2\/media\/2079"}],"wp:attachment":[{"href":"https:\/\/researchnb.ca\/fr\/wp-json\/wp\/v2\/media?parent=2231"}],"curies":[{"name":"wp","href":"https:\/\/api.w.org\/{rel}","templated":true}]}}