{"id":2239,"date":"2024-12-18T05:38:18","date_gmt":"2024-12-18T05:38:18","guid":{"rendered":"https:\/\/researchnb.ca\/research-funding\/programs\/"},"modified":"2026-02-23T20:46:05","modified_gmt":"2026-02-23T20:46:05","slug":"programs","status":"publish","type":"page","link":"https:\/\/researchnb.ca\/fr\/research-funding\/programs\/","title":{"rendered":"Programmes de financement"},"content":{"rendered":"\n\n\t <div class=\"breadcrumb-container theme1\">\n           <ol>\n                            <\/ol>\n\n                    <\/div>    <script type=\"application\/ld+json\">\n        {\n            \"@context\": \"http:\/\/schema.org\",\n            \"@type\": \"BreadcrumbList\",\n            \"itemListElement\": [\n                            ]\n        }\n    <\/script>\n   \n    <script>\n            <\/script>\n<nav aria-label=\"breadcrumbs\">\n            <div class=\"breadcrumb-container theme1\">\n                <ol>\n                                    <\/ol>\n            <\/div>\n        <\/nav>    <script type=\"application\/ld+json\">\n        {\n            \"@context\": \"http:\/\/schema.org\",\n            \"@type\": \"BreadcrumbList\",\n            \"itemListElement\": [\n                            ]\n        }\n    <\/script>\n   \n    <script>\n            <\/script>\n\n<h2>\n\t\t\tLe financement de la recherche pour avoir un impact.\t<\/h2>\n<h2>\n\t\t\tNous finan\u00e7ons les projets de recherche dans les domaines de la sant\u00e9, de l&rsquo;\u00e9nergie, de la foresterie, de l&rsquo;agriculture et des oc\u00e9ans au Nouveau-Brunswick.\t<\/h2>\n<h4>\n\t\t\tFiltrer par cat\u00e9gorie:\t<\/h4>\n\t<fieldset>\n\t\t<legend>Program Categories-French<\/legend>\n\t\t<ul><li><input type=\"hidden\" name=\"impact_sector_2_2\" value=\"defi\"\/>D\u00e9fi<\/li><li><input type=\"hidden\" name=\"impact_sector_2_2\" value=\"idees\"\/>Id\u00e9es<\/li><li><input type=\"hidden\" name=\"impact_sector_2_2\" value=\"ouvert\"\/>Ouvert<\/li><li><input type=\"hidden\" name=\"impact_sector_2_2\" value=\"talent-fr\"\/>Talent<\/li><li><input type=\"hidden\" name=\"impact_sector_2_2\" value=\"infrastructure-fr\"\/>Infrastructure<\/li><\/ul>\t<\/fieldset>\n\t<style>:root{--wpgb-accent-scheme-1:#0069ff;--wpgb-dark-scheme-1:#262626;--wpgb-dark-scheme-2:#565656;--wpgb-dark-scheme-3:#767676;--wpgb-light-scheme-1:#ffffff;--wpgb-light-scheme-2:#f6f6f6;--wpgb-light-scheme-3:#f5f5f5;}.wpgb-facet.wpgb-style-2 [role=button].wpgb-button{padding:8px 25px;border-width:0;border-top-left-radius:30px;border-bottom-right-radius:30px;border-top-right-radius:30px;border-bottom-left-radius:30px}.wpgb-facet.wpgb-style-2 [role=button].wpgb-button[aria-pressed=false]{background:#111239;color:#fff}.wpgb-facet.wpgb-style-2 [role=button].wpgb-button,.wpgb-facet.wpgb-style-2 li .wpgb-button-label{font-weight:600;font-size:20px;line-height:30px;font-family:\"Poppins\";letter-spacing:0}@media screen and (max-width:576px){.wpgb-facet.wpgb-style-2 [role=button].wpgb-button{padding:5px 10px;font-size:14px}.wpgb-facet.wpgb-style-2 li .wpgb-button-label{padding:0;font-size:14px;line-height:20px}}<\/style><link rel=\"stylesheet\" href=\"https:\/\/fonts.googleapis.com\/css?family=Poppins%3A600\" media=\"all\"\/><style>:root{--wpgb-accent-scheme-1:#0069ff;--wpgb-dark-scheme-1:#262626;--wpgb-dark-scheme-2:#565656;--wpgb-dark-scheme-3:#767676;--wpgb-light-scheme-1:#ffffff;--wpgb-light-scheme-2:#f6f6f6;--wpgb-light-scheme-3:#f5f5f5;}.wpgb-facet.wpgb-style-2 [role=button].wpgb-button{padding:8px 25px;border-width:0;border-top-left-radius:30px;border-bottom-right-radius:30px;border-top-right-radius:30px;border-bottom-left-radius:30px}.wpgb-facet.wpgb-style-2 [role=button].wpgb-button[aria-pressed=false]{background:#111239;color:#fff}.wpgb-facet.wpgb-style-2 [role=button].wpgb-button,.wpgb-facet.wpgb-style-2 li .wpgb-button-label{font-weight:600;font-size:20px;line-height:30px;font-family:\"Poppins\";letter-spacing:0}@media screen and (max-width:576px){.wpgb-facet.wpgb-style-2 [role=button].wpgb-button{padding:5px 10px;font-size:14px}.wpgb-facet.wpgb-style-2 li .wpgb-button-label{padding:0;font-size:14px;line-height:20px}}<\/style><link rel=\"stylesheet\" href=\"https:\/\/fonts.googleapis.com\/css?family=Poppins%3A600\" media=\"all\"\/>\n","protected":false},"excerpt":{"rendered":"<p>Le financement de la recherche pour avoir un impact. Nous finan\u00e7ons les projets de recherche dans les domaines de la sant\u00e9, de l&rsquo;\u00e9nergie, de la foresterie, de l&rsquo;agriculture et des&hellip;<\/p>\n","protected":false},"author":1,"featured_media":2079,"parent":2235,"menu_order":28,"comment_status":"closed","ping_status":"closed","template":"","meta":{"_acf_changed":false,"footnotes":""},"class_list":["post-2239","page","type-page","status-publish","has-post-thumbnail","hentry"],"acf":[],"yoast_head":"<!-- This site is optimized with the Yoast SEO plugin v27.3 - https:\/\/yoast.com\/product\/yoast-seo-wordpress\/ -->\n<title>Programmes de financement - ResearchNB<\/title>\n<meta name=\"robots\" content=\"index, follow, max-snippet:-1, max-image-preview:large, max-video-preview:-1\" \/>\n<link rel=\"canonical\" href=\"https:\/\/researchnb.ca\/fr\/research-funding\/programs\/\" \/>\n<meta property=\"og:locale\" content=\"fr_FR\" \/>\n<meta property=\"og:type\" content=\"article\" \/>\n<meta property=\"og:title\" content=\"Programmes de financement - ResearchNB\" \/>\n<meta property=\"og:description\" content=\"Le financement de la recherche pour avoir un impact. Nous finan\u00e7ons les projets de recherche dans les domaines de la sant\u00e9, de l&rsquo;\u00e9nergie, de la foresterie, de l&rsquo;agriculture et des&hellip;\" \/>\n<meta property=\"og:url\" content=\"https:\/\/researchnb.ca\/fr\/research-funding\/programs\/\" \/>\n<meta property=\"og:site_name\" content=\"ResearchNB\" \/>\n<meta property=\"article:publisher\" content=\"https:\/\/www.facebook.com\/ResearchNB\" \/>\n<meta property=\"article:modified_time\" content=\"2026-02-23T20:46:05+00:00\" \/>\n<meta property=\"og:image\" content=\"https:\/\/researchnb.ca\/wp-content\/uploads\/2025\/02\/Group-305.png\" \/>\n\t<meta property=\"og:image:width\" content=\"1062\" \/>\n\t<meta property=\"og:image:height\" content=\"1348\" \/>\n\t<meta property=\"og:image:type\" content=\"image\/png\" \/>\n<meta name=\"twitter:card\" content=\"summary_large_image\" \/>\n<script type=\"application\/ld+json\" class=\"yoast-schema-graph\">{\"@context\":\"https:\\\/\\\/schema.org\",\"@graph\":[{\"@type\":\"WebPage\",\"@id\":\"https:\\\/\\\/researchnb.ca\\\/fr\\\/research-funding\\\/programs\\\/\",\"url\":\"https:\\\/\\\/researchnb.ca\\\/fr\\\/research-funding\\\/programs\\\/\",\"name\":\"Programmes de financement - ResearchNB\",\"isPartOf\":{\"@id\":\"https:\\\/\\\/researchnb.ca\\\/#website\"},\"primaryImageOfPage\":{\"@id\":\"https:\\\/\\\/researchnb.ca\\\/fr\\\/research-funding\\\/programs\\\/#primaryimage\"},\"image\":{\"@id\":\"https:\\\/\\\/researchnb.ca\\\/fr\\\/research-funding\\\/programs\\\/#primaryimage\"},\"thumbnailUrl\":\"https:\\\/\\\/researchnb.ca\\\/wp-content\\\/uploads\\\/2025\\\/02\\\/Group-305.png\",\"datePublished\":\"2024-12-18T05:38:18+00:00\",\"dateModified\":\"2026-02-23T20:46:05+00:00\",\"breadcrumb\":{\"@id\":\"https:\\\/\\\/researchnb.ca\\\/fr\\\/research-funding\\\/programs\\\/#breadcrumb\"},\"inLanguage\":\"fr-FR\",\"potentialAction\":[{\"@type\":\"ReadAction\",\"target\":[\"https:\\\/\\\/researchnb.ca\\\/fr\\\/research-funding\\\/programs\\\/\"]}]},{\"@type\":\"ImageObject\",\"inLanguage\":\"fr-FR\",\"@id\":\"https:\\\/\\\/researchnb.ca\\\/fr\\\/research-funding\\\/programs\\\/#primaryimage\",\"url\":\"https:\\\/\\\/researchnb.ca\\\/wp-content\\\/uploads\\\/2025\\\/02\\\/Group-305.png\",\"contentUrl\":\"https:\\\/\\\/researchnb.ca\\\/wp-content\\\/uploads\\\/2025\\\/02\\\/Group-305.png\",\"width\":1062,\"height\":1348},{\"@type\":\"BreadcrumbList\",\"@id\":\"https:\\\/\\\/researchnb.ca\\\/fr\\\/research-funding\\\/programs\\\/#breadcrumb\",\"itemListElement\":[{\"@type\":\"ListItem\",\"position\":1,\"name\":\"Home\",\"item\":\"https:\\\/\\\/researchnb.ca\\\/fr\\\/\"},{\"@type\":\"ListItem\",\"position\":2,\"name\":\"Financement de la recherche\",\"item\":\"https:\\\/\\\/researchnb.ca\\\/fr\\\/research-funding\\\/\"},{\"@type\":\"ListItem\",\"position\":3,\"name\":\"Programmes de financement\"}]},{\"@type\":\"WebSite\",\"@id\":\"https:\\\/\\\/researchnb.ca\\\/#website\",\"url\":\"https:\\\/\\\/researchnb.ca\\\/\",\"name\":\"Research NB\",\"description\":\"Research and innovation for a thriving New Brunswick.\",\"publisher\":{\"@id\":\"https:\\\/\\\/researchnb.ca\\\/#organization\"},\"potentialAction\":[{\"@type\":\"SearchAction\",\"target\":{\"@type\":\"EntryPoint\",\"urlTemplate\":\"https:\\\/\\\/researchnb.ca\\\/?s={search_term_string}\"},\"query-input\":{\"@type\":\"PropertyValueSpecification\",\"valueRequired\":true,\"valueName\":\"search_term_string\"}}],\"inLanguage\":\"fr-FR\"},{\"@type\":\"Organization\",\"@id\":\"https:\\\/\\\/researchnb.ca\\\/#organization\",\"name\":\"Research NB\",\"url\":\"https:\\\/\\\/researchnb.ca\\\/\",\"logo\":{\"@type\":\"ImageObject\",\"inLanguage\":\"fr-FR\",\"@id\":\"https:\\\/\\\/researchnb.ca\\\/#\\\/schema\\\/logo\\\/image\\\/\",\"url\":\"https:\\\/\\\/researchnb.ca\\\/wp-content\\\/uploads\\\/2024\\\/11\\\/Group-2.svg\",\"contentUrl\":\"https:\\\/\\\/researchnb.ca\\\/wp-content\\\/uploads\\\/2024\\\/11\\\/Group-2.svg\",\"width\":127,\"height\":89,\"caption\":\"Research NB\"},\"image\":{\"@id\":\"https:\\\/\\\/researchnb.ca\\\/#\\\/schema\\\/logo\\\/image\\\/\"},\"sameAs\":[\"https:\\\/\\\/www.facebook.com\\\/ResearchNB\"]}]}<\/script>\n<!-- \/ Yoast SEO plugin. -->","yoast_head_json":{"title":"Programmes de financement - ResearchNB","robots":{"index":"index","follow":"follow","max-snippet":"max-snippet:-1","max-image-preview":"max-image-preview:large","max-video-preview":"max-video-preview:-1"},"canonical":"https:\/\/researchnb.ca\/fr\/research-funding\/programs\/","og_locale":"fr_FR","og_type":"article","og_title":"Programmes de financement - ResearchNB","og_description":"Le financement de la recherche pour avoir un impact. Nous finan\u00e7ons les projets de recherche dans les domaines de la sant\u00e9, de l&rsquo;\u00e9nergie, de la foresterie, de l&rsquo;agriculture et des&hellip;","og_url":"https:\/\/researchnb.ca\/fr\/research-funding\/programs\/","og_site_name":"ResearchNB","article_publisher":"https:\/\/www.facebook.com\/ResearchNB","article_modified_time":"2026-02-23T20:46:05+00:00","og_image":[{"width":1062,"height":1348,"url":"https:\/\/researchnb.ca\/wp-content\/uploads\/2025\/02\/Group-305.png","type":"image\/png"}],"twitter_card":"summary_large_image","schema":{"@context":"https:\/\/schema.org","@graph":[{"@type":"WebPage","@id":"https:\/\/researchnb.ca\/fr\/research-funding\/programs\/","url":"https:\/\/researchnb.ca\/fr\/research-funding\/programs\/","name":"Programmes de financement - ResearchNB","isPartOf":{"@id":"https:\/\/researchnb.ca\/#website"},"primaryImageOfPage":{"@id":"https:\/\/researchnb.ca\/fr\/research-funding\/programs\/#primaryimage"},"image":{"@id":"https:\/\/researchnb.ca\/fr\/research-funding\/programs\/#primaryimage"},"thumbnailUrl":"https:\/\/researchnb.ca\/wp-content\/uploads\/2025\/02\/Group-305.png","datePublished":"2024-12-18T05:38:18+00:00","dateModified":"2026-02-23T20:46:05+00:00","breadcrumb":{"@id":"https:\/\/researchnb.ca\/fr\/research-funding\/programs\/#breadcrumb"},"inLanguage":"fr-FR","potentialAction":[{"@type":"ReadAction","target":["https:\/\/researchnb.ca\/fr\/research-funding\/programs\/"]}]},{"@type":"ImageObject","inLanguage":"fr-FR","@id":"https:\/\/researchnb.ca\/fr\/research-funding\/programs\/#primaryimage","url":"https:\/\/researchnb.ca\/wp-content\/uploads\/2025\/02\/Group-305.png","contentUrl":"https:\/\/researchnb.ca\/wp-content\/uploads\/2025\/02\/Group-305.png","width":1062,"height":1348},{"@type":"BreadcrumbList","@id":"https:\/\/researchnb.ca\/fr\/research-funding\/programs\/#breadcrumb","itemListElement":[{"@type":"ListItem","position":1,"name":"Home","item":"https:\/\/researchnb.ca\/fr\/"},{"@type":"ListItem","position":2,"name":"Financement de la recherche","item":"https:\/\/researchnb.ca\/fr\/research-funding\/"},{"@type":"ListItem","position":3,"name":"Programmes de financement"}]},{"@type":"WebSite","@id":"https:\/\/researchnb.ca\/#website","url":"https:\/\/researchnb.ca\/","name":"Research NB","description":"Research and innovation for a thriving New Brunswick.","publisher":{"@id":"https:\/\/researchnb.ca\/#organization"},"potentialAction":[{"@type":"SearchAction","target":{"@type":"EntryPoint","urlTemplate":"https:\/\/researchnb.ca\/?s={search_term_string}"},"query-input":{"@type":"PropertyValueSpecification","valueRequired":true,"valueName":"search_term_string"}}],"inLanguage":"fr-FR"},{"@type":"Organization","@id":"https:\/\/researchnb.ca\/#organization","name":"Research NB","url":"https:\/\/researchnb.ca\/","logo":{"@type":"ImageObject","inLanguage":"fr-FR","@id":"https:\/\/researchnb.ca\/#\/schema\/logo\/image\/","url":"https:\/\/researchnb.ca\/wp-content\/uploads\/2024\/11\/Group-2.svg","contentUrl":"https:\/\/researchnb.ca\/wp-content\/uploads\/2024\/11\/Group-2.svg","width":127,"height":89,"caption":"Research NB"},"image":{"@id":"https:\/\/researchnb.ca\/#\/schema\/logo\/image\/"},"sameAs":["https:\/\/www.facebook.com\/ResearchNB"]}]}},"_links":{"self":[{"href":"https:\/\/researchnb.ca\/fr\/wp-json\/wp\/v2\/pages\/2239","targetHints":{"allow":["GET"]}}],"collection":[{"href":"https:\/\/researchnb.ca\/fr\/wp-json\/wp\/v2\/pages"}],"about":[{"href":"https:\/\/researchnb.ca\/fr\/wp-json\/wp\/v2\/types\/page"}],"author":[{"embeddable":true,"href":"https:\/\/researchnb.ca\/fr\/wp-json\/wp\/v2\/users\/1"}],"replies":[{"embeddable":true,"href":"https:\/\/researchnb.ca\/fr\/wp-json\/wp\/v2\/comments?post=2239"}],"version-history":[{"count":12,"href":"https:\/\/researchnb.ca\/fr\/wp-json\/wp\/v2\/pages\/2239\/revisions"}],"predecessor-version":[{"id":4986,"href":"https:\/\/researchnb.ca\/fr\/wp-json\/wp\/v2\/pages\/2239\/revisions\/4986"}],"up":[{"embeddable":true,"href":"https:\/\/researchnb.ca\/fr\/wp-json\/wp\/v2\/pages\/2235"}],"wp:featuredmedia":[{"embeddable":true,"href":"https:\/\/researchnb.ca\/fr\/wp-json\/wp\/v2\/media\/2079"}],"wp:attachment":[{"href":"https:\/\/researchnb.ca\/fr\/wp-json\/wp\/v2\/media?parent=2239"}],"curies":[{"name":"wp","href":"https:\/\/api.w.org\/{rel}","templated":true}]}}