{"id":2241,"date":"2024-12-17T12:18:18","date_gmt":"2024-12-17T12:18:18","guid":{"rendered":"https:\/\/researchnb.ca\/news-events\/"},"modified":"2025-03-05T22:43:56","modified_gmt":"2025-03-05T22:43:56","slug":"news-events","status":"publish","type":"page","link":"https:\/\/researchnb.ca\/fr\/news-events\/","title":{"rendered":"Actualit\u00e9s"},"content":{"rendered":"\n<h2>\n\t\tACTUALIT\u00c9S\n\t<\/h2>\n<h2>\n\t\tRester inform\u00e9,  Rester connect\u00e9\n\t<\/h2>\n<h2>\n\t\tDerni\u00e8res nouvelles et \u00e9v\u00e9nements de RechercheNB\n\t<\/h2>\n<h2>\n\t\tNOUVELLES ET ANNONCES\n\t<\/h2>\n<h2>\n\t\tRestez au courant de la recherche provinciale.\n\t<\/h2>\n\t\t\t<a href=\"https:\/\/researchnb.ca\/news-events\/news\/?_news_category=news\" target=\"_self\">\n\t\t\t\t\t\t\tVoir tout\n\t\t\t\t\t<\/a>\n<h2>\n\t\t\u00c9V\u00c9NEMENTS\n\t<\/h2>\n<h2>\n\t\tQue se passe-t-il chez ResearchNB ?\n\t<\/h2>\n\t\t\t<a href=\"https:\/\/researchnb.ca\/news-events\/event\/\" target=\"_self\">\n\t\t\t\t\t\t\tVoir tout\n\t\t\t\t\t<\/a>\n\t\n    <div class=\"filter_wrapper\">\n        <form id=\"event-category-filter\">\n            <div id=\"sector-buttons\">\n                <h3>Filter by Sector:<\/h3>\n                <button type=\"button\" data-category=\"all\" data-sector=\"all\">All Sectors<\/button>\n                                    <button style=\"background:#dc3972\" type=\"button\" data-category=\"all\"\n                        data-sector=\"96\">\n                        Sant\u00e9                    <\/button>\n                                    <button style=\"background:#03a89f\" type=\"button\" data-category=\"all\"\n                        data-sector=\"97\">\n                        \u00c9nergie                    <\/button>\n                                    <button style=\"background:#f79560\" type=\"button\" data-category=\"all\"\n                        data-sector=\"98\">\n                        Foresterie                    <\/button>\n                                    <button style=\"background:#292d74\" type=\"button\" data-category=\"all\"\n                        data-sector=\"99\">\n                        Oc\u00e9ans                    <\/button>\n                                    <button style=\"background:#f79560\" type=\"button\" data-category=\"all\"\n                        data-sector=\"100\">\n                        Agriculture                    <\/button>\n                                    <button style=\"background:\" type=\"button\" data-category=\"all\"\n                        data-sector=\"121\">\n                        Institutions                    <\/button>\n                                    <button style=\"background:\" type=\"button\" data-category=\"all\"\n                        data-sector=\"101\">\n                        Advanced Manufacturing                    <\/button>\n                                    <button style=\"background:\" type=\"button\" data-category=\"all\"\n                        data-sector=\"102\">\n                        Artificial Intelligence                    <\/button>\n                                    <button style=\"background:\" type=\"button\" data-category=\"all\"\n                        data-sector=\"103\">\n                        Information Technology                    <\/button>\n                            <\/div>\n\n            <div id=\"category-buttons\">\n                <h3>Filter by Category:<\/h3>\n                <button type=\"button\" data-category=\"all\" data-sector=\"all\">All Events<\/button>\n                                    <button type=\"button\" data-category=\"107\" data-sector=\"all\">\n                        En personne                    <\/button>\n                            <\/div>\n\n            <div class=\"loading-spinner\"><\/div>\n        <\/form>\n\n        <div id=\"event-list\"><\/div>\n        <div class=\"load-more-wapper wpgb-facet-9\">\n            <button id=\"load-more-events\" class=\"wpgb-load-more\" data-page=\"1\" style=\"display: none;\">Load More<\/button>\n        <\/div>\n    <\/div>\n    <script>\n\n\njQuery(document).ready(function ($) {\n\n$(\"body\").on(\"click\", \".short-info span\", function () {\n    var aj_id = $(this).attr('aj_id');\n    $(\"[data-category=\" + aj_id + \"]\").trigger(\"click\");\n});\n\nfunction loadEvents(page, category, sector, append = false) {\n    $('.loading-spinner').fadeIn();\n    $.ajax({\n        url: 'https:\/\/researchnb.ca\/wp-admin\/admin-ajax.php',\n        type: 'GET',\n        data: {\n            action: 'filter_events_by_category',\n            category: category,\n            sector: sector,\n            page: page,\n            per_page:2,\n        },\n        success: function (response) {\n            if (append) {\n                $('#event-list').append(response);\n            } else {\n                $('#event-list').html(response);\n            }\n            $('.loading-spinner').fadeOut();\n            if (response.trim() !== '') {\n                $('#load-more-events').show();\n            } else {\n                $('#load-more-events').hide();\n            }\n        }\n    });\n}\n\n\/\/ Initial load\nloadEvents(1, 'all', 'all');\n\n$('#category-buttons button, #sector-buttons button').click(function () {\n    var isActive = $(this).hasClass('active');\n\n    \/\/ If double-click (already active), reset to \"all\"\n    if (isActive) {\n        $(this).removeClass('active');\n        loadEvents(1, 'all', 'all');\n    } else {\n        \/\/ Otherwise, activate this button and deactivate others\n        var selectedCategory = $(this).data('category') || 'all';\n        var selectedSector = $(this).data('sector') || 'all';\n\n        $('#category-buttons button, #sector-buttons button').removeClass('active');\n        $(this).addClass('active');\n\n        $('#load-more-events').data('page', 1);\n        loadEvents(1, selectedCategory, selectedSector);\n    }\n});\n\n$('#load-more-events').click(function () {\n    var currentPage = parseInt($(this).data('page'));\n    var nextPage = currentPage + 1;\n    var selectedCategory = $('#category-buttons .active').data('category') || 'all';\n    var selectedSector = $('#sector-buttons .active').data('sector') || 'all';\n\n    $(this).data('page', nextPage);\n    loadEvents(nextPage, selectedCategory, selectedSector, true);\n});\n});\n\n    <\/script>\n    \n\n","protected":false},"excerpt":{"rendered":"<p>ACTUALIT\u00c9S Rester inform\u00e9, Rester connect\u00e9 Derni\u00e8res nouvelles et \u00e9v\u00e9nements de RechercheNB NOUVELLES ET ANNONCES Restez au courant de la recherche provinciale. Voir tout \u00c9V\u00c9NEMENTS Que se passe-t-il chez ResearchNB ?&hellip;<\/p>\n","protected":false},"author":1,"featured_media":2079,"parent":0,"menu_order":37,"comment_status":"closed","ping_status":"closed","template":"","meta":{"_acf_changed":false,"footnotes":""},"class_list":["post-2241","page","type-page","status-publish","has-post-thumbnail","hentry"],"acf":[],"yoast_head":"<!-- This site is optimized with the Yoast SEO plugin v27.3 - https:\/\/yoast.com\/product\/yoast-seo-wordpress\/ -->\n<title>Actualit\u00e9s - ResearchNB<\/title>\n<meta name=\"robots\" content=\"index, follow, max-snippet:-1, max-image-preview:large, max-video-preview:-1\" \/>\n<link rel=\"canonical\" href=\"https:\/\/researchnb.ca\/fr\/news-events\/\" \/>\n<meta property=\"og:locale\" content=\"fr_FR\" \/>\n<meta property=\"og:type\" content=\"article\" \/>\n<meta property=\"og:title\" content=\"Actualit\u00e9s - ResearchNB\" \/>\n<meta property=\"og:description\" content=\"ACTUALIT\u00c9S Rester inform\u00e9, Rester connect\u00e9 Derni\u00e8res nouvelles et \u00e9v\u00e9nements de RechercheNB NOUVELLES ET ANNONCES Restez au courant de la recherche provinciale. Voir tout \u00c9V\u00c9NEMENTS Que se passe-t-il chez ResearchNB ?&hellip;\" \/>\n<meta property=\"og:url\" content=\"https:\/\/researchnb.ca\/fr\/news-events\/\" \/>\n<meta property=\"og:site_name\" content=\"ResearchNB\" \/>\n<meta property=\"article:publisher\" content=\"https:\/\/www.facebook.com\/ResearchNB\" \/>\n<meta property=\"article:modified_time\" content=\"2025-03-05T22:43:56+00:00\" \/>\n<meta property=\"og:image\" content=\"https:\/\/researchnb.ca\/wp-content\/uploads\/2025\/02\/Group-305.png\" \/>\n\t<meta property=\"og:image:width\" content=\"1062\" \/>\n\t<meta property=\"og:image:height\" content=\"1348\" \/>\n\t<meta property=\"og:image:type\" content=\"image\/png\" \/>\n<meta name=\"twitter:card\" content=\"summary_large_image\" \/>\n<script type=\"application\/ld+json\" class=\"yoast-schema-graph\">{\"@context\":\"https:\\\/\\\/schema.org\",\"@graph\":[{\"@type\":\"WebPage\",\"@id\":\"https:\\\/\\\/researchnb.ca\\\/fr\\\/news-events\\\/\",\"url\":\"https:\\\/\\\/researchnb.ca\\\/fr\\\/news-events\\\/\",\"name\":\"Actualit\u00e9s - ResearchNB\",\"isPartOf\":{\"@id\":\"https:\\\/\\\/researchnb.ca\\\/#website\"},\"primaryImageOfPage\":{\"@id\":\"https:\\\/\\\/researchnb.ca\\\/fr\\\/news-events\\\/#primaryimage\"},\"image\":{\"@id\":\"https:\\\/\\\/researchnb.ca\\\/fr\\\/news-events\\\/#primaryimage\"},\"thumbnailUrl\":\"https:\\\/\\\/researchnb.ca\\\/wp-content\\\/uploads\\\/2025\\\/02\\\/Group-305.png\",\"datePublished\":\"2024-12-17T12:18:18+00:00\",\"dateModified\":\"2025-03-05T22:43:56+00:00\",\"breadcrumb\":{\"@id\":\"https:\\\/\\\/researchnb.ca\\\/fr\\\/news-events\\\/#breadcrumb\"},\"inLanguage\":\"fr-FR\",\"potentialAction\":[{\"@type\":\"ReadAction\",\"target\":[\"https:\\\/\\\/researchnb.ca\\\/fr\\\/news-events\\\/\"]}]},{\"@type\":\"ImageObject\",\"inLanguage\":\"fr-FR\",\"@id\":\"https:\\\/\\\/researchnb.ca\\\/fr\\\/news-events\\\/#primaryimage\",\"url\":\"https:\\\/\\\/researchnb.ca\\\/wp-content\\\/uploads\\\/2025\\\/02\\\/Group-305.png\",\"contentUrl\":\"https:\\\/\\\/researchnb.ca\\\/wp-content\\\/uploads\\\/2025\\\/02\\\/Group-305.png\",\"width\":1062,\"height\":1348},{\"@type\":\"BreadcrumbList\",\"@id\":\"https:\\\/\\\/researchnb.ca\\\/fr\\\/news-events\\\/#breadcrumb\",\"itemListElement\":[{\"@type\":\"ListItem\",\"position\":1,\"name\":\"Home\",\"item\":\"https:\\\/\\\/researchnb.ca\\\/fr\\\/\"},{\"@type\":\"ListItem\",\"position\":2,\"name\":\"Actualit\u00e9s\"}]},{\"@type\":\"WebSite\",\"@id\":\"https:\\\/\\\/researchnb.ca\\\/#website\",\"url\":\"https:\\\/\\\/researchnb.ca\\\/\",\"name\":\"Research NB\",\"description\":\"Research and innovation for a thriving New Brunswick.\",\"publisher\":{\"@id\":\"https:\\\/\\\/researchnb.ca\\\/#organization\"},\"potentialAction\":[{\"@type\":\"SearchAction\",\"target\":{\"@type\":\"EntryPoint\",\"urlTemplate\":\"https:\\\/\\\/researchnb.ca\\\/?s={search_term_string}\"},\"query-input\":{\"@type\":\"PropertyValueSpecification\",\"valueRequired\":true,\"valueName\":\"search_term_string\"}}],\"inLanguage\":\"fr-FR\"},{\"@type\":\"Organization\",\"@id\":\"https:\\\/\\\/researchnb.ca\\\/#organization\",\"name\":\"Research NB\",\"url\":\"https:\\\/\\\/researchnb.ca\\\/\",\"logo\":{\"@type\":\"ImageObject\",\"inLanguage\":\"fr-FR\",\"@id\":\"https:\\\/\\\/researchnb.ca\\\/#\\\/schema\\\/logo\\\/image\\\/\",\"url\":\"https:\\\/\\\/researchnb.ca\\\/wp-content\\\/uploads\\\/2024\\\/11\\\/Group-2.svg\",\"contentUrl\":\"https:\\\/\\\/researchnb.ca\\\/wp-content\\\/uploads\\\/2024\\\/11\\\/Group-2.svg\",\"width\":127,\"height\":89,\"caption\":\"Research NB\"},\"image\":{\"@id\":\"https:\\\/\\\/researchnb.ca\\\/#\\\/schema\\\/logo\\\/image\\\/\"},\"sameAs\":[\"https:\\\/\\\/www.facebook.com\\\/ResearchNB\"]}]}<\/script>\n<!-- \/ Yoast SEO plugin. -->","yoast_head_json":{"title":"Actualit\u00e9s - ResearchNB","robots":{"index":"index","follow":"follow","max-snippet":"max-snippet:-1","max-image-preview":"max-image-preview:large","max-video-preview":"max-video-preview:-1"},"canonical":"https:\/\/researchnb.ca\/fr\/news-events\/","og_locale":"fr_FR","og_type":"article","og_title":"Actualit\u00e9s - ResearchNB","og_description":"ACTUALIT\u00c9S Rester inform\u00e9, Rester connect\u00e9 Derni\u00e8res nouvelles et \u00e9v\u00e9nements de RechercheNB NOUVELLES ET ANNONCES Restez au courant de la recherche provinciale. Voir tout \u00c9V\u00c9NEMENTS Que se passe-t-il chez ResearchNB ?&hellip;","og_url":"https:\/\/researchnb.ca\/fr\/news-events\/","og_site_name":"ResearchNB","article_publisher":"https:\/\/www.facebook.com\/ResearchNB","article_modified_time":"2025-03-05T22:43:56+00:00","og_image":[{"width":1062,"height":1348,"url":"https:\/\/researchnb.ca\/wp-content\/uploads\/2025\/02\/Group-305.png","type":"image\/png"}],"twitter_card":"summary_large_image","schema":{"@context":"https:\/\/schema.org","@graph":[{"@type":"WebPage","@id":"https:\/\/researchnb.ca\/fr\/news-events\/","url":"https:\/\/researchnb.ca\/fr\/news-events\/","name":"Actualit\u00e9s - ResearchNB","isPartOf":{"@id":"https:\/\/researchnb.ca\/#website"},"primaryImageOfPage":{"@id":"https:\/\/researchnb.ca\/fr\/news-events\/#primaryimage"},"image":{"@id":"https:\/\/researchnb.ca\/fr\/news-events\/#primaryimage"},"thumbnailUrl":"https:\/\/researchnb.ca\/wp-content\/uploads\/2025\/02\/Group-305.png","datePublished":"2024-12-17T12:18:18+00:00","dateModified":"2025-03-05T22:43:56+00:00","breadcrumb":{"@id":"https:\/\/researchnb.ca\/fr\/news-events\/#breadcrumb"},"inLanguage":"fr-FR","potentialAction":[{"@type":"ReadAction","target":["https:\/\/researchnb.ca\/fr\/news-events\/"]}]},{"@type":"ImageObject","inLanguage":"fr-FR","@id":"https:\/\/researchnb.ca\/fr\/news-events\/#primaryimage","url":"https:\/\/researchnb.ca\/wp-content\/uploads\/2025\/02\/Group-305.png","contentUrl":"https:\/\/researchnb.ca\/wp-content\/uploads\/2025\/02\/Group-305.png","width":1062,"height":1348},{"@type":"BreadcrumbList","@id":"https:\/\/researchnb.ca\/fr\/news-events\/#breadcrumb","itemListElement":[{"@type":"ListItem","position":1,"name":"Home","item":"https:\/\/researchnb.ca\/fr\/"},{"@type":"ListItem","position":2,"name":"Actualit\u00e9s"}]},{"@type":"WebSite","@id":"https:\/\/researchnb.ca\/#website","url":"https:\/\/researchnb.ca\/","name":"Research NB","description":"Research and innovation for a thriving New Brunswick.","publisher":{"@id":"https:\/\/researchnb.ca\/#organization"},"potentialAction":[{"@type":"SearchAction","target":{"@type":"EntryPoint","urlTemplate":"https:\/\/researchnb.ca\/?s={search_term_string}"},"query-input":{"@type":"PropertyValueSpecification","valueRequired":true,"valueName":"search_term_string"}}],"inLanguage":"fr-FR"},{"@type":"Organization","@id":"https:\/\/researchnb.ca\/#organization","name":"Research NB","url":"https:\/\/researchnb.ca\/","logo":{"@type":"ImageObject","inLanguage":"fr-FR","@id":"https:\/\/researchnb.ca\/#\/schema\/logo\/image\/","url":"https:\/\/researchnb.ca\/wp-content\/uploads\/2024\/11\/Group-2.svg","contentUrl":"https:\/\/researchnb.ca\/wp-content\/uploads\/2024\/11\/Group-2.svg","width":127,"height":89,"caption":"Research NB"},"image":{"@id":"https:\/\/researchnb.ca\/#\/schema\/logo\/image\/"},"sameAs":["https:\/\/www.facebook.com\/ResearchNB"]}]}},"_links":{"self":[{"href":"https:\/\/researchnb.ca\/fr\/wp-json\/wp\/v2\/pages\/2241","targetHints":{"allow":["GET"]}}],"collection":[{"href":"https:\/\/researchnb.ca\/fr\/wp-json\/wp\/v2\/pages"}],"about":[{"href":"https:\/\/researchnb.ca\/fr\/wp-json\/wp\/v2\/types\/page"}],"author":[{"embeddable":true,"href":"https:\/\/researchnb.ca\/fr\/wp-json\/wp\/v2\/users\/1"}],"replies":[{"embeddable":true,"href":"https:\/\/researchnb.ca\/fr\/wp-json\/wp\/v2\/comments?post=2241"}],"version-history":[{"count":2,"href":"https:\/\/researchnb.ca\/fr\/wp-json\/wp\/v2\/pages\/2241\/revisions"}],"predecessor-version":[{"id":2909,"href":"https:\/\/researchnb.ca\/fr\/wp-json\/wp\/v2\/pages\/2241\/revisions\/2909"}],"wp:featuredmedia":[{"embeddable":true,"href":"https:\/\/researchnb.ca\/fr\/wp-json\/wp\/v2\/media\/2079"}],"wp:attachment":[{"href":"https:\/\/researchnb.ca\/fr\/wp-json\/wp\/v2\/media?parent=2241"}],"curies":[{"name":"wp","href":"https:\/\/api.w.org\/{rel}","templated":true}]}}