{"id":2242,"date":"2024-12-20T08:54:51","date_gmt":"2024-12-20T08:54:51","guid":{"rendered":"https:\/\/researchnb.ca\/news-events\/newsletter\/"},"modified":"2025-03-05T18:27:54","modified_gmt":"2025-03-05T18:27:54","slug":"newsletter","status":"publish","type":"page","link":"https:\/\/researchnb.ca\/fr\/news-events\/newsletter\/","title":{"rendered":"Bulletin d\u2019information"},"content":{"rendered":"\n\n\t <div class=\"breadcrumb-container theme1\">\n           <ol>\n                            <\/ol>\n\n                    <\/div>    <script type=\"application\/ld+json\">\n        {\n            \"@context\": \"http:\/\/schema.org\",\n            \"@type\": \"BreadcrumbList\",\n            \"itemListElement\": [\n                            ]\n        }\n    <\/script>\n   \n    <script>\n            <\/script>\n<nav aria-label=\"breadcrumbs\">\n            <div class=\"breadcrumb-container theme1\">\n                <ol>\n                                    <\/ol>\n            <\/div>\n        <\/nav>    <script type=\"application\/ld+json\">\n        {\n            \"@context\": \"http:\/\/schema.org\",\n            \"@type\": \"BreadcrumbList\",\n            \"itemListElement\": [\n                            ]\n        }\n    <\/script>\n   \n    <script>\n            <\/script>\n\n<h2>\n\t\tDemeurez inform\u00e9.  Demeurez inspir\u00e9.\n\t<\/h2>\n<h2>\n\t\tExplorez les mises \u00e0 jour les plus r\u00e9centes, les id\u00e9es,  et le contenu exclusif de RechercheNB.\n\t<\/h2>\n                <h3>January 2025   <\/h3>\n                <p>2025 is set to be a year of innovation, collaboration, and growth. Be sure to stay connected with us for the latest updates!<\/p>\n   <img decoding=\"async\" src=\"https:\/\/researchnb.ca\/wp-content\/uploads\/2025\/02\/94111ed7-91dd-18d6-ccaf-d23cc756c77f.jpg\" alt=\"\"\/>\n\t\t\t<a href=\"https:\/\/mailchi.mp\/researchnb.ca\/2025-january-newsletter\" target=\"_blank\">&nbsp; <\/a>\n                <h3>Janvier 2025<\/h3>\n                <p>2025 s&rsquo;annonce comme une ann\u00e9e d&rsquo;innovation, de collaboration et de croissance. Restez connect\u00e9s avec nous pour ne rien manquer des derni\u00e8res nouvelles\u202f!<\/p>\n   <img decoding=\"async\" src=\"https:\/\/researchnb.ca\/wp-content\/uploads\/2025\/02\/94111ed7-91dd-18d6-ccaf-d23cc756c77f.jpg\" alt=\"\"\/>\n\t\t\t<a href=\"https:\/\/mailchi.mp\/researchnb.ca\/janvier-25-newsletter-fr\" target=\"_blank\">&nbsp; <\/a>\n                <h3>December 2024<\/h3>\n                <p>We&rsquo;re gearing up for a transformative year as we finalize regional projects designed to advance healthcare practices and improve patient outcomes across New Brunswick. Stay tuned for more details in the coming months!<\/p>\n   <img decoding=\"async\" src=\"https:\/\/researchnb.ca\/wp-content\/uploads\/2025\/02\/7ae682b6-c395-787f-9280-0863237c5e0a.png\" alt=\"\"\/>\n\t\t\t<a href=\"https:\/\/mailchi.mp\/researchnb.ca\/holiday-24-newsletter-13894995\" target=\"_blank\">&nbsp; <\/a>\n                <h3>D\u00e9cembre 2024<\/h3>\n                <p>Nous nous pr\u00e9parons pour une ann\u00e9e transformative alors que nous finalisons des projets r\u00e9gionaux visant \u00e0 am\u00e9liorer les pratiques de soins de sant\u00e9 et les r\u00e9sultats pour les patients au Nouveau-Brunswick. Restez \u00e0 l&rsquo;\u00e9coute pour plus de d\u00e9tails dans les mois \u00e0 venir\u202f!<\/p>\n   <img decoding=\"async\" src=\"https:\/\/researchnb.ca\/wp-content\/uploads\/2025\/02\/7ae682b6-c395-787f-9280-0863237c5e0a.png\" alt=\"\"\/>\n\t\t\t<a href=\"https:\/\/mailchi.mp\/researchnb.ca\/holiday-24-newsletter-fr\" target=\"_blank\">&nbsp; <\/a>\n                <h3>November 2024<\/h3>\n                Join us for our Holiday Reception as we celebrate the season and reflect on a year of collaboration and success. All funds going to the Harbour Lights Campaign!\n\n   <img decoding=\"async\" src=\"https:\/\/researchnb.ca\/wp-content\/uploads\/2025\/02\/986a34f8-f229-5357-a405-c94bad1e92c7.png\" alt=\"\"\/>\n\t\t\t<a href=\"https:\/\/mailchi.mp\/researchnb.ca\/november-24-newsletter\" target=\"_blank\">&nbsp; <\/a>\n                <h3>Novembre 2024<\/h3>\n                <p>F\u00e9licitations \u00e0 tous nos champions pour leurs contributions exceptionnelles \u00e0 la recherche et \u00e0 l&rsquo;innovation en sant\u00e9 au Nouveau-Brunswick !<\/p>\n   <img decoding=\"async\" src=\"https:\/\/researchnb.ca\/wp-content\/uploads\/2025\/02\/986a34f8-f229-5357-a405-c94bad1e92c7.png\" alt=\"\"\/>\n\t\t\t<a href=\"https:\/\/mailchi.mp\/researchnb.ca\/november-24-newsletter-fr\" target=\"_blank\">&nbsp; <\/a>\n                <h3>October 2024<\/h3>\n                <p>We&rsquo;re just 1 Month away from New Brunswick&rsquo;s Health Research Symposium! Join us in Moncton for two days of engaging discussions, expert speakers, and groundbreaking research.<\/p>\n   <img decoding=\"async\" src=\"https:\/\/researchnb.ca\/wp-content\/uploads\/2025\/02\/72758d3e-0b8e-6cc5-d1f7-96932f0fb2de.jpg\" alt=\"\"\/>\n\t\t\t<a href=\"https:\/\/mailchi.mp\/researchnb.ca\/september-24-newsletter-13893824\" target=\"_blank\">&nbsp; <\/a>\n                <h3>Octobre 2024<\/h3>\n                <p>Nous ne sommes qu&rsquo;\u00e0 un mois du Symposium sur la recherche en sant\u00e9 du Nouveau-Brunswick! Rejoignez-nous \u00e0 Moncton pour deux jours de discussions enrichissantes, d&rsquo;intervenants experts et de recherches r\u00e9volutionnaires. <\/p>\n   <img decoding=\"async\" src=\"https:\/\/researchnb.ca\/wp-content\/uploads\/2025\/02\/72758d3e-0b8e-6cc5-d1f7-96932f0fb2de.jpg\" alt=\"\"\/>\n\t\t\t<a href=\"https:\/\/mailchi.mp\/researchnb.ca\/octobre-2024\" target=\"_blank\">&nbsp; <\/a>\n                <h3>September 2024<\/h3>\n                <p>Coming out of our most recent Board meeting, we are thrilled to announce three new Directors to our Board and welcome Pat Whalen as our incoming Board Chair.<\/p>\n   <img decoding=\"async\" src=\"https:\/\/researchnb.ca\/wp-content\/uploads\/2025\/02\/808434de-951d-b9b8-8c83-a8b138586d4e.jpg\" alt=\"\"\/>\n\t\t\t<a href=\"https:\/\/mailchi.mp\/researchnb.ca\/september-24-newsletter\" target=\"_blank\">&nbsp; <\/a>\n                <h3>Septembre 2024<\/h3>\n                <p>\u00c0 la suite de notre plus r\u00e9cente r\u00e9union du conseil d&rsquo;administration, nous sommes ravis d&rsquo;annoncer l&rsquo;ajout de trois nouveaux administrateurs \u00e0 notre conseil et d&rsquo;accueillir Pat Whalen en tant que nouveau pr\u00e9sident du conseil.<\/p>\n   <img decoding=\"async\" src=\"https:\/\/researchnb.ca\/wp-content\/uploads\/2025\/02\/808434de-951d-b9b8-8c83-a8b138586d4e.jpg\" alt=\"\"\/>\n\t\t\t<a href=\"https:\/\/mailchi.mp\/researchnb.ca\/septembre-24-newsletter-fr\" target=\"_blank\">&nbsp; <\/a>\n                <h3>August 2024<\/h3>\n                <p>We are excited to unveil the keynote speakers for the Health Research Symposium 2024, two exceptional leaders whose work is shaping the future of healthcare and advocacy.<\/p>\n   <img decoding=\"async\" src=\"https:\/\/researchnb.ca\/wp-content\/uploads\/2025\/02\/77e56d62-0387-47ea-69c9-856b712b539a.png\" alt=\"\"\/>\n\t\t\t<a href=\"https:\/\/mailchi.mp\/researchnb.ca\/august-24-newsletter\" target=\"_blank\">&nbsp; <\/a>\n                <h3>Ao\u00fbt 2024<\/h3>\n                <p>Nous sommes ravis de d\u00e9voiler les conf\u00e9renciers principaux du Symposium sur la recherche en sant\u00e9 2024, deux leaders exceptionnels dont le travail fa\u00e7onne l&rsquo;avenir des soins de sant\u00e9 et de la d\u00e9fense des droits.<\/p>\n   <img decoding=\"async\" src=\"https:\/\/researchnb.ca\/wp-content\/uploads\/2025\/02\/77e56d62-0387-47ea-69c9-856b712b539a.png\" alt=\"\"\/>\n\t\t\t<a href=\"https:\/\/mailchi.mp\/researchnb.ca\/bulletin-aout2024\" target=\"_blank\">&nbsp; <\/a>\n                <h3>July 2024<\/h3>\n                <p>We are thrilled to announce that ResearchNB is embarking on a journey to highlight the incredible stories of researchers from our province.<\/p>\n   <img decoding=\"async\" src=\"https:\/\/researchnb.ca\/wp-content\/uploads\/2025\/02\/de1c39b9-d66c-534a-52dd-d3ce2fbfccfb.png\" alt=\"\"\/>\n\t\t\t<a href=\"https:\/\/mailchi.mp\/researchnb.ca\/july-newsletter\" target=\"_blank\">&nbsp; <\/a>\n                <h3>Juillet 2024<\/h3>\n                <p>Nous sommes ravis d&rsquo;annoncer que RechercheNB entreprend un voyage pour mettre en lumi\u00e8re les histoires incroyables des chercheurs de notre province. <\/p>\n   <img decoding=\"async\" src=\"https:\/\/researchnb.ca\/wp-content\/uploads\/2025\/02\/de1c39b9-d66c-534a-52dd-d3ce2fbfccfb.png\" alt=\"\"\/>\n\t\t\t<a href=\"https:\/\/mailchi.mp\/researchnb.ca\/juillet-bulletin\" target=\"_blank\">&nbsp; <\/a>\n                <h3>May 2024<\/h3>\n                <p>New Brunswick elected officials had the exclusive opportunity to engage with three leading researchers who are at the forefront of advancing Healthy Aging. <\/p>\n   <img decoding=\"async\" src=\"https:\/\/researchnb.ca\/wp-content\/uploads\/2025\/02\/ff4c1ef3-791d-308b-254c-ea8096e71ffa-scaled.jpg\" alt=\"\"\/>\n\t\t\t<a href=\"https:\/\/mailchi.mp\/researchnb.ca\/may-newsletter\" target=\"_blank\">&nbsp; <\/a>\n                <h3>Mai 2024<\/h3>\n                <p>Les \u00e9lus du Nouveau-Brunswick ont eu l&rsquo;opportunit\u00e9 exclusive d&rsquo;engager avec trois chercheurs de premier plan qui sont \u00e0 l&rsquo;avant-garde de l&rsquo;avancement du vieillissement en sant\u00e9. <\/p>\n   <img decoding=\"async\" src=\"https:\/\/researchnb.ca\/wp-content\/uploads\/2025\/02\/ff4c1ef3-791d-308b-254c-ea8096e71ffa-scaled.jpg\" alt=\"\"\/>\n\t\t\t<a href=\"https:\/\/mailchi.mp\/researchnb.ca\/mai-newsletter-french\" target=\"_blank\">&nbsp; <\/a>\n<button id=\"loadMore\">Load More<\/button>\n<style>\n    \/* .newsletter-item {\n    display: flex\n;\n} *\/\n.loadMore {\n    text-align: right;\n    margin-bottom: 100px;\n    border-top: 1px solid #111239;\n    margin-top: 63px;\n}\nbutton#loadMore {\n    margin-top: -11px;\n    margin-bottom: 15px;\n    position: relative;\n    top: -12px;\n    padding: 6px 29px;\n    font-weight: 600;\n    color: #111239;\n    background: #fff;\n    border: 1px solid #111239;\n}\nbutton#loadMore:hover {\n    background: transparent linear-gradient(180deg, #111239 0%, #03A89F 100%) 0% 0% no-repeat padding-box;\n    color: #fff;\n    border-color: #fff;\n}\n.reports-info {\n    width: 70%;\n    padding: 0 30px 10px;\n}\n.newsletter-img {\n    width: 40%;\n}\n.newsletter-img img {\n    width: 100%;\n    height: 129px;\n    object-fit: cover;\n}\n.newsletter-item {\n    display: flex\n;\n    border: 1px solid #D1D1D1;\n    margin-bottom: 30px;\n    border-top: none;\n    border-radius: 0 0 20px 20px;\n    overflow: hidden;\n}\n.reports-info h3 {\n    margin: 0;\n    letter-spacing: -1.26px;\n    color: #111239;\n    font-size: 42px;\n    line-height: 49px;\n    margin-bottom: 5px;\n}\n    @media(max-width:800px) {\n    }\n<\/style>\n","protected":false},"excerpt":{"rendered":"<p>Demeurez inform\u00e9. Demeurez inspir\u00e9. Explorez les mises \u00e0 jour les plus r\u00e9centes, les id\u00e9es, et le contenu exclusif de RechercheNB. January 2025 2025 is set to be a year of&hellip;<\/p>\n","protected":false},"author":1,"featured_media":1950,"parent":2241,"menu_order":39,"comment_status":"closed","ping_status":"closed","template":"","meta":{"_acf_changed":false,"footnotes":""},"class_list":["post-2242","page","type-page","status-publish","has-post-thumbnail","hentry"],"acf":[],"yoast_head":"<!-- This site is optimized with the Yoast SEO plugin v27.3 - https:\/\/yoast.com\/product\/yoast-seo-wordpress\/ -->\n<title>Bulletin d\u2019information - ResearchNB<\/title>\n<meta name=\"robots\" content=\"index, follow, max-snippet:-1, max-image-preview:large, max-video-preview:-1\" \/>\n<link rel=\"canonical\" href=\"https:\/\/researchnb.ca\/fr\/news-events\/newsletter\/\" \/>\n<meta property=\"og:locale\" content=\"fr_FR\" \/>\n<meta property=\"og:type\" content=\"article\" \/>\n<meta property=\"og:title\" content=\"Bulletin d\u2019information - ResearchNB\" \/>\n<meta property=\"og:description\" content=\"Demeurez inform\u00e9. Demeurez inspir\u00e9. Explorez les mises \u00e0 jour les plus r\u00e9centes, les id\u00e9es, et le contenu exclusif de RechercheNB. January 2025 2025 is set to be a year of&hellip;\" \/>\n<meta property=\"og:url\" content=\"https:\/\/researchnb.ca\/fr\/news-events\/newsletter\/\" \/>\n<meta property=\"og:site_name\" content=\"ResearchNB\" \/>\n<meta property=\"article:publisher\" content=\"https:\/\/www.facebook.com\/ResearchNB\" \/>\n<meta property=\"article:modified_time\" content=\"2025-03-05T18:27:54+00:00\" \/>\n<meta property=\"og:image\" content=\"https:\/\/researchnb.ca\/wp-content\/uploads\/2024\/12\/botanical-beach-on-the-west-coast-of-pacific-ocean-2023-11-27-04-52-06-utc.png\" \/>\n\t<meta property=\"og:image:width\" content=\"1440\" \/>\n\t<meta property=\"og:image:height\" content=\"603\" \/>\n\t<meta property=\"og:image:type\" content=\"image\/png\" \/>\n<meta name=\"twitter:card\" content=\"summary_large_image\" \/>\n<meta name=\"twitter:label1\" content=\"Dur\u00e9e de lecture estim\u00e9e\" \/>\n\t<meta name=\"twitter:data1\" content=\"3 minutes\" \/>\n<script type=\"application\/ld+json\" class=\"yoast-schema-graph\">{\"@context\":\"https:\\\/\\\/schema.org\",\"@graph\":[{\"@type\":\"WebPage\",\"@id\":\"https:\\\/\\\/researchnb.ca\\\/fr\\\/news-events\\\/newsletter\\\/\",\"url\":\"https:\\\/\\\/researchnb.ca\\\/fr\\\/news-events\\\/newsletter\\\/\",\"name\":\"Bulletin d\u2019information - ResearchNB\",\"isPartOf\":{\"@id\":\"https:\\\/\\\/researchnb.ca\\\/#website\"},\"primaryImageOfPage\":{\"@id\":\"https:\\\/\\\/researchnb.ca\\\/fr\\\/news-events\\\/newsletter\\\/#primaryimage\"},\"image\":{\"@id\":\"https:\\\/\\\/researchnb.ca\\\/fr\\\/news-events\\\/newsletter\\\/#primaryimage\"},\"thumbnailUrl\":\"https:\\\/\\\/researchnb.ca\\\/wp-content\\\/uploads\\\/2024\\\/12\\\/botanical-beach-on-the-west-coast-of-pacific-ocean-2023-11-27-04-52-06-utc.png\",\"datePublished\":\"2024-12-20T08:54:51+00:00\",\"dateModified\":\"2025-03-05T18:27:54+00:00\",\"breadcrumb\":{\"@id\":\"https:\\\/\\\/researchnb.ca\\\/fr\\\/news-events\\\/newsletter\\\/#breadcrumb\"},\"inLanguage\":\"fr-FR\",\"potentialAction\":[{\"@type\":\"ReadAction\",\"target\":[\"https:\\\/\\\/researchnb.ca\\\/fr\\\/news-events\\\/newsletter\\\/\"]}]},{\"@type\":\"ImageObject\",\"inLanguage\":\"fr-FR\",\"@id\":\"https:\\\/\\\/researchnb.ca\\\/fr\\\/news-events\\\/newsletter\\\/#primaryimage\",\"url\":\"https:\\\/\\\/researchnb.ca\\\/wp-content\\\/uploads\\\/2024\\\/12\\\/botanical-beach-on-the-west-coast-of-pacific-ocean-2023-11-27-04-52-06-utc.png\",\"contentUrl\":\"https:\\\/\\\/researchnb.ca\\\/wp-content\\\/uploads\\\/2024\\\/12\\\/botanical-beach-on-the-west-coast-of-pacific-ocean-2023-11-27-04-52-06-utc.png\",\"width\":1440,\"height\":603},{\"@type\":\"BreadcrumbList\",\"@id\":\"https:\\\/\\\/researchnb.ca\\\/fr\\\/news-events\\\/newsletter\\\/#breadcrumb\",\"itemListElement\":[{\"@type\":\"ListItem\",\"position\":1,\"name\":\"Home\",\"item\":\"https:\\\/\\\/researchnb.ca\\\/fr\\\/\"},{\"@type\":\"ListItem\",\"position\":2,\"name\":\"Actualit\u00e9s\",\"item\":\"https:\\\/\\\/researchnb.ca\\\/fr\\\/news-events\\\/\"},{\"@type\":\"ListItem\",\"position\":3,\"name\":\"Bulletin d\u2019information\"}]},{\"@type\":\"WebSite\",\"@id\":\"https:\\\/\\\/researchnb.ca\\\/#website\",\"url\":\"https:\\\/\\\/researchnb.ca\\\/\",\"name\":\"Research NB\",\"description\":\"Research and innovation for a thriving New Brunswick.\",\"publisher\":{\"@id\":\"https:\\\/\\\/researchnb.ca\\\/#organization\"},\"potentialAction\":[{\"@type\":\"SearchAction\",\"target\":{\"@type\":\"EntryPoint\",\"urlTemplate\":\"https:\\\/\\\/researchnb.ca\\\/?s={search_term_string}\"},\"query-input\":{\"@type\":\"PropertyValueSpecification\",\"valueRequired\":true,\"valueName\":\"search_term_string\"}}],\"inLanguage\":\"fr-FR\"},{\"@type\":\"Organization\",\"@id\":\"https:\\\/\\\/researchnb.ca\\\/#organization\",\"name\":\"Research NB\",\"url\":\"https:\\\/\\\/researchnb.ca\\\/\",\"logo\":{\"@type\":\"ImageObject\",\"inLanguage\":\"fr-FR\",\"@id\":\"https:\\\/\\\/researchnb.ca\\\/#\\\/schema\\\/logo\\\/image\\\/\",\"url\":\"https:\\\/\\\/researchnb.ca\\\/wp-content\\\/uploads\\\/2024\\\/11\\\/Group-2.svg\",\"contentUrl\":\"https:\\\/\\\/researchnb.ca\\\/wp-content\\\/uploads\\\/2024\\\/11\\\/Group-2.svg\",\"width\":127,\"height\":89,\"caption\":\"Research NB\"},\"image\":{\"@id\":\"https:\\\/\\\/researchnb.ca\\\/#\\\/schema\\\/logo\\\/image\\\/\"},\"sameAs\":[\"https:\\\/\\\/www.facebook.com\\\/ResearchNB\"]}]}<\/script>\n<!-- \/ Yoast SEO plugin. -->","yoast_head_json":{"title":"Bulletin d\u2019information - ResearchNB","robots":{"index":"index","follow":"follow","max-snippet":"max-snippet:-1","max-image-preview":"max-image-preview:large","max-video-preview":"max-video-preview:-1"},"canonical":"https:\/\/researchnb.ca\/fr\/news-events\/newsletter\/","og_locale":"fr_FR","og_type":"article","og_title":"Bulletin d\u2019information - ResearchNB","og_description":"Demeurez inform\u00e9. Demeurez inspir\u00e9. Explorez les mises \u00e0 jour les plus r\u00e9centes, les id\u00e9es, et le contenu exclusif de RechercheNB. January 2025 2025 is set to be a year of&hellip;","og_url":"https:\/\/researchnb.ca\/fr\/news-events\/newsletter\/","og_site_name":"ResearchNB","article_publisher":"https:\/\/www.facebook.com\/ResearchNB","article_modified_time":"2025-03-05T18:27:54+00:00","og_image":[{"width":1440,"height":603,"url":"https:\/\/researchnb.ca\/wp-content\/uploads\/2024\/12\/botanical-beach-on-the-west-coast-of-pacific-ocean-2023-11-27-04-52-06-utc.png","type":"image\/png"}],"twitter_card":"summary_large_image","twitter_misc":{"Dur\u00e9e de lecture estim\u00e9e":"3 minutes"},"schema":{"@context":"https:\/\/schema.org","@graph":[{"@type":"WebPage","@id":"https:\/\/researchnb.ca\/fr\/news-events\/newsletter\/","url":"https:\/\/researchnb.ca\/fr\/news-events\/newsletter\/","name":"Bulletin d\u2019information - ResearchNB","isPartOf":{"@id":"https:\/\/researchnb.ca\/#website"},"primaryImageOfPage":{"@id":"https:\/\/researchnb.ca\/fr\/news-events\/newsletter\/#primaryimage"},"image":{"@id":"https:\/\/researchnb.ca\/fr\/news-events\/newsletter\/#primaryimage"},"thumbnailUrl":"https:\/\/researchnb.ca\/wp-content\/uploads\/2024\/12\/botanical-beach-on-the-west-coast-of-pacific-ocean-2023-11-27-04-52-06-utc.png","datePublished":"2024-12-20T08:54:51+00:00","dateModified":"2025-03-05T18:27:54+00:00","breadcrumb":{"@id":"https:\/\/researchnb.ca\/fr\/news-events\/newsletter\/#breadcrumb"},"inLanguage":"fr-FR","potentialAction":[{"@type":"ReadAction","target":["https:\/\/researchnb.ca\/fr\/news-events\/newsletter\/"]}]},{"@type":"ImageObject","inLanguage":"fr-FR","@id":"https:\/\/researchnb.ca\/fr\/news-events\/newsletter\/#primaryimage","url":"https:\/\/researchnb.ca\/wp-content\/uploads\/2024\/12\/botanical-beach-on-the-west-coast-of-pacific-ocean-2023-11-27-04-52-06-utc.png","contentUrl":"https:\/\/researchnb.ca\/wp-content\/uploads\/2024\/12\/botanical-beach-on-the-west-coast-of-pacific-ocean-2023-11-27-04-52-06-utc.png","width":1440,"height":603},{"@type":"BreadcrumbList","@id":"https:\/\/researchnb.ca\/fr\/news-events\/newsletter\/#breadcrumb","itemListElement":[{"@type":"ListItem","position":1,"name":"Home","item":"https:\/\/researchnb.ca\/fr\/"},{"@type":"ListItem","position":2,"name":"Actualit\u00e9s","item":"https:\/\/researchnb.ca\/fr\/news-events\/"},{"@type":"ListItem","position":3,"name":"Bulletin d\u2019information"}]},{"@type":"WebSite","@id":"https:\/\/researchnb.ca\/#website","url":"https:\/\/researchnb.ca\/","name":"Research NB","description":"Research and innovation for a thriving New Brunswick.","publisher":{"@id":"https:\/\/researchnb.ca\/#organization"},"potentialAction":[{"@type":"SearchAction","target":{"@type":"EntryPoint","urlTemplate":"https:\/\/researchnb.ca\/?s={search_term_string}"},"query-input":{"@type":"PropertyValueSpecification","valueRequired":true,"valueName":"search_term_string"}}],"inLanguage":"fr-FR"},{"@type":"Organization","@id":"https:\/\/researchnb.ca\/#organization","name":"Research NB","url":"https:\/\/researchnb.ca\/","logo":{"@type":"ImageObject","inLanguage":"fr-FR","@id":"https:\/\/researchnb.ca\/#\/schema\/logo\/image\/","url":"https:\/\/researchnb.ca\/wp-content\/uploads\/2024\/11\/Group-2.svg","contentUrl":"https:\/\/researchnb.ca\/wp-content\/uploads\/2024\/11\/Group-2.svg","width":127,"height":89,"caption":"Research NB"},"image":{"@id":"https:\/\/researchnb.ca\/#\/schema\/logo\/image\/"},"sameAs":["https:\/\/www.facebook.com\/ResearchNB"]}]}},"_links":{"self":[{"href":"https:\/\/researchnb.ca\/fr\/wp-json\/wp\/v2\/pages\/2242","targetHints":{"allow":["GET"]}}],"collection":[{"href":"https:\/\/researchnb.ca\/fr\/wp-json\/wp\/v2\/pages"}],"about":[{"href":"https:\/\/researchnb.ca\/fr\/wp-json\/wp\/v2\/types\/page"}],"author":[{"embeddable":true,"href":"https:\/\/researchnb.ca\/fr\/wp-json\/wp\/v2\/users\/1"}],"replies":[{"embeddable":true,"href":"https:\/\/researchnb.ca\/fr\/wp-json\/wp\/v2\/comments?post=2242"}],"version-history":[{"count":2,"href":"https:\/\/researchnb.ca\/fr\/wp-json\/wp\/v2\/pages\/2242\/revisions"}],"predecessor-version":[{"id":2744,"href":"https:\/\/researchnb.ca\/fr\/wp-json\/wp\/v2\/pages\/2242\/revisions\/2744"}],"up":[{"embeddable":true,"href":"https:\/\/researchnb.ca\/fr\/wp-json\/wp\/v2\/pages\/2241"}],"wp:featuredmedia":[{"embeddable":true,"href":"https:\/\/researchnb.ca\/fr\/wp-json\/wp\/v2\/media\/1950"}],"wp:attachment":[{"href":"https:\/\/researchnb.ca\/fr\/wp-json\/wp\/v2\/media?parent=2242"}],"curies":[{"name":"wp","href":"https:\/\/api.w.org\/{rel}","templated":true}]}}