{"id":4979,"date":"2026-02-23T18:53:03","date_gmt":"2026-02-23T18:53:03","guid":{"rendered":"https:\/\/researchnb.ca\/?page_id=4979"},"modified":"2026-02-25T18:27:34","modified_gmt":"2026-02-25T18:27:34","slug":"programme-defis","status":"publish","type":"page","link":"https:\/\/researchnb.ca\/fr\/research-funding\/programme-defis\/","title":{"rendered":"Programme D\u00e9fis"},"content":{"rendered":"\r\n <div class=\"breadcrumb-container theme1\">\n           <ol>\n                            <\/ol>\n\n                    <\/div>    <script type=\"application\/ld+json\">\n        {\n            \"@context\": \"http:\/\/schema.org\",\n            \"@type\": \"BreadcrumbList\",\n            \"itemListElement\": [\n                            ]\n        }\n    <\/script>\n   \n    <script>\n            <\/script>\n<nav aria-label=\"breadcrumbs\">\n            <div class=\"breadcrumb-container theme1\">\n                <ol>\n                                    <\/ol>\n            <\/div>\n        <\/nav>    <script type=\"application\/ld+json\">\n        {\n            \"@context\": \"http:\/\/schema.org\",\n            \"@type\": \"BreadcrumbList\",\n            \"itemListElement\": [\n                            ]\n        }\n    <\/script>\n   \n    <script>\n            <\/script>\n\r\n<h2>Programme D\u00e9fi<\/h2>\r\n<h2>Ce programme visent \u00e0 soutenir les projets de recherche qui s&rsquo;alignent avec les priorit\u00e9s provinciales ou nationales en \u00e9volution, par l&rsquo;entremise de financement sp\u00e9cifique et d&rsquo;appels de propositions cibl\u00e9s. Ces projets ont le potentiel de g\u00e9n\u00e9rer un impact transformateur et de stimuler des collaborations significatives entre les secteurs, tout en propulsant les avanc\u00e9es dans des domaines prioritaires.<\/h2>\r\n<h4>Filtrer par cat\u00e9gorie:<\/h4>\r\n<p><style>:root{--wpgb-accent-scheme-1:#0069ff;--wpgb-dark-scheme-1:#262626;--wpgb-dark-scheme-2:#565656;--wpgb-dark-scheme-3:#767676;--wpgb-light-scheme-1:#ffffff;--wpgb-light-scheme-2:#f6f6f6;--wpgb-light-scheme-3:#f5f5f5;}.wpgb-facet.wpgb-style-2 [role=button].wpgb-button{padding:8px 25px;border-width:0;border-top-left-radius:30px;border-bottom-right-radius:30px;border-top-right-radius:30px;border-bottom-left-radius:30px}.wpgb-facet.wpgb-style-2 [role=button].wpgb-button[aria-pressed=false]{background:#111239;color:#fff}.wpgb-facet.wpgb-style-2 [role=button].wpgb-button,.wpgb-facet.wpgb-style-2 li .wpgb-button-label{font-weight:600;font-size:20px;line-height:30px;font-family:\"Poppins\";letter-spacing:0}@media screen and (max-width:576px){.wpgb-facet.wpgb-style-2 [role=button].wpgb-button{padding:5px 10px;font-size:14px}.wpgb-facet.wpgb-style-2 li .wpgb-button-label{padding:0;font-size:14px;line-height:20px}}<\/style><\/p>\r\n","protected":false},"excerpt":{"rendered":"<p>Programme D\u00e9fi Ce programme visent \u00e0 soutenir les projets de recherche qui s&rsquo;alignent avec les priorit\u00e9s provinciales ou nationales en \u00e9volution, par l&rsquo;entremise de financement sp\u00e9cifique et d&rsquo;appels de propositions&hellip;<\/p>\n","protected":false},"author":2,"featured_media":2079,"parent":2235,"menu_order":29,"comment_status":"closed","ping_status":"closed","template":"","meta":{"_acf_changed":false,"footnotes":""},"class_list":["post-4979","page","type-page","status-publish","has-post-thumbnail","hentry"],"acf":[],"yoast_head":"<!-- This site is optimized with the Yoast SEO plugin v27.3 - https:\/\/yoast.com\/product\/yoast-seo-wordpress\/ -->\n<title>Programme D\u00e9fis - ResearchNB<\/title>\n<meta name=\"robots\" content=\"index, follow, max-snippet:-1, max-image-preview:large, max-video-preview:-1\" \/>\n<link rel=\"canonical\" href=\"https:\/\/researchnb.ca\/fr\/research-funding\/programme-defis\/\" \/>\n<meta property=\"og:locale\" content=\"fr_FR\" \/>\n<meta property=\"og:type\" content=\"article\" \/>\n<meta property=\"og:title\" content=\"Programme D\u00e9fis - ResearchNB\" \/>\n<meta property=\"og:description\" content=\"Programme D\u00e9fi Ce programme visent \u00e0 soutenir les projets de recherche qui s&rsquo;alignent avec les priorit\u00e9s provinciales ou nationales en \u00e9volution, par l&rsquo;entremise de financement sp\u00e9cifique et d&rsquo;appels de propositions&hellip;\" \/>\n<meta property=\"og:url\" content=\"https:\/\/researchnb.ca\/fr\/research-funding\/programme-defis\/\" \/>\n<meta property=\"og:site_name\" content=\"ResearchNB\" \/>\n<meta property=\"article:publisher\" content=\"https:\/\/www.facebook.com\/ResearchNB\" \/>\n<meta property=\"article:modified_time\" content=\"2026-02-25T18:27:34+00:00\" \/>\n<meta property=\"og:image\" content=\"https:\/\/researchnb.ca\/wp-content\/uploads\/2025\/02\/Group-305.png\" \/>\n\t<meta property=\"og:image:width\" content=\"1062\" \/>\n\t<meta property=\"og:image:height\" content=\"1348\" \/>\n\t<meta property=\"og:image:type\" content=\"image\/png\" \/>\n<meta name=\"twitter:card\" content=\"summary_large_image\" \/>\n<meta name=\"twitter:label1\" content=\"Dur\u00e9e de lecture estim\u00e9e\" \/>\n\t<meta name=\"twitter:data1\" content=\"1 minute\" \/>\n<script type=\"application\/ld+json\" class=\"yoast-schema-graph\">{\"@context\":\"https:\\\/\\\/schema.org\",\"@graph\":[{\"@type\":\"WebPage\",\"@id\":\"https:\\\/\\\/researchnb.ca\\\/fr\\\/research-funding\\\/programme-defis\\\/\",\"url\":\"https:\\\/\\\/researchnb.ca\\\/fr\\\/research-funding\\\/programme-defis\\\/\",\"name\":\"Programme D\u00e9fis - ResearchNB\",\"isPartOf\":{\"@id\":\"https:\\\/\\\/researchnb.ca\\\/#website\"},\"primaryImageOfPage\":{\"@id\":\"https:\\\/\\\/researchnb.ca\\\/fr\\\/research-funding\\\/programme-defis\\\/#primaryimage\"},\"image\":{\"@id\":\"https:\\\/\\\/researchnb.ca\\\/fr\\\/research-funding\\\/programme-defis\\\/#primaryimage\"},\"thumbnailUrl\":\"https:\\\/\\\/researchnb.ca\\\/wp-content\\\/uploads\\\/2025\\\/02\\\/Group-305.png\",\"datePublished\":\"2026-02-23T18:53:03+00:00\",\"dateModified\":\"2026-02-25T18:27:34+00:00\",\"breadcrumb\":{\"@id\":\"https:\\\/\\\/researchnb.ca\\\/fr\\\/research-funding\\\/programme-defis\\\/#breadcrumb\"},\"inLanguage\":\"fr-FR\",\"potentialAction\":[{\"@type\":\"ReadAction\",\"target\":[\"https:\\\/\\\/researchnb.ca\\\/fr\\\/research-funding\\\/programme-defis\\\/\"]}]},{\"@type\":\"ImageObject\",\"inLanguage\":\"fr-FR\",\"@id\":\"https:\\\/\\\/researchnb.ca\\\/fr\\\/research-funding\\\/programme-defis\\\/#primaryimage\",\"url\":\"https:\\\/\\\/researchnb.ca\\\/wp-content\\\/uploads\\\/2025\\\/02\\\/Group-305.png\",\"contentUrl\":\"https:\\\/\\\/researchnb.ca\\\/wp-content\\\/uploads\\\/2025\\\/02\\\/Group-305.png\",\"width\":1062,\"height\":1348},{\"@type\":\"BreadcrumbList\",\"@id\":\"https:\\\/\\\/researchnb.ca\\\/fr\\\/research-funding\\\/programme-defis\\\/#breadcrumb\",\"itemListElement\":[{\"@type\":\"ListItem\",\"position\":1,\"name\":\"Home\",\"item\":\"https:\\\/\\\/researchnb.ca\\\/fr\\\/\"},{\"@type\":\"ListItem\",\"position\":2,\"name\":\"Financement de la recherche\",\"item\":\"https:\\\/\\\/researchnb.ca\\\/fr\\\/research-funding\\\/\"},{\"@type\":\"ListItem\",\"position\":3,\"name\":\"Programme D\u00e9fis\"}]},{\"@type\":\"WebSite\",\"@id\":\"https:\\\/\\\/researchnb.ca\\\/#website\",\"url\":\"https:\\\/\\\/researchnb.ca\\\/\",\"name\":\"Research NB\",\"description\":\"Research and innovation for a thriving New Brunswick.\",\"publisher\":{\"@id\":\"https:\\\/\\\/researchnb.ca\\\/#organization\"},\"potentialAction\":[{\"@type\":\"SearchAction\",\"target\":{\"@type\":\"EntryPoint\",\"urlTemplate\":\"https:\\\/\\\/researchnb.ca\\\/?s={search_term_string}\"},\"query-input\":{\"@type\":\"PropertyValueSpecification\",\"valueRequired\":true,\"valueName\":\"search_term_string\"}}],\"inLanguage\":\"fr-FR\"},{\"@type\":\"Organization\",\"@id\":\"https:\\\/\\\/researchnb.ca\\\/#organization\",\"name\":\"Research NB\",\"url\":\"https:\\\/\\\/researchnb.ca\\\/\",\"logo\":{\"@type\":\"ImageObject\",\"inLanguage\":\"fr-FR\",\"@id\":\"https:\\\/\\\/researchnb.ca\\\/#\\\/schema\\\/logo\\\/image\\\/\",\"url\":\"https:\\\/\\\/researchnb.ca\\\/wp-content\\\/uploads\\\/2024\\\/11\\\/Group-2.svg\",\"contentUrl\":\"https:\\\/\\\/researchnb.ca\\\/wp-content\\\/uploads\\\/2024\\\/11\\\/Group-2.svg\",\"width\":127,\"height\":89,\"caption\":\"Research NB\"},\"image\":{\"@id\":\"https:\\\/\\\/researchnb.ca\\\/#\\\/schema\\\/logo\\\/image\\\/\"},\"sameAs\":[\"https:\\\/\\\/www.facebook.com\\\/ResearchNB\"]}]}<\/script>\n<!-- \/ Yoast SEO plugin. -->","yoast_head_json":{"title":"Programme D\u00e9fis - ResearchNB","robots":{"index":"index","follow":"follow","max-snippet":"max-snippet:-1","max-image-preview":"max-image-preview:large","max-video-preview":"max-video-preview:-1"},"canonical":"https:\/\/researchnb.ca\/fr\/research-funding\/programme-defis\/","og_locale":"fr_FR","og_type":"article","og_title":"Programme D\u00e9fis - ResearchNB","og_description":"Programme D\u00e9fi Ce programme visent \u00e0 soutenir les projets de recherche qui s&rsquo;alignent avec les priorit\u00e9s provinciales ou nationales en \u00e9volution, par l&rsquo;entremise de financement sp\u00e9cifique et d&rsquo;appels de propositions&hellip;","og_url":"https:\/\/researchnb.ca\/fr\/research-funding\/programme-defis\/","og_site_name":"ResearchNB","article_publisher":"https:\/\/www.facebook.com\/ResearchNB","article_modified_time":"2026-02-25T18:27:34+00:00","og_image":[{"width":1062,"height":1348,"url":"https:\/\/researchnb.ca\/wp-content\/uploads\/2025\/02\/Group-305.png","type":"image\/png"}],"twitter_card":"summary_large_image","twitter_misc":{"Dur\u00e9e de lecture estim\u00e9e":"1 minute"},"schema":{"@context":"https:\/\/schema.org","@graph":[{"@type":"WebPage","@id":"https:\/\/researchnb.ca\/fr\/research-funding\/programme-defis\/","url":"https:\/\/researchnb.ca\/fr\/research-funding\/programme-defis\/","name":"Programme D\u00e9fis - ResearchNB","isPartOf":{"@id":"https:\/\/researchnb.ca\/#website"},"primaryImageOfPage":{"@id":"https:\/\/researchnb.ca\/fr\/research-funding\/programme-defis\/#primaryimage"},"image":{"@id":"https:\/\/researchnb.ca\/fr\/research-funding\/programme-defis\/#primaryimage"},"thumbnailUrl":"https:\/\/researchnb.ca\/wp-content\/uploads\/2025\/02\/Group-305.png","datePublished":"2026-02-23T18:53:03+00:00","dateModified":"2026-02-25T18:27:34+00:00","breadcrumb":{"@id":"https:\/\/researchnb.ca\/fr\/research-funding\/programme-defis\/#breadcrumb"},"inLanguage":"fr-FR","potentialAction":[{"@type":"ReadAction","target":["https:\/\/researchnb.ca\/fr\/research-funding\/programme-defis\/"]}]},{"@type":"ImageObject","inLanguage":"fr-FR","@id":"https:\/\/researchnb.ca\/fr\/research-funding\/programme-defis\/#primaryimage","url":"https:\/\/researchnb.ca\/wp-content\/uploads\/2025\/02\/Group-305.png","contentUrl":"https:\/\/researchnb.ca\/wp-content\/uploads\/2025\/02\/Group-305.png","width":1062,"height":1348},{"@type":"BreadcrumbList","@id":"https:\/\/researchnb.ca\/fr\/research-funding\/programme-defis\/#breadcrumb","itemListElement":[{"@type":"ListItem","position":1,"name":"Home","item":"https:\/\/researchnb.ca\/fr\/"},{"@type":"ListItem","position":2,"name":"Financement de la recherche","item":"https:\/\/researchnb.ca\/fr\/research-funding\/"},{"@type":"ListItem","position":3,"name":"Programme D\u00e9fis"}]},{"@type":"WebSite","@id":"https:\/\/researchnb.ca\/#website","url":"https:\/\/researchnb.ca\/","name":"Research NB","description":"Research and innovation for a thriving New Brunswick.","publisher":{"@id":"https:\/\/researchnb.ca\/#organization"},"potentialAction":[{"@type":"SearchAction","target":{"@type":"EntryPoint","urlTemplate":"https:\/\/researchnb.ca\/?s={search_term_string}"},"query-input":{"@type":"PropertyValueSpecification","valueRequired":true,"valueName":"search_term_string"}}],"inLanguage":"fr-FR"},{"@type":"Organization","@id":"https:\/\/researchnb.ca\/#organization","name":"Research NB","url":"https:\/\/researchnb.ca\/","logo":{"@type":"ImageObject","inLanguage":"fr-FR","@id":"https:\/\/researchnb.ca\/#\/schema\/logo\/image\/","url":"https:\/\/researchnb.ca\/wp-content\/uploads\/2024\/11\/Group-2.svg","contentUrl":"https:\/\/researchnb.ca\/wp-content\/uploads\/2024\/11\/Group-2.svg","width":127,"height":89,"caption":"Research NB"},"image":{"@id":"https:\/\/researchnb.ca\/#\/schema\/logo\/image\/"},"sameAs":["https:\/\/www.facebook.com\/ResearchNB"]}]}},"_links":{"self":[{"href":"https:\/\/researchnb.ca\/fr\/wp-json\/wp\/v2\/pages\/4979","targetHints":{"allow":["GET"]}}],"collection":[{"href":"https:\/\/researchnb.ca\/fr\/wp-json\/wp\/v2\/pages"}],"about":[{"href":"https:\/\/researchnb.ca\/fr\/wp-json\/wp\/v2\/types\/page"}],"author":[{"embeddable":true,"href":"https:\/\/researchnb.ca\/fr\/wp-json\/wp\/v2\/users\/2"}],"replies":[{"embeddable":true,"href":"https:\/\/researchnb.ca\/fr\/wp-json\/wp\/v2\/comments?post=4979"}],"version-history":[{"count":4,"href":"https:\/\/researchnb.ca\/fr\/wp-json\/wp\/v2\/pages\/4979\/revisions"}],"predecessor-version":[{"id":5004,"href":"https:\/\/researchnb.ca\/fr\/wp-json\/wp\/v2\/pages\/4979\/revisions\/5004"}],"up":[{"embeddable":true,"href":"https:\/\/researchnb.ca\/fr\/wp-json\/wp\/v2\/pages\/2235"}],"wp:featuredmedia":[{"embeddable":true,"href":"https:\/\/researchnb.ca\/fr\/wp-json\/wp\/v2\/media\/2079"}],"wp:attachment":[{"href":"https:\/\/researchnb.ca\/fr\/wp-json\/wp\/v2\/media?parent=4979"}],"curies":[{"name":"wp","href":"https:\/\/api.w.org\/{rel}","templated":true}]}}