{"id":5250,"date":"2026-04-13T14:15:42","date_gmt":"2026-04-13T14:15:42","guid":{"rendered":"https:\/\/researchnb.ca\/?page_id=5250"},"modified":"2026-04-16T15:06:17","modified_gmt":"2026-04-16T15:06:17","slug":"recrutement-des-evaluateurs","status":"publish","type":"page","link":"https:\/\/researchnb.ca\/fr\/research-funding\/recrutement-des-evaluateurs\/","title":{"rendered":"Recrutement des \u00e9valuateurs"},"content":{"rendered":"\n\n\t <div class=\"breadcrumb-container theme1\">\n           <ol>\n                            <\/ol>\n\n                    <\/div>    <script type=\"application\/ld+json\">\n        {\n            \"@context\": \"http:\/\/schema.org\",\n            \"@type\": \"BreadcrumbList\",\n            \"itemListElement\": [\n                            ]\n        }\n    <\/script>\n   \n    <script>\n            <\/script>\n<nav aria-label=\"breadcrumbs\">\n            <div class=\"breadcrumb-container theme1\">\n                <ol>\n                                    <\/ol>\n            <\/div>\n        <\/nav>    <script type=\"application\/ld+json\">\n        {\n            \"@context\": \"http:\/\/schema.org\",\n            \"@type\": \"BreadcrumbList\",\n            \"itemListElement\": [\n                            ]\n        }\n    <\/script>\n   \n    <script>\n            <\/script>\n\n<h1>\n\t\t\tRecrutement des \u00e9valuateurs \t<\/h1>\n\t<p>Mis \u00e0 jour en avril 2026<\/p>\n\t<p><em><strong>La recherche forte d\u00e9pend d&rsquo;une \u00e9valuation forte par les pairs.\u00a0<\/strong><\/em><\/p>\n\t<p>RechercheNB\u00a0est \u00e0 la recherche d&rsquo;\u00e9valuateurs qualifi\u00e9s d&rsquo;exp\u00e9rience de partout au Canada pour servir de pairs \u00e9valuateurs et d&rsquo;\u00e9valuateurs experts qui aideront \u00e0 l&rsquo;avancement de la recherche innovante.\u00a0En\u00a0offrant\u00a0votre expertise, vous soutiendrez le milieu de la\u00a0recherche et &#8211; dans l&rsquo;esprit de donner au suivant &#8211; vous aiderez \u00e0 vous assurer que les meilleures id\u00e9es aillent de l&rsquo;avant.\u00a0<\/p>\n<h2>\n\t\t\tAdmissibilit\u00e9 et qualifications \t<\/h2>\n\t<p>Les \u00e9valuateurs doivent compter au moins un dipl\u00f4me de maitrise et de l&rsquo;expertise dans un ou plusieurs des secteurs prioritaires, des secteurs habilitants et des piliers de financement de\u00a0RechercheNB. Un \u00e9valuateur du Nouveau-Brunswick sera accept\u00e9 uniquement s&rsquo;il\u00a0n&rsquo;est pas \u00e0 l&#8217;emploi ou affili\u00e9 \u00e0\u00a0l&rsquo;un\u00a0de nos \u00e9tablissements admissibles.\u00a0\u00a0<\/p>\n<figure itemscope itemtype=\"https:\/\/schema.org\/ImageObject\">\n\t\t\t\t<img decoding=\"async\" src=\"https:\/\/researchnb.ca\/wp-content\/uploads\/2026\/04\/Reviewer-Recruitment-chart-fr.jpg\" alt=\"Reviewer Recruitment chart - fr\" height=\"584\" width=\"1280\" title=\"Reviewer Recruitment chart - fr\" onerror=\"this.style.display='none'\" loading=\"lazy\" \/>\n\t<\/figure>\n<h2>\n\t\t\tOrientation et processus de formation \t<\/h2>\n\t<p>Avant d&rsquo;entreprendre des \u00e9valuations, les \u00e9valuateurs doivent signer une entente de confidentialit\u00e9 et un code de conduite.\u00a0Nous encourageons aussi les \u00e9valuateurs \u00e0 compl\u00e9ter les modules de formation des trois conseils et le mat\u00e9riel de formation de\u00a0RechercheNB.\u00a0<\/p>\n<h2>\n\t\t\tInformation sur l&rsquo;allocation \t<\/h2>\n\t<p>Les \u00e9valuateurs sont rembours\u00e9s financi\u00e8rement,\u00a0le taux variant selon le volume, la longueur et la complexit\u00e9 des demandes. De plus,\u00a0RechercheNB\u00a0offre des incitatifs pour reconnaitre la contribution des \u00e9valuateurs dans l&rsquo;avancement de la recherche au Nouveau-Brunswick. Le montant de l&rsquo;incitatif est d\u00e9termin\u00e9 en fonction du nombre de demandes\u00a0\u00e9valu\u00e9es au cours d&rsquo;une ann\u00e9e.\u00a0\u00a0<\/p>\n<h2>\n\t\t\tComment pr\u00e9senter sa candidature \t<\/h2>\n\t<p>Si vous\u00a0souhaitez\u00a0servir d&rsquo;\u00e9valuateur pour\u00a0RechercheNB, veuillez envoyer un courriel au\u00a0<em><strong><a href=\"mailto:researchservices@researchnb.ca\" target=\"_blank\" rel=\"noreferrer noopener\">researchservices@researchnb.ca<\/a><\/strong><\/em>\u00a0et inclure le\u00a0<a href=\"https:\/\/researchnb.ca\/wp-content\/uploads\/2026\/04\/Formulaire-dinteret-evaluateurs-FR.pdf\"><em><strong>Formulaire d&rsquo;int\u00e9r\u00eat<\/strong><\/em><\/a>\u00a0compl\u00e9t\u00e9\u00a0ainsi\u00a0que votre CV.\u00a0<\/p>\n\t\t\t<a href=\"https:\/\/researchnb.ca\/wp-content\/uploads\/2026\/04\/Formulaire-dinteret-evaluateurs-FR.pdf\"  target=\"_blank\" rel=\"noopener\"    rel=\"noopener\">\n\t\t\t\t\t\t\tProcurez votre formulaire d&rsquo;int\u00e9r\u00eat\n\t\t\t\t\t<\/a>\n\n","protected":false},"excerpt":{"rendered":"<p>Recrutement des \u00e9valuateurs Mis \u00e0 jour en avril 2026 La recherche forte d\u00e9pend d&rsquo;une \u00e9valuation forte par les pairs.\u00a0 RechercheNB\u00a0est \u00e0 la recherche d&rsquo;\u00e9valuateurs qualifi\u00e9s d&rsquo;exp\u00e9rience de partout au Canada&hellip;<\/p>\n","protected":false},"author":2,"featured_media":2079,"parent":2235,"menu_order":4,"comment_status":"closed","ping_status":"closed","template":"","meta":{"_acf_changed":false,"footnotes":""},"class_list":["post-5250","page","type-page","status-publish","has-post-thumbnail","hentry"],"acf":[],"yoast_head":"<!-- This site is optimized with the Yoast SEO plugin v27.4 - https:\/\/yoast.com\/product\/yoast-seo-wordpress\/ -->\n<title>Recrutement des \u00e9valuateurs - ResearchNB<\/title>\n<meta name=\"robots\" content=\"index, follow, max-snippet:-1, max-image-preview:large, max-video-preview:-1\" \/>\n<link rel=\"canonical\" href=\"https:\/\/researchnb.ca\/fr\/research-funding\/recrutement-des-evaluateurs\/\" \/>\n<meta property=\"og:locale\" content=\"fr_FR\" \/>\n<meta property=\"og:type\" content=\"article\" \/>\n<meta property=\"og:title\" content=\"Recrutement des \u00e9valuateurs - ResearchNB\" \/>\n<meta property=\"og:description\" content=\"Recrutement des \u00e9valuateurs Mis \u00e0 jour en avril 2026 La recherche forte d\u00e9pend d&rsquo;une \u00e9valuation forte par les pairs.\u00a0 RechercheNB\u00a0est \u00e0 la recherche d&rsquo;\u00e9valuateurs qualifi\u00e9s d&rsquo;exp\u00e9rience de partout au Canada&hellip;\" \/>\n<meta property=\"og:url\" content=\"https:\/\/researchnb.ca\/fr\/research-funding\/recrutement-des-evaluateurs\/\" \/>\n<meta property=\"og:site_name\" content=\"ResearchNB\" \/>\n<meta property=\"article:publisher\" content=\"https:\/\/www.facebook.com\/ResearchNB\" \/>\n<meta property=\"article:modified_time\" content=\"2026-04-16T15:06:17+00:00\" \/>\n<meta property=\"og:image\" content=\"https:\/\/researchnb.ca\/wp-content\/uploads\/2025\/02\/Group-305.png\" \/>\n\t<meta property=\"og:image:width\" content=\"1062\" \/>\n\t<meta property=\"og:image:height\" content=\"1348\" \/>\n\t<meta property=\"og:image:type\" content=\"image\/png\" \/>\n<meta name=\"twitter:card\" content=\"summary_large_image\" \/>\n<meta name=\"twitter:label1\" content=\"Dur\u00e9e de lecture estim\u00e9e\" \/>\n\t<meta name=\"twitter:data1\" content=\"6 minutes\" \/>\n<script type=\"application\/ld+json\" class=\"yoast-schema-graph\">{\"@context\":\"https:\\\/\\\/schema.org\",\"@graph\":[{\"@type\":\"WebPage\",\"@id\":\"https:\\\/\\\/researchnb.ca\\\/fr\\\/research-funding\\\/recrutement-des-evaluateurs\\\/\",\"url\":\"https:\\\/\\\/researchnb.ca\\\/fr\\\/research-funding\\\/recrutement-des-evaluateurs\\\/\",\"name\":\"Recrutement des \u00e9valuateurs - ResearchNB\",\"isPartOf\":{\"@id\":\"https:\\\/\\\/researchnb.ca\\\/#website\"},\"primaryImageOfPage\":{\"@id\":\"https:\\\/\\\/researchnb.ca\\\/fr\\\/research-funding\\\/recrutement-des-evaluateurs\\\/#primaryimage\"},\"image\":{\"@id\":\"https:\\\/\\\/researchnb.ca\\\/fr\\\/research-funding\\\/recrutement-des-evaluateurs\\\/#primaryimage\"},\"thumbnailUrl\":\"https:\\\/\\\/researchnb.ca\\\/wp-content\\\/uploads\\\/2025\\\/02\\\/Group-305.png\",\"datePublished\":\"2026-04-13T14:15:42+00:00\",\"dateModified\":\"2026-04-16T15:06:17+00:00\",\"breadcrumb\":{\"@id\":\"https:\\\/\\\/researchnb.ca\\\/fr\\\/research-funding\\\/recrutement-des-evaluateurs\\\/#breadcrumb\"},\"inLanguage\":\"fr-FR\",\"potentialAction\":[{\"@type\":\"ReadAction\",\"target\":[\"https:\\\/\\\/researchnb.ca\\\/fr\\\/research-funding\\\/recrutement-des-evaluateurs\\\/\"]}]},{\"@type\":\"ImageObject\",\"inLanguage\":\"fr-FR\",\"@id\":\"https:\\\/\\\/researchnb.ca\\\/fr\\\/research-funding\\\/recrutement-des-evaluateurs\\\/#primaryimage\",\"url\":\"https:\\\/\\\/researchnb.ca\\\/wp-content\\\/uploads\\\/2025\\\/02\\\/Group-305.png\",\"contentUrl\":\"https:\\\/\\\/researchnb.ca\\\/wp-content\\\/uploads\\\/2025\\\/02\\\/Group-305.png\",\"width\":1062,\"height\":1348},{\"@type\":\"BreadcrumbList\",\"@id\":\"https:\\\/\\\/researchnb.ca\\\/fr\\\/research-funding\\\/recrutement-des-evaluateurs\\\/#breadcrumb\",\"itemListElement\":[{\"@type\":\"ListItem\",\"position\":1,\"name\":\"Home\",\"item\":\"https:\\\/\\\/researchnb.ca\\\/fr\\\/\"},{\"@type\":\"ListItem\",\"position\":2,\"name\":\"Financement de la recherche\",\"item\":\"https:\\\/\\\/researchnb.ca\\\/fr\\\/research-funding\\\/\"},{\"@type\":\"ListItem\",\"position\":3,\"name\":\"Recrutement des \u00e9valuateurs\"}]},{\"@type\":\"WebSite\",\"@id\":\"https:\\\/\\\/researchnb.ca\\\/#website\",\"url\":\"https:\\\/\\\/researchnb.ca\\\/\",\"name\":\"Research NB\",\"description\":\"Research and innovation for a thriving New Brunswick.\",\"publisher\":{\"@id\":\"https:\\\/\\\/researchnb.ca\\\/#organization\"},\"potentialAction\":[{\"@type\":\"SearchAction\",\"target\":{\"@type\":\"EntryPoint\",\"urlTemplate\":\"https:\\\/\\\/researchnb.ca\\\/?s={search_term_string}\"},\"query-input\":{\"@type\":\"PropertyValueSpecification\",\"valueRequired\":true,\"valueName\":\"search_term_string\"}}],\"inLanguage\":\"fr-FR\"},{\"@type\":\"Organization\",\"@id\":\"https:\\\/\\\/researchnb.ca\\\/#organization\",\"name\":\"Research NB\",\"url\":\"https:\\\/\\\/researchnb.ca\\\/\",\"logo\":{\"@type\":\"ImageObject\",\"inLanguage\":\"fr-FR\",\"@id\":\"https:\\\/\\\/researchnb.ca\\\/#\\\/schema\\\/logo\\\/image\\\/\",\"url\":\"https:\\\/\\\/researchnb.ca\\\/wp-content\\\/uploads\\\/2024\\\/11\\\/Group-2.svg\",\"contentUrl\":\"https:\\\/\\\/researchnb.ca\\\/wp-content\\\/uploads\\\/2024\\\/11\\\/Group-2.svg\",\"width\":127,\"height\":89,\"caption\":\"Research NB\"},\"image\":{\"@id\":\"https:\\\/\\\/researchnb.ca\\\/#\\\/schema\\\/logo\\\/image\\\/\"},\"sameAs\":[\"https:\\\/\\\/www.facebook.com\\\/ResearchNB\"]}]}<\/script>\n<!-- \/ Yoast SEO plugin. -->","yoast_head_json":{"title":"Recrutement des \u00e9valuateurs - ResearchNB","robots":{"index":"index","follow":"follow","max-snippet":"max-snippet:-1","max-image-preview":"max-image-preview:large","max-video-preview":"max-video-preview:-1"},"canonical":"https:\/\/researchnb.ca\/fr\/research-funding\/recrutement-des-evaluateurs\/","og_locale":"fr_FR","og_type":"article","og_title":"Recrutement des \u00e9valuateurs - ResearchNB","og_description":"Recrutement des \u00e9valuateurs Mis \u00e0 jour en avril 2026 La recherche forte d\u00e9pend d&rsquo;une \u00e9valuation forte par les pairs.\u00a0 RechercheNB\u00a0est \u00e0 la recherche d&rsquo;\u00e9valuateurs qualifi\u00e9s d&rsquo;exp\u00e9rience de partout au Canada&hellip;","og_url":"https:\/\/researchnb.ca\/fr\/research-funding\/recrutement-des-evaluateurs\/","og_site_name":"ResearchNB","article_publisher":"https:\/\/www.facebook.com\/ResearchNB","article_modified_time":"2026-04-16T15:06:17+00:00","og_image":[{"width":1062,"height":1348,"url":"https:\/\/researchnb.ca\/wp-content\/uploads\/2025\/02\/Group-305.png","type":"image\/png"}],"twitter_card":"summary_large_image","twitter_misc":{"Dur\u00e9e de lecture estim\u00e9e":"6 minutes"},"schema":{"@context":"https:\/\/schema.org","@graph":[{"@type":"WebPage","@id":"https:\/\/researchnb.ca\/fr\/research-funding\/recrutement-des-evaluateurs\/","url":"https:\/\/researchnb.ca\/fr\/research-funding\/recrutement-des-evaluateurs\/","name":"Recrutement des \u00e9valuateurs - ResearchNB","isPartOf":{"@id":"https:\/\/researchnb.ca\/#website"},"primaryImageOfPage":{"@id":"https:\/\/researchnb.ca\/fr\/research-funding\/recrutement-des-evaluateurs\/#primaryimage"},"image":{"@id":"https:\/\/researchnb.ca\/fr\/research-funding\/recrutement-des-evaluateurs\/#primaryimage"},"thumbnailUrl":"https:\/\/researchnb.ca\/wp-content\/uploads\/2025\/02\/Group-305.png","datePublished":"2026-04-13T14:15:42+00:00","dateModified":"2026-04-16T15:06:17+00:00","breadcrumb":{"@id":"https:\/\/researchnb.ca\/fr\/research-funding\/recrutement-des-evaluateurs\/#breadcrumb"},"inLanguage":"fr-FR","potentialAction":[{"@type":"ReadAction","target":["https:\/\/researchnb.ca\/fr\/research-funding\/recrutement-des-evaluateurs\/"]}]},{"@type":"ImageObject","inLanguage":"fr-FR","@id":"https:\/\/researchnb.ca\/fr\/research-funding\/recrutement-des-evaluateurs\/#primaryimage","url":"https:\/\/researchnb.ca\/wp-content\/uploads\/2025\/02\/Group-305.png","contentUrl":"https:\/\/researchnb.ca\/wp-content\/uploads\/2025\/02\/Group-305.png","width":1062,"height":1348},{"@type":"BreadcrumbList","@id":"https:\/\/researchnb.ca\/fr\/research-funding\/recrutement-des-evaluateurs\/#breadcrumb","itemListElement":[{"@type":"ListItem","position":1,"name":"Home","item":"https:\/\/researchnb.ca\/fr\/"},{"@type":"ListItem","position":2,"name":"Financement de la recherche","item":"https:\/\/researchnb.ca\/fr\/research-funding\/"},{"@type":"ListItem","position":3,"name":"Recrutement des \u00e9valuateurs"}]},{"@type":"WebSite","@id":"https:\/\/researchnb.ca\/#website","url":"https:\/\/researchnb.ca\/","name":"Research NB","description":"Research and innovation for a thriving New Brunswick.","publisher":{"@id":"https:\/\/researchnb.ca\/#organization"},"potentialAction":[{"@type":"SearchAction","target":{"@type":"EntryPoint","urlTemplate":"https:\/\/researchnb.ca\/?s={search_term_string}"},"query-input":{"@type":"PropertyValueSpecification","valueRequired":true,"valueName":"search_term_string"}}],"inLanguage":"fr-FR"},{"@type":"Organization","@id":"https:\/\/researchnb.ca\/#organization","name":"Research NB","url":"https:\/\/researchnb.ca\/","logo":{"@type":"ImageObject","inLanguage":"fr-FR","@id":"https:\/\/researchnb.ca\/#\/schema\/logo\/image\/","url":"https:\/\/researchnb.ca\/wp-content\/uploads\/2024\/11\/Group-2.svg","contentUrl":"https:\/\/researchnb.ca\/wp-content\/uploads\/2024\/11\/Group-2.svg","width":127,"height":89,"caption":"Research NB"},"image":{"@id":"https:\/\/researchnb.ca\/#\/schema\/logo\/image\/"},"sameAs":["https:\/\/www.facebook.com\/ResearchNB"]}]}},"_links":{"self":[{"href":"https:\/\/researchnb.ca\/fr\/wp-json\/wp\/v2\/pages\/5250","targetHints":{"allow":["GET"]}}],"collection":[{"href":"https:\/\/researchnb.ca\/fr\/wp-json\/wp\/v2\/pages"}],"about":[{"href":"https:\/\/researchnb.ca\/fr\/wp-json\/wp\/v2\/types\/page"}],"author":[{"embeddable":true,"href":"https:\/\/researchnb.ca\/fr\/wp-json\/wp\/v2\/users\/2"}],"replies":[{"embeddable":true,"href":"https:\/\/researchnb.ca\/fr\/wp-json\/wp\/v2\/comments?post=5250"}],"version-history":[{"count":3,"href":"https:\/\/researchnb.ca\/fr\/wp-json\/wp\/v2\/pages\/5250\/revisions"}],"predecessor-version":[{"id":5261,"href":"https:\/\/researchnb.ca\/fr\/wp-json\/wp\/v2\/pages\/5250\/revisions\/5261"}],"up":[{"embeddable":true,"href":"https:\/\/researchnb.ca\/fr\/wp-json\/wp\/v2\/pages\/2235"}],"wp:featuredmedia":[{"embeddable":true,"href":"https:\/\/researchnb.ca\/fr\/wp-json\/wp\/v2\/media\/2079"}],"wp:attachment":[{"href":"https:\/\/researchnb.ca\/fr\/wp-json\/wp\/v2\/media?parent=5250"}],"curies":[{"name":"wp","href":"https:\/\/api.w.org\/{rel}","templated":true}]}}